{"id":1230,"date":"2020-10-03T11:00:43","date_gmt":"2020-10-03T11:00:43","guid":{"rendered":"https:\/\/elparlante.es\/educomunicacio\/?page_id=1230"},"modified":"2025-05-20T12:11:05","modified_gmt":"2025-05-20T12:11:05","slug":"formacion","status":"publish","type":"page","link":"https:\/\/elparlante.es\/educomunicacio\/es\/formacion\/","title":{"rendered":"Formaci\u00f3n"},"content":{"rendered":"","protected":true},"excerpt":{"rendered":"","protected":true},"author":1,"featured_media":0,"parent":0,"menu_order":0,"comment_status":"closed","ping_status":"closed","template":"","meta":{"_et_pb_use_builder":"on","_et_pb_old_content":"","_et_gb_content_width":"","footnotes":""},"class_list":["post-1230","page","type-page","status-publish","post-password-required","hentry"],"yoast_head":"<!-- This site is optimized with the Yoast SEO plugin v27.1.1 - https:\/\/yoast.com\/product\/yoast-seo-wordpress\/ -->\n<title>Formaci\u00f3n -<\/title>\n<meta name=\"robots\" content=\"index, follow, max-snippet:-1, max-image-preview:large, max-video-preview:-1\" \/>\n<link rel=\"canonical\" href=\"https:\/\/elparlante.es\/educomunicacio\/es\/formacion\/\" \/>\n<meta property=\"og:locale\" content=\"es_ES\" \/>\n<meta property=\"og:type\" content=\"article\" \/>\n<meta property=\"og:title\" content=\"Formaci\u00f3n -\" \/>\n<meta property=\"og:description\" content=\"No hay extracto porque es una entrada protegida.\" \/>\n<meta property=\"og:url\" content=\"https:\/\/elparlante.es\/educomunicacio\/es\/formacion\/\" \/>\n<meta property=\"og:site_name\" content=\"Educomunicaci\u00f3 Glocal\" \/>\n<meta property=\"article:modified_time\" content=\"2025-05-20T12:11:05+00:00\" \/>\n<meta name=\"twitter:card\" content=\"summary_large_image\" \/>\n<meta name=\"twitter:label1\" content=\"Tiempo de lectura\" \/>\n\t<meta name=\"twitter:data1\" content=\"17 minutos\" \/>\n<script type=\"application\/ld+json\" class=\"yoast-schema-graph\">{\"@context\":\"https:\/\/schema.org\",\"@graph\":[{\"@type\":\"WebPage\",\"@id\":\"https:\/\/elparlante.es\/educomunicacio\/es\/formacion\/\",\"url\":\"https:\/\/elparlante.es\/educomunicacio\/es\/formacion\/\",\"name\":\"Formaci\u00f3n -\",\"isPartOf\":{\"@id\":\"https:\/\/elparlante.es\/educomunicacio\/#website\"},\"datePublished\":\"2020-10-03T11:00:43+00:00\",\"dateModified\":\"2025-05-20T12:11:05+00:00\",\"breadcrumb\":{\"@id\":\"https:\/\/elparlante.es\/educomunicacio\/es\/formacion\/#breadcrumb\"},\"inLanguage\":\"es\"},{\"@type\":\"WebSite\",\"@id\":\"https:\/\/elparlante.es\/educomunicacio\/#website\",\"url\":\"https:\/\/elparlante.es\/educomunicacio\/\",\"name\":\"Educomunicaci\u00f3 Glocal\",\"description\":\"Formaci\u00f3n en EDUCOMUNICACI\u00d3N PARA LA CIUDADAN\u00cdA ACTIVA\",\"potentialAction\":[{\"@type\":\"SearchAction\",\"target\":{\"@type\":\"EntryPoint\",\"urlTemplate\":\"https:\/\/elparlante.es\/educomunicacio\/?s={search_term_string}\"},\"query-input\":{\"@type\":\"PropertyValueSpecification\",\"valueRequired\":true,\"valueName\":\"search_term_string\"}}],\"inLanguage\":\"es\"}]}<\/script>\n<!-- \/ Yoast SEO plugin. -->","yoast_head_json":{"title":"Formaci\u00f3n -","robots":{"index":"index","follow":"follow","max-snippet":"max-snippet:-1","max-image-preview":"max-image-preview:large","max-video-preview":"max-video-preview:-1"},"canonical":"https:\/\/elparlante.es\/educomunicacio\/es\/formacion\/","og_locale":"es_ES","og_type":"article","og_title":"Formaci\u00f3n -","og_description":"No hay extracto porque es una entrada protegida.","og_url":"https:\/\/elparlante.es\/educomunicacio\/es\/formacion\/","og_site_name":"Educomunicaci\u00f3 Glocal","article_modified_time":"2025-05-20T12:11:05+00:00","twitter_card":"summary_large_image","twitter_misc":{"Tiempo de lectura":"17 minutos"},"schema":{"@context":"https:\/\/schema.org","@graph":[{"@type":"WebPage","@id":"https:\/\/elparlante.es\/educomunicacio\/es\/formacion\/","url":"https:\/\/elparlante.es\/educomunicacio\/es\/formacion\/","name":"Formaci\u00f3n -","isPartOf":{"@id":"https:\/\/elparlante.es\/educomunicacio\/#website"},"datePublished":"2020-10-03T11:00:43+00:00","dateModified":"2025-05-20T12:11:05+00:00","breadcrumb":{"@id":"https:\/\/elparlante.es\/educomunicacio\/es\/formacion\/#breadcrumb"},"inLanguage":"es"},{"@type":"WebSite","@id":"https:\/\/elparlante.es\/educomunicacio\/#website","url":"https:\/\/elparlante.es\/educomunicacio\/","name":"Educomunicaci\u00f3 Glocal","description":"Formaci\u00f3n en EDUCOMUNICACI\u00d3N PARA LA CIUDADAN\u00cdA ACTIVA","potentialAction":[{"@type":"SearchAction","target":{"@type":"EntryPoint","urlTemplate":"https:\/\/elparlante.es\/educomunicacio\/?s={search_term_string}"},"query-input":{"@type":"PropertyValueSpecification","valueRequired":true,"valueName":"search_term_string"}}],"inLanguage":"es"}]}},"_links":{"self":[{"href":"https:\/\/elparlante.es\/educomunicacio\/wp-json\/wp\/v2\/pages\/1230","targetHints":{"allow":["GET"]}}],"collection":[{"href":"https:\/\/elparlante.es\/educomunicacio\/wp-json\/wp\/v2\/pages"}],"about":[{"href":"https:\/\/elparlante.es\/educomunicacio\/wp-json\/wp\/v2\/types\/page"}],"author":[{"embeddable":true,"href":"https:\/\/elparlante.es\/educomunicacio\/wp-json\/wp\/v2\/users\/1"}],"replies":[{"embeddable":true,"href":"https:\/\/elparlante.es\/educomunicacio\/wp-json\/wp\/v2\/comments?post=1230"}],"version-history":[{"count":54,"href":"https:\/\/elparlante.es\/educomunicacio\/wp-json\/wp\/v2\/pages\/1230\/revisions"}],"predecessor-version":[{"id":2751,"href":"https:\/\/elparlante.es\/educomunicacio\/wp-json\/wp\/v2\/pages\/1230\/revisions\/2751"}],"wp:attachment":[{"href":"https:\/\/elparlante.es\/educomunicacio\/wp-json\/wp\/v2\/media?parent=1230"}],"curies":[{"name":"wp","href":"https:\/\/api.w.org\/{rel}","templated":true}]}}