{"id":1412,"date":"2020-10-16T13:39:45","date_gmt":"2020-10-16T13:39:45","guid":{"rendered":"https:\/\/elparlante.es\/educomunicacio\/?page_id=1412"},"modified":"2024-07-17T10:28:56","modified_gmt":"2024-07-17T10:28:56","slug":"contacte","status":"publish","type":"page","link":"https:\/\/elparlante.es\/educomunicacio\/contacte\/","title":{"rendered":"Contacte"},"content":{"rendered":"<p>[et_pb_section fb_built=\u00bb1&#8243; next_background_color=\u00bb#ffffff\u00bb module_id=\u00bbobjetivo\u00bb _builder_version=\u00bb4.16&#8243; background_color=\u00bb#000000&#8243; background_image=\u00bbhttps:\/\/elparlante.es\/educomunicacio\/wp-content\/uploads\/2022\/09\/contact-scaled.jpg\u00bb module_alignment=\u00bbcenter\u00bb custom_margin=\u00bb||||false|false\u00bb custom_padding=\u00bb||200px||false|false\u00bb bottom_divider_style=\u00bbasymmetric\u00bb bottom_divider_flip=\u00bbhorizontal\u00bb global_colors_info=\u00bb{}\u00bb][\/et_pb_section][et_pb_section fb_built=\u00bb1&#8243; _builder_version=\u00bb4.16&#8243; global_colors_info=\u00bb{}\u00bb][et_pb_row column_structure=\u00bb1_3,2_3&#8243; _builder_version=\u00bb4.16&#8243; global_colors_info=\u00bb{}\u00bb][et_pb_column type=\u00bb1_3&#8243; _builder_version=\u00bb4.16&#8243; global_colors_info=\u00bb{}\u00bb][et_pb_text _builder_version=\u00bb4.16&#8243; header_text_align=\u00bbcenter\u00bb header_font_size=\u00bb36px\u00bb global_colors_info=\u00bb{}\u00bb]<\/p>\n<h1>CONTACTE<\/h1>\n<p>[\/et_pb_text][et_pb_text _builder_version=\u00bb4.26.1&#8243; text_line_height=\u00bb2.5em\u00bb hover_enabled=\u00bb0&#8243; global_colors_info=\u00bb{}\u00bb sticky_enabled=\u00bb0&#8243;]<\/p>\n<p><span style=\"font-weight: 400;\">Per a qualsevol consulta: comunicacion@elparlante.es<\/span><\/p>\n<p>[\/et_pb_text][\/et_pb_column][et_pb_column type=\u00bb2_3&#8243; _builder_version=\u00bb4.16&#8243; global_colors_info=\u00bb{}\u00bb][\/et_pb_column][\/et_pb_row][\/et_pb_section]<\/p>\n","protected":false},"excerpt":{"rendered":"<p>Formaci\u00f3 en educomunicaci\u00f3. Contacta amb nosaltres.<\/p>\n","protected":false},"author":1,"featured_media":0,"parent":0,"menu_order":0,"comment_status":"closed","ping_status":"closed","template":"","meta":{"_et_pb_use_builder":"on","_et_pb_old_content":"","_et_gb_content_width":"","footnotes":""},"class_list":["post-1412","page","type-page","status-publish","hentry"],"yoast_head":"<!-- This site is optimized with the Yoast SEO plugin v27.1.1 - https:\/\/yoast.com\/product\/yoast-seo-wordpress\/ -->\n<title>Contacte - elParlante - Educomunicaci\u00f3<\/title>\n<meta name=\"description\" content=\"Formaci\u00f3 en educomunicaci\u00f3. Educaci\u00f3 i comunicaci\u00f3 per a la ciutadania activa. Formaci\u00f3 online i presencial a Barcelona.\" \/>\n<meta name=\"robots\" content=\"index, follow, max-snippet:-1, max-image-preview:large, max-video-preview:-1\" \/>\n<link rel=\"canonical\" href=\"https:\/\/elparlante.es\/educomunicacio\/contacte\/\" \/>\n<meta property=\"og:locale\" content=\"es_ES\" \/>\n<meta property=\"og:type\" content=\"article\" \/>\n<meta property=\"og:title\" content=\"Contacte - elParlante - Educomunicaci\u00f3\" \/>\n<meta property=\"og:description\" content=\"Formaci\u00f3 en educomunicaci\u00f3. Educaci\u00f3 i comunicaci\u00f3 per a la ciutadania activa. Formaci\u00f3 online i presencial a Barcelona.\" \/>\n<meta property=\"og:url\" content=\"https:\/\/elparlante.es\/educomunicacio\/contacte\/\" \/>\n<meta property=\"og:site_name\" content=\"Educomunicaci\u00f3 Glocal\" \/>\n<meta property=\"article:modified_time\" content=\"2024-07-17T10:28:56+00:00\" \/>\n<meta name=\"twitter:card\" content=\"summary_large_image\" \/>\n<meta name=\"twitter:label1\" content=\"Tiempo de lectura\" \/>\n\t<meta name=\"twitter:data1\" content=\"1 minuto\" \/>\n<script type=\"application\/ld+json\" class=\"yoast-schema-graph\">{\"@context\":\"https:\/\/schema.org\",\"@graph\":[{\"@type\":\"WebPage\",\"@id\":\"https:\/\/elparlante.es\/educomunicacio\/contacte\/\",\"url\":\"https:\/\/elparlante.es\/educomunicacio\/contacte\/\",\"name\":\"Contacte - elParlante - Educomunicaci\u00f3\",\"isPartOf\":{\"@id\":\"https:\/\/elparlante.es\/educomunicacio\/#website\"},\"datePublished\":\"2020-10-16T13:39:45+00:00\",\"dateModified\":\"2024-07-17T10:28:56+00:00\",\"description\":\"Formaci\u00f3 en educomunicaci\u00f3. Educaci\u00f3 i comunicaci\u00f3 per a la ciutadania activa. Formaci\u00f3 online i presencial a Barcelona.\",\"breadcrumb\":{\"@id\":\"https:\/\/elparlante.es\/educomunicacio\/contacte\/#breadcrumb\"},\"inLanguage\":\"es\",\"potentialAction\":[{\"@type\":\"ReadAction\",\"target\":[\"https:\/\/elparlante.es\/educomunicacio\/contacte\/\"]}]},{\"@type\":\"BreadcrumbList\",\"@id\":\"https:\/\/elparlante.es\/educomunicacio\/contacte\/#breadcrumb\",\"itemListElement\":[{\"@type\":\"ListItem\",\"position\":1,\"name\":\"Portada\",\"item\":\"https:\/\/elparlante.es\/educomunicacio\/es\/inicio\/\"},{\"@type\":\"ListItem\",\"position\":2,\"name\":\"Contacte\"}]},{\"@type\":\"WebSite\",\"@id\":\"https:\/\/elparlante.es\/educomunicacio\/#website\",\"url\":\"https:\/\/elparlante.es\/educomunicacio\/\",\"name\":\"Educomunicaci\u00f3 Glocal\",\"description\":\"Formaci\u00f3n en EDUCOMUNICACI\u00d3N PARA LA CIUDADAN\u00cdA ACTIVA\",\"potentialAction\":[{\"@type\":\"SearchAction\",\"target\":{\"@type\":\"EntryPoint\",\"urlTemplate\":\"https:\/\/elparlante.es\/educomunicacio\/?s={search_term_string}\"},\"query-input\":{\"@type\":\"PropertyValueSpecification\",\"valueRequired\":true,\"valueName\":\"search_term_string\"}}],\"inLanguage\":\"es\"}]}<\/script>\n<!-- \/ Yoast SEO plugin. -->","yoast_head_json":{"title":"Contacte - elParlante - Educomunicaci\u00f3","description":"Formaci\u00f3 en educomunicaci\u00f3. Educaci\u00f3 i comunicaci\u00f3 per a la ciutadania activa. Formaci\u00f3 online i presencial a Barcelona.","robots":{"index":"index","follow":"follow","max-snippet":"max-snippet:-1","max-image-preview":"max-image-preview:large","max-video-preview":"max-video-preview:-1"},"canonical":"https:\/\/elparlante.es\/educomunicacio\/contacte\/","og_locale":"es_ES","og_type":"article","og_title":"Contacte - elParlante - Educomunicaci\u00f3","og_description":"Formaci\u00f3 en educomunicaci\u00f3. Educaci\u00f3 i comunicaci\u00f3 per a la ciutadania activa. Formaci\u00f3 online i presencial a Barcelona.","og_url":"https:\/\/elparlante.es\/educomunicacio\/contacte\/","og_site_name":"Educomunicaci\u00f3 Glocal","article_modified_time":"2024-07-17T10:28:56+00:00","twitter_card":"summary_large_image","twitter_misc":{"Tiempo de lectura":"1 minuto"},"schema":{"@context":"https:\/\/schema.org","@graph":[{"@type":"WebPage","@id":"https:\/\/elparlante.es\/educomunicacio\/contacte\/","url":"https:\/\/elparlante.es\/educomunicacio\/contacte\/","name":"Contacte - elParlante - Educomunicaci\u00f3","isPartOf":{"@id":"https:\/\/elparlante.es\/educomunicacio\/#website"},"datePublished":"2020-10-16T13:39:45+00:00","dateModified":"2024-07-17T10:28:56+00:00","description":"Formaci\u00f3 en educomunicaci\u00f3. Educaci\u00f3 i comunicaci\u00f3 per a la ciutadania activa. Formaci\u00f3 online i presencial a Barcelona.","breadcrumb":{"@id":"https:\/\/elparlante.es\/educomunicacio\/contacte\/#breadcrumb"},"inLanguage":"es","potentialAction":[{"@type":"ReadAction","target":["https:\/\/elparlante.es\/educomunicacio\/contacte\/"]}]},{"@type":"BreadcrumbList","@id":"https:\/\/elparlante.es\/educomunicacio\/contacte\/#breadcrumb","itemListElement":[{"@type":"ListItem","position":1,"name":"Portada","item":"https:\/\/elparlante.es\/educomunicacio\/es\/inicio\/"},{"@type":"ListItem","position":2,"name":"Contacte"}]},{"@type":"WebSite","@id":"https:\/\/elparlante.es\/educomunicacio\/#website","url":"https:\/\/elparlante.es\/educomunicacio\/","name":"Educomunicaci\u00f3 Glocal","description":"Formaci\u00f3n en EDUCOMUNICACI\u00d3N PARA LA CIUDADAN\u00cdA ACTIVA","potentialAction":[{"@type":"SearchAction","target":{"@type":"EntryPoint","urlTemplate":"https:\/\/elparlante.es\/educomunicacio\/?s={search_term_string}"},"query-input":{"@type":"PropertyValueSpecification","valueRequired":true,"valueName":"search_term_string"}}],"inLanguage":"es"}]}},"_links":{"self":[{"href":"https:\/\/elparlante.es\/educomunicacio\/wp-json\/wp\/v2\/pages\/1412","targetHints":{"allow":["GET"]}}],"collection":[{"href":"https:\/\/elparlante.es\/educomunicacio\/wp-json\/wp\/v2\/pages"}],"about":[{"href":"https:\/\/elparlante.es\/educomunicacio\/wp-json\/wp\/v2\/types\/page"}],"author":[{"embeddable":true,"href":"https:\/\/elparlante.es\/educomunicacio\/wp-json\/wp\/v2\/users\/1"}],"replies":[{"embeddable":true,"href":"https:\/\/elparlante.es\/educomunicacio\/wp-json\/wp\/v2\/comments?post=1412"}],"version-history":[{"count":16,"href":"https:\/\/elparlante.es\/educomunicacio\/wp-json\/wp\/v2\/pages\/1412\/revisions"}],"predecessor-version":[{"id":2659,"href":"https:\/\/elparlante.es\/educomunicacio\/wp-json\/wp\/v2\/pages\/1412\/revisions\/2659"}],"wp:attachment":[{"href":"https:\/\/elparlante.es\/educomunicacio\/wp-json\/wp\/v2\/media?parent=1412"}],"curies":[{"name":"wp","href":"https:\/\/api.w.org\/{rel}","templated":true}]}}