{"id":1441,"date":"2020-10-21T07:41:57","date_gmt":"2020-10-21T07:41:57","guid":{"rendered":"https:\/\/elparlante.es\/educomunicacio\/?page_id=1441"},"modified":"2025-07-08T15:51:17","modified_gmt":"2025-07-08T15:51:17","slug":"faq","status":"publish","type":"page","link":"https:\/\/elparlante.es\/educomunicacio\/es\/faq\/","title":{"rendered":"Preguntas frecuentes"},"content":{"rendered":"<p>[et_pb_section fb_built=\u00bb1&#8243; next_background_color=\u00bb#ffffff\u00bb module_id=\u00bbobjetivo\u00bb _builder_version=\u00bb4.16&#8243; background_color=\u00bb#000000&#8243; background_image=\u00bbhttps:\/\/elparlante.es\/educomunicacio\/wp-content\/uploads\/2020\/10\/MG_4968-25-scaled.jpg\u00bb module_alignment=\u00bbcenter\u00bb custom_margin=\u00bb||||false|false\u00bb custom_padding=\u00bb||200px||false|false\u00bb bottom_divider_style=\u00bbasymmetric\u00bb bottom_divider_flip=\u00bbhorizontal\u00bb global_colors_info=\u00bb{}\u00bb][\/et_pb_section][et_pb_section fb_built=\u00bb1&#8243; _builder_version=\u00bb4.16&#8243; min_height=\u00bb672px\u00bb custom_padding=\u00bb||1px|||\u00bb bottom_divider_style=\u00bbmountains\u00bb bottom_divider_color=\u00bb#222222&#8243; global_colors_info=\u00bb{}\u00bb][et_pb_row column_structure=\u00bb1_3,2_3&#8243; _builder_version=\u00bb4.16&#8243; custom_margin=\u00bb|auto|90px|auto||\u00bb global_colors_info=\u00bb{}\u00bb][et_pb_column type=\u00bb1_3&#8243; _builder_version=\u00bb4.16&#8243; global_colors_info=\u00bb{}\u00bb][et_pb_text _builder_version=\u00bb4.16&#8243; header_text_align=\u00bbcenter\u00bb header_font_size=\u00bb36px\u00bb width=\u00bb100%\u00bb custom_margin=\u00bb|48px||||\u00bb global_colors_info=\u00bb{}\u00bb]<\/p>\n<h1>PREGUNTAS FRECUENTES<\/h1>\n<p>[\/et_pb_text][\/et_pb_column][et_pb_column type=\u00bb2_3&#8243; _builder_version=\u00bb4.16&#8243; global_colors_info=\u00bb{}\u00bb][et_pb_text _builder_version=\u00bb4.27.4&#8243; text_font_size=\u00bb18px\u00bb text_line_height=\u00bb1.9em\u00bb custom_margin=\u00bb|||-1px||\u00bb custom_padding=\u00bb|||0px||\u00bb hover_enabled=\u00bb0&#8243; global_colors_info=\u00bb{}\u00bb sticky_enabled=\u00bb0&#8243;]<\/p>\n<p style=\"text-align: left;\"><strong>\u00bfCu\u00e1ndo y d\u00f3nde puedo acceder al espacio formativo y sus di\u00e1logos?<\/strong><\/p>\n<p style=\"text-align: left;\">Desde el 27 de setiembre hasta el 13 de diciembre de 2025, desde cualquier parte del mundo, mediante cualquier dispositivo con conexi\u00f3n a Internet.<\/p>\n<p style=\"text-align: left;\">Pero antes, tienes que <a href=\"https:\/\/docs.google.com\/forms\/d\/e\/1FAIpQLSfseGw4DjYEpDlYAFfYnGAWAi35tF19TTHxqio-l6cHCOHGAA\/viewform?usp=header\" target=\"_blank\" rel=\"noopener\">inscribirte.<\/a> Nos pondremos en contacto contigo.<\/p>\n<p style=\"text-align: left;\"><b>\u00bfC\u00f3mo pueden consumirse los di\u00e1logos?\u00a0<\/b><\/p>\n<p style=\"text-align: left;\">En el orden presentado o el que prefieras, en el momento del d\u00eda que te vaya mejor. Por medio de YouTube, Spotify o en nuestro libro.<\/p>\n<p style=\"text-align: left;\"><b>\u00bfEs necesario verlos todos?\u00a0<\/b><\/p>\n<p style=\"text-align: left;\">Es lo recomendable. Como m\u00ednimo, exigiremos el visionado de 12 de los 33 di\u00e1logos para obtener la acreditaci\u00f3n y poder hacer la asesor\u00eda m\u00e1s personalizada.<\/p>\n<p style=\"text-align: left;\"><b>\u00bfEs necesario contestar las preguntas que acompa\u00f1an los di\u00e1logos despu\u00e9s de su visualizaci\u00f3n?\u00a0<\/b><\/p>\n<p style=\"text-align: left;\">S\u00ed, son preguntas abiertas, \u00a1aunque no es un examen! No hay respuestas totalmente correctas, pero nos sirve para saber si pudiste aprovechar el di\u00e1logo y contabilizar tu participaci\u00f3n. Tambi\u00e9n agradecemos que punt\u00faes el di\u00e1logo para nuestra mejora en las pr\u00f3ximas ediciones. Tus respuestas NO ser\u00e1n compartidas con el resto de participantes.<\/p>\n<p style=\"text-align: left;\"><b>\u00bfQui\u00e9nes participan y d\u00f3nde est\u00e1n?<\/b><\/p>\n<p style=\"text-align: left;\">Tenemos personas que se dedican a la educaci\u00f3n, emprendedores\/as sociales, miembros de ONGs, t\u00e9cnicos\/as de la administraci\u00f3n p\u00fablica y personas de otros sectores.<\/p>\n<p style=\"text-align: left;\"><b>\u00bfHabr\u00e1 encuentros presenciales?<\/b><\/p>\n<p style=\"text-align: left;\">S\u00ed, habr\u00e1 cinco sesiones presenciales. Puedes ver el detalle en nuestra metodolog\u00eda.<\/p>\n<p style=\"text-align: left;\"><b>\u00bfPodremos hacer red?<\/b><\/p>\n<p style=\"text-align: left;\">S\u00ed, justamente la formaci\u00f3n est\u00e1 pensada para esto. Hay una gran variedad de perfiles de diferentes \u00e1mbitos profesionales con los que podr\u00e1s compartir experiencias y proyectos.<\/p>\n<p style=\"text-align: left;\"><b>\u00bfPuedes poner esta formaci\u00f3n en tu CV?<\/b><\/p>\n<p style=\"text-align: left;\">S\u00ed, calculamos que el proyecto completo te implicar\u00eda una dedicaci\u00f3n de al menos 46 horas de trabajo. El certificado de participaci\u00f3n ser\u00e1 entregado por la Asociaci\u00f3n Cultural elParlante, con el soporte del Ajuntament de Barcelona y la Generalitat de Catalunya.<\/p>\n<p style=\"text-align: left;\"><b>\u00bfPor qu\u00e9 es todo en castellano si estamos en Barcelona?<\/b><\/p>\n<p style=\"text-align: left;\">elParlante es una entidad biling\u00fce y en nuestros proyectos educativos y culturales intentamos priorizar el Catal\u00e1n como lengua vehicular. En este caso hemos priorizado el Castellano para llegar f\u00e1cilmente a Hispanoam\u00e9rica, pero en las clases presenciales, se hablar\u00e1 la lengua que cada uno prefiera.<\/p>\n<p>[\/et_pb_text][\/et_pb_column][\/et_pb_row][\/et_pb_section]<\/p>\n","protected":false},"excerpt":{"rendered":"<p>Espacio formativo y de intercambio para profesionales en \u00e1reas de educaci\u00f3n, comunicaci\u00f3n, arte comunitario y transformaci\u00f3n social.<\/p>\n","protected":false},"author":1,"featured_media":0,"parent":0,"menu_order":0,"comment_status":"closed","ping_status":"closed","template":"","meta":{"_et_pb_use_builder":"on","_et_pb_old_content":"","_et_gb_content_width":"","footnotes":""},"class_list":["post-1441","page","type-page","status-publish","hentry"],"yoast_head":"<!-- This site is optimized with the Yoast SEO plugin v27.1.1 - https:\/\/yoast.com\/product\/yoast-seo-wordpress\/ -->\n<title>Preguntas frecuentes - elParlante - Educomunicaci\u00f3n<\/title>\n<meta name=\"description\" content=\"Espacio formativo y de intercambio para profesionales en \u00e1reas de educaci\u00f3n, comunicaci\u00f3n, arte comunitario y transformaci\u00f3n social.\" \/>\n<meta name=\"robots\" content=\"index, follow, max-snippet:-1, max-image-preview:large, max-video-preview:-1\" \/>\n<link rel=\"canonical\" href=\"https:\/\/elparlante.es\/educomunicacio\/es\/faq\/\" \/>\n<meta property=\"og:locale\" content=\"es_ES\" \/>\n<meta property=\"og:type\" content=\"article\" \/>\n<meta property=\"og:title\" content=\"Preguntas frecuentes - elParlante - Educomunicaci\u00f3n\" \/>\n<meta property=\"og:description\" content=\"Espacio formativo y de intercambio para profesionales en \u00e1reas de educaci\u00f3n, comunicaci\u00f3n, arte comunitario y transformaci\u00f3n social.\" \/>\n<meta property=\"og:url\" content=\"https:\/\/elparlante.es\/educomunicacio\/es\/faq\/\" \/>\n<meta property=\"og:site_name\" content=\"Educomunicaci\u00f3 Glocal\" \/>\n<meta property=\"article:modified_time\" content=\"2025-07-08T15:51:17+00:00\" \/>\n<meta name=\"twitter:card\" content=\"summary_large_image\" \/>\n<meta name=\"twitter:label1\" content=\"Tiempo de lectura\" \/>\n\t<meta name=\"twitter:data1\" content=\"3 minutos\" \/>\n<script type=\"application\/ld+json\" class=\"yoast-schema-graph\">{\"@context\":\"https:\/\/schema.org\",\"@graph\":[{\"@type\":\"WebPage\",\"@id\":\"https:\/\/elparlante.es\/educomunicacio\/es\/faq\/\",\"url\":\"https:\/\/elparlante.es\/educomunicacio\/es\/faq\/\",\"name\":\"Preguntas frecuentes - elParlante - Educomunicaci\u00f3n\",\"isPartOf\":{\"@id\":\"https:\/\/elparlante.es\/educomunicacio\/#website\"},\"datePublished\":\"2020-10-21T07:41:57+00:00\",\"dateModified\":\"2025-07-08T15:51:17+00:00\",\"description\":\"Espacio formativo y de intercambio para profesionales en \u00e1reas de educaci\u00f3n, comunicaci\u00f3n, arte comunitario y transformaci\u00f3n social.\",\"breadcrumb\":{\"@id\":\"https:\/\/elparlante.es\/educomunicacio\/es\/faq\/#breadcrumb\"},\"inLanguage\":\"es\",\"potentialAction\":[{\"@type\":\"ReadAction\",\"target\":[\"https:\/\/elparlante.es\/educomunicacio\/es\/faq\/\"]}]},{\"@type\":\"BreadcrumbList\",\"@id\":\"https:\/\/elparlante.es\/educomunicacio\/es\/faq\/#breadcrumb\",\"itemListElement\":[{\"@type\":\"ListItem\",\"position\":1,\"name\":\"Portada\",\"item\":\"https:\/\/elparlante.es\/educomunicacio\/es\/inicio\/\"},{\"@type\":\"ListItem\",\"position\":2,\"name\":\"Preguntas frecuentes\"}]},{\"@type\":\"WebSite\",\"@id\":\"https:\/\/elparlante.es\/educomunicacio\/#website\",\"url\":\"https:\/\/elparlante.es\/educomunicacio\/\",\"name\":\"Educomunicaci\u00f3 Glocal\",\"description\":\"Formaci\u00f3n en EDUCOMUNICACI\u00d3N PARA LA CIUDADAN\u00cdA ACTIVA\",\"potentialAction\":[{\"@type\":\"SearchAction\",\"target\":{\"@type\":\"EntryPoint\",\"urlTemplate\":\"https:\/\/elparlante.es\/educomunicacio\/?s={search_term_string}\"},\"query-input\":{\"@type\":\"PropertyValueSpecification\",\"valueRequired\":true,\"valueName\":\"search_term_string\"}}],\"inLanguage\":\"es\"}]}<\/script>\n<!-- \/ Yoast SEO plugin. -->","yoast_head_json":{"title":"Preguntas frecuentes - elParlante - Educomunicaci\u00f3n","description":"Espacio formativo y de intercambio para profesionales en \u00e1reas de educaci\u00f3n, comunicaci\u00f3n, arte comunitario y transformaci\u00f3n social.","robots":{"index":"index","follow":"follow","max-snippet":"max-snippet:-1","max-image-preview":"max-image-preview:large","max-video-preview":"max-video-preview:-1"},"canonical":"https:\/\/elparlante.es\/educomunicacio\/es\/faq\/","og_locale":"es_ES","og_type":"article","og_title":"Preguntas frecuentes - elParlante - Educomunicaci\u00f3n","og_description":"Espacio formativo y de intercambio para profesionales en \u00e1reas de educaci\u00f3n, comunicaci\u00f3n, arte comunitario y transformaci\u00f3n social.","og_url":"https:\/\/elparlante.es\/educomunicacio\/es\/faq\/","og_site_name":"Educomunicaci\u00f3 Glocal","article_modified_time":"2025-07-08T15:51:17+00:00","twitter_card":"summary_large_image","twitter_misc":{"Tiempo de lectura":"3 minutos"},"schema":{"@context":"https:\/\/schema.org","@graph":[{"@type":"WebPage","@id":"https:\/\/elparlante.es\/educomunicacio\/es\/faq\/","url":"https:\/\/elparlante.es\/educomunicacio\/es\/faq\/","name":"Preguntas frecuentes - elParlante - Educomunicaci\u00f3n","isPartOf":{"@id":"https:\/\/elparlante.es\/educomunicacio\/#website"},"datePublished":"2020-10-21T07:41:57+00:00","dateModified":"2025-07-08T15:51:17+00:00","description":"Espacio formativo y de intercambio para profesionales en \u00e1reas de educaci\u00f3n, comunicaci\u00f3n, arte comunitario y transformaci\u00f3n social.","breadcrumb":{"@id":"https:\/\/elparlante.es\/educomunicacio\/es\/faq\/#breadcrumb"},"inLanguage":"es","potentialAction":[{"@type":"ReadAction","target":["https:\/\/elparlante.es\/educomunicacio\/es\/faq\/"]}]},{"@type":"BreadcrumbList","@id":"https:\/\/elparlante.es\/educomunicacio\/es\/faq\/#breadcrumb","itemListElement":[{"@type":"ListItem","position":1,"name":"Portada","item":"https:\/\/elparlante.es\/educomunicacio\/es\/inicio\/"},{"@type":"ListItem","position":2,"name":"Preguntas frecuentes"}]},{"@type":"WebSite","@id":"https:\/\/elparlante.es\/educomunicacio\/#website","url":"https:\/\/elparlante.es\/educomunicacio\/","name":"Educomunicaci\u00f3 Glocal","description":"Formaci\u00f3n en EDUCOMUNICACI\u00d3N PARA LA CIUDADAN\u00cdA ACTIVA","potentialAction":[{"@type":"SearchAction","target":{"@type":"EntryPoint","urlTemplate":"https:\/\/elparlante.es\/educomunicacio\/?s={search_term_string}"},"query-input":{"@type":"PropertyValueSpecification","valueRequired":true,"valueName":"search_term_string"}}],"inLanguage":"es"}]}},"_links":{"self":[{"href":"https:\/\/elparlante.es\/educomunicacio\/wp-json\/wp\/v2\/pages\/1441","targetHints":{"allow":["GET"]}}],"collection":[{"href":"https:\/\/elparlante.es\/educomunicacio\/wp-json\/wp\/v2\/pages"}],"about":[{"href":"https:\/\/elparlante.es\/educomunicacio\/wp-json\/wp\/v2\/types\/page"}],"author":[{"embeddable":true,"href":"https:\/\/elparlante.es\/educomunicacio\/wp-json\/wp\/v2\/users\/1"}],"replies":[{"embeddable":true,"href":"https:\/\/elparlante.es\/educomunicacio\/wp-json\/wp\/v2\/comments?post=1441"}],"version-history":[{"count":28,"href":"https:\/\/elparlante.es\/educomunicacio\/wp-json\/wp\/v2\/pages\/1441\/revisions"}],"predecessor-version":[{"id":2808,"href":"https:\/\/elparlante.es\/educomunicacio\/wp-json\/wp\/v2\/pages\/1441\/revisions\/2808"}],"wp:attachment":[{"href":"https:\/\/elparlante.es\/educomunicacio\/wp-json\/wp\/v2\/media?parent=1441"}],"curies":[{"name":"wp","href":"https:\/\/api.w.org\/{rel}","templated":true}]}}