{"id":1455,"date":"2020-10-21T08:33:49","date_gmt":"2020-10-21T08:33:49","guid":{"rendered":"https:\/\/elparlante.es\/educomunicacio\/?page_id=1455"},"modified":"2025-07-08T15:53:11","modified_gmt":"2025-07-08T15:53:11","slug":"faq-2","status":"publish","type":"page","link":"https:\/\/elparlante.es\/educomunicacio\/faq-2\/","title":{"rendered":"Preguntes freq\u00fcents"},"content":{"rendered":"<p>[et_pb_section fb_built=\u00bb1&#8243; next_background_color=\u00bb#ffffff\u00bb module_id=\u00bbobjetivo\u00bb _builder_version=\u00bb4.16&#8243; background_color=\u00bb#000000&#8243; background_image=\u00bbhttps:\/\/elparlante.es\/educomunicacio\/wp-content\/uploads\/2020\/10\/MG_4968-25-scaled.jpg\u00bb module_alignment=\u00bbcenter\u00bb custom_margin=\u00bb||||false|false\u00bb custom_padding=\u00bb||200px||false|false\u00bb bottom_divider_style=\u00bbasymmetric\u00bb bottom_divider_flip=\u00bbhorizontal\u00bb global_colors_info=\u00bb{}\u00bb][\/et_pb_section][et_pb_section fb_built=\u00bb1&#8243; _builder_version=\u00bb4.16&#8243; min_height=\u00bb672px\u00bb custom_padding=\u00bb||1px|||\u00bb bottom_divider_style=\u00bbmountains\u00bb bottom_divider_color=\u00bb#222222&#8243; global_colors_info=\u00bb{}\u00bb][et_pb_row column_structure=\u00bb1_3,2_3&#8243; _builder_version=\u00bb4.16&#8243; custom_margin=\u00bb|auto|90px|auto||\u00bb global_colors_info=\u00bb{}\u00bb][et_pb_column type=\u00bb1_3&#8243; _builder_version=\u00bb4.16&#8243; global_colors_info=\u00bb{}\u00bb][et_pb_text _builder_version=\u00bb4.16&#8243; header_text_align=\u00bbcenter\u00bb header_font_size=\u00bb36px\u00bb custom_margin=\u00bb|-3px||||\u00bb custom_padding=\u00bb|0px||||\u00bb global_colors_info=\u00bb{}\u00bb]<\/p>\n<h1>PREGUNTES FREQ\u00dcENTS<\/h1>\n<p>[\/et_pb_text][\/et_pb_column][et_pb_column type=\u00bb2_3&#8243; _builder_version=\u00bb4.16&#8243; global_colors_info=\u00bb{}\u00bb][et_pb_text _builder_version=\u00bb4.27.4&#8243; text_font_size=\u00bb18px\u00bb text_line_height=\u00bb1.9em\u00bb custom_margin=\u00bb|||-2px||\u00bb custom_padding=\u00bb|||0px||\u00bb hover_enabled=\u00bb0&#8243; global_colors_info=\u00bb{}\u00bb sticky_enabled=\u00bb0&#8243;]<\/p>\n<p style=\"text-align: left;\"><span><strong>Quan i on puc accedir a l&#8217;espai formatiu i els seus di\u00e0legs?<\/strong><\/span><\/p>\n<p style=\"text-align: left;\">Des del 27 de setembre fins al 13 de desembre de 2025, des de qualsevol part de m\u00f3n, mitjan\u00e7ant qualsevol dispositiu amb connexi\u00f3 a Internet.<\/p>\n<p style=\"text-align: left;\">Per\u00f2 abans, has d<a href=\"https:\/\/forms.gle\/MSPU3mheqDNVMcYc9\" target=\"_blank\" rel=\"noopener\">&#8216;inscriure&#8217;t<\/a>. Ens posarem en contacte amb tu.<\/p>\n<p style=\"text-align: left;\"><strong>Com poden consumir els di\u00e0legs?<\/strong><\/p>\n<p style=\"text-align: left;\">En l&#8217;ordre presentat o el que prefereixis, en el moment del dia que et vagi millor. Per mitj\u00e0 de YouTube, Spotify o al nostre llibre.<\/p>\n<p style=\"text-align: left;\"><strong>\u00c9s necessari veure&#8217;ls tots?<\/strong><\/p>\n<p style=\"text-align: left;\">\u00c9s el recomanable. Com a m\u00ednim, exigirem el visionament de 15 dels 33 di\u00e0legs per a obtenir l&#8217;acreditaci\u00f3 i poder fer l&#8217;assessoria m\u00e9s personalitzada.<\/p>\n<p style=\"text-align: left;\"><strong>\u00c9s necessari contestar les preguntes que acompanyen els di\u00e0legs despr\u00e9s de la seva visualitzaci\u00f3?<\/strong><\/p>\n<p style=\"text-align: left;\">S\u00ed, s\u00f3n preguntes obertes, encara que no \u00e9s un examen! No hi ha respostes totalment correctes, per\u00f2 ens serveix per saber si vas poder aprofitar el di\u00e0leg i comptabilitzar la teva participaci\u00f3. Tamb\u00e9 agra\u00efm que puntu\u00efs el di\u00e0leg per a la nostra millora en les pr\u00f2ximes edicions. Les teves respostes NO seran compartides amb la resta de participants.<\/p>\n<p style=\"text-align: left;\"><strong>Qui hi participa i on s\u00f3n?<\/strong><\/p>\n<p style=\"text-align: left;\">Tenim persones que es dediquen a l&#8217;educaci\u00f3, emprenedors\/es socials, membres d&#8217;ONG, t\u00e8cnics\/ques de l&#8217;administraci\u00f3 p\u00fablica i persones d&#8217;altres sectors.<\/p>\n<p style=\"text-align: left;\"><strong>Hi haur\u00e0 trobades presencials?<\/strong><\/p>\n<p style=\"text-align: left;\">S\u00ed, hi haur\u00e0 cinc trobades presencials. Pots veure-ho el detall a la nostra metodologia.<\/p>\n<p style=\"text-align: left;\"><strong>Podrem fer xarxa?<\/strong><\/p>\n<p style=\"text-align: left;\">S\u00ed, justament la formaci\u00f3 est\u00e0 pensada per aix\u00f2. Hi ha una gran varietat de perfils de diferents \u00e0mbits professionals amb qui podr\u00e0s compartir experi\u00e8ncies i projectes.<\/p>\n<p style=\"text-align: left;\"><strong>Pots posar aquesta formaci\u00f3 en el teu CV?<\/strong><\/p>\n<p style=\"text-align: left;\">S\u00ed, calculem que el projecte complet t\u2019implicaria una dedicaci\u00f3 d\u2019almenys 46 hores de treball. El certificat de participaci\u00f3 ser\u00e0 lliurat per l&#8217;Associaci\u00f3 Cultural elParlante, amb el suport del grup de recerca en Joventut, Societat i Comunicaci\u00f3 de la Universitat Pompeu Fabra de Barcelona i el suport de l&#8217;Ajuntament de Barcelona.<\/p>\n<p style=\"text-align: left;\"><strong style=\"font-size: 18px;\">Per qu\u00e8 \u00e9s tot en castell\u00e0 si som a Barcelona?<\/strong><\/p>\n<p style=\"text-align: left;\">elParlante \u00e9s una entitat biling\u00fce i en els nostres projectes educatius i culturals intentem prioritzar el catal\u00e0 com a llengua vehicular. En aquest cas hem prioritzat el castell\u00e0 per arribar f\u00e0cilment a Hispanoam\u00e8rica, per\u00f2 en les classes presencials, es parlar\u00e0 la llengua que cadasc\u00fa prefereixi.<\/p>\n<p>[\/et_pb_text][et_pb_text _builder_version=\u00bb4.16&#8243; header_text_align=\u00bbcenter\u00bb header_text_color=\u00bb#d6d6d6&#8243; header_font_size=\u00bb36px\u00bb custom_margin=\u00bb|-135px||||\u00bb locked=\u00bboff\u00bb global_colors_info=\u00bb{}\u00bb]<\/p>\n<h1 style=\"text-align: center;\"><span style=\"color: #ffffff;\">JUSTIFICACI\u00d3N<\/span><\/h1>\n<p>[\/et_pb_text][\/et_pb_column][\/et_pb_row][\/et_pb_section]<\/p>\n","protected":false},"excerpt":{"rendered":"<p>Espai formatiu i d\u2019intercanvi per a professionals en \u00e0rees de l\u2019educaci\u00f3, la comunicaci\u00f3, l\u2019art comunitari i la transformaci\u00f3 social.<\/p>\n","protected":false},"author":1,"featured_media":0,"parent":0,"menu_order":0,"comment_status":"closed","ping_status":"closed","template":"","meta":{"_et_pb_use_builder":"on","_et_pb_old_content":"","_et_gb_content_width":"","footnotes":""},"class_list":["post-1455","page","type-page","status-publish","hentry"],"yoast_head":"<!-- This site is optimized with the Yoast SEO plugin v27.1.1 - https:\/\/yoast.com\/product\/yoast-seo-wordpress\/ -->\n<title>Preguntes freq\u00fcents - elParlante - Educomunicaci\u00f3<\/title>\n<meta name=\"description\" content=\"Espai formatiu i d\u2019intercanvi per a professionals en \u00e0rees de l\u2019educaci\u00f3, la comunicaci\u00f3, l\u2019art comunitari i la transformaci\u00f3 social.\" \/>\n<meta name=\"robots\" content=\"index, follow, max-snippet:-1, max-image-preview:large, max-video-preview:-1\" \/>\n<link rel=\"canonical\" href=\"https:\/\/elparlante.es\/educomunicacio\/faq-2\/\" \/>\n<meta property=\"og:locale\" content=\"es_ES\" \/>\n<meta property=\"og:type\" content=\"article\" \/>\n<meta property=\"og:title\" content=\"Preguntes freq\u00fcents - elParlante - Educomunicaci\u00f3\" \/>\n<meta property=\"og:description\" content=\"Espai formatiu i d\u2019intercanvi per a professionals en \u00e0rees de l\u2019educaci\u00f3, la comunicaci\u00f3, l\u2019art comunitari i la transformaci\u00f3 social.\" \/>\n<meta property=\"og:url\" content=\"https:\/\/elparlante.es\/educomunicacio\/faq-2\/\" \/>\n<meta property=\"og:site_name\" content=\"Educomunicaci\u00f3 Glocal\" \/>\n<meta property=\"article:modified_time\" content=\"2025-07-08T15:53:11+00:00\" \/>\n<meta name=\"twitter:card\" content=\"summary_large_image\" \/>\n<meta name=\"twitter:label1\" content=\"Tiempo de lectura\" \/>\n\t<meta name=\"twitter:data1\" content=\"3 minutos\" \/>\n<script type=\"application\/ld+json\" class=\"yoast-schema-graph\">{\"@context\":\"https:\/\/schema.org\",\"@graph\":[{\"@type\":\"WebPage\",\"@id\":\"https:\/\/elparlante.es\/educomunicacio\/faq-2\/\",\"url\":\"https:\/\/elparlante.es\/educomunicacio\/faq-2\/\",\"name\":\"Preguntes freq\u00fcents - elParlante - Educomunicaci\u00f3\",\"isPartOf\":{\"@id\":\"https:\/\/elparlante.es\/educomunicacio\/#website\"},\"datePublished\":\"2020-10-21T08:33:49+00:00\",\"dateModified\":\"2025-07-08T15:53:11+00:00\",\"description\":\"Espai formatiu i d\u2019intercanvi per a professionals en \u00e0rees de l\u2019educaci\u00f3, la comunicaci\u00f3, l\u2019art comunitari i la transformaci\u00f3 social.\",\"breadcrumb\":{\"@id\":\"https:\/\/elparlante.es\/educomunicacio\/faq-2\/#breadcrumb\"},\"inLanguage\":\"es\",\"potentialAction\":[{\"@type\":\"ReadAction\",\"target\":[\"https:\/\/elparlante.es\/educomunicacio\/faq-2\/\"]}]},{\"@type\":\"BreadcrumbList\",\"@id\":\"https:\/\/elparlante.es\/educomunicacio\/faq-2\/#breadcrumb\",\"itemListElement\":[{\"@type\":\"ListItem\",\"position\":1,\"name\":\"Portada\",\"item\":\"https:\/\/elparlante.es\/educomunicacio\/es\/inicio\/\"},{\"@type\":\"ListItem\",\"position\":2,\"name\":\"Preguntes freq\u00fcents\"}]},{\"@type\":\"WebSite\",\"@id\":\"https:\/\/elparlante.es\/educomunicacio\/#website\",\"url\":\"https:\/\/elparlante.es\/educomunicacio\/\",\"name\":\"Educomunicaci\u00f3 Glocal\",\"description\":\"Formaci\u00f3n en EDUCOMUNICACI\u00d3N PARA LA CIUDADAN\u00cdA ACTIVA\",\"potentialAction\":[{\"@type\":\"SearchAction\",\"target\":{\"@type\":\"EntryPoint\",\"urlTemplate\":\"https:\/\/elparlante.es\/educomunicacio\/?s={search_term_string}\"},\"query-input\":{\"@type\":\"PropertyValueSpecification\",\"valueRequired\":true,\"valueName\":\"search_term_string\"}}],\"inLanguage\":\"es\"}]}<\/script>\n<!-- \/ Yoast SEO plugin. -->","yoast_head_json":{"title":"Preguntes freq\u00fcents - elParlante - Educomunicaci\u00f3","description":"Espai formatiu i d\u2019intercanvi per a professionals en \u00e0rees de l\u2019educaci\u00f3, la comunicaci\u00f3, l\u2019art comunitari i la transformaci\u00f3 social.","robots":{"index":"index","follow":"follow","max-snippet":"max-snippet:-1","max-image-preview":"max-image-preview:large","max-video-preview":"max-video-preview:-1"},"canonical":"https:\/\/elparlante.es\/educomunicacio\/faq-2\/","og_locale":"es_ES","og_type":"article","og_title":"Preguntes freq\u00fcents - elParlante - Educomunicaci\u00f3","og_description":"Espai formatiu i d\u2019intercanvi per a professionals en \u00e0rees de l\u2019educaci\u00f3, la comunicaci\u00f3, l\u2019art comunitari i la transformaci\u00f3 social.","og_url":"https:\/\/elparlante.es\/educomunicacio\/faq-2\/","og_site_name":"Educomunicaci\u00f3 Glocal","article_modified_time":"2025-07-08T15:53:11+00:00","twitter_card":"summary_large_image","twitter_misc":{"Tiempo de lectura":"3 minutos"},"schema":{"@context":"https:\/\/schema.org","@graph":[{"@type":"WebPage","@id":"https:\/\/elparlante.es\/educomunicacio\/faq-2\/","url":"https:\/\/elparlante.es\/educomunicacio\/faq-2\/","name":"Preguntes freq\u00fcents - elParlante - Educomunicaci\u00f3","isPartOf":{"@id":"https:\/\/elparlante.es\/educomunicacio\/#website"},"datePublished":"2020-10-21T08:33:49+00:00","dateModified":"2025-07-08T15:53:11+00:00","description":"Espai formatiu i d\u2019intercanvi per a professionals en \u00e0rees de l\u2019educaci\u00f3, la comunicaci\u00f3, l\u2019art comunitari i la transformaci\u00f3 social.","breadcrumb":{"@id":"https:\/\/elparlante.es\/educomunicacio\/faq-2\/#breadcrumb"},"inLanguage":"es","potentialAction":[{"@type":"ReadAction","target":["https:\/\/elparlante.es\/educomunicacio\/faq-2\/"]}]},{"@type":"BreadcrumbList","@id":"https:\/\/elparlante.es\/educomunicacio\/faq-2\/#breadcrumb","itemListElement":[{"@type":"ListItem","position":1,"name":"Portada","item":"https:\/\/elparlante.es\/educomunicacio\/es\/inicio\/"},{"@type":"ListItem","position":2,"name":"Preguntes freq\u00fcents"}]},{"@type":"WebSite","@id":"https:\/\/elparlante.es\/educomunicacio\/#website","url":"https:\/\/elparlante.es\/educomunicacio\/","name":"Educomunicaci\u00f3 Glocal","description":"Formaci\u00f3n en EDUCOMUNICACI\u00d3N PARA LA CIUDADAN\u00cdA ACTIVA","potentialAction":[{"@type":"SearchAction","target":{"@type":"EntryPoint","urlTemplate":"https:\/\/elparlante.es\/educomunicacio\/?s={search_term_string}"},"query-input":{"@type":"PropertyValueSpecification","valueRequired":true,"valueName":"search_term_string"}}],"inLanguage":"es"}]}},"_links":{"self":[{"href":"https:\/\/elparlante.es\/educomunicacio\/wp-json\/wp\/v2\/pages\/1455","targetHints":{"allow":["GET"]}}],"collection":[{"href":"https:\/\/elparlante.es\/educomunicacio\/wp-json\/wp\/v2\/pages"}],"about":[{"href":"https:\/\/elparlante.es\/educomunicacio\/wp-json\/wp\/v2\/types\/page"}],"author":[{"embeddable":true,"href":"https:\/\/elparlante.es\/educomunicacio\/wp-json\/wp\/v2\/users\/1"}],"replies":[{"embeddable":true,"href":"https:\/\/elparlante.es\/educomunicacio\/wp-json\/wp\/v2\/comments?post=1455"}],"version-history":[{"count":27,"href":"https:\/\/elparlante.es\/educomunicacio\/wp-json\/wp\/v2\/pages\/1455\/revisions"}],"predecessor-version":[{"id":2809,"href":"https:\/\/elparlante.es\/educomunicacio\/wp-json\/wp\/v2\/pages\/1455\/revisions\/2809"}],"wp:attachment":[{"href":"https:\/\/elparlante.es\/educomunicacio\/wp-json\/wp\/v2\/media?parent=1455"}],"curies":[{"name":"wp","href":"https:\/\/api.w.org\/{rel}","templated":true}]}}