{"id":1593,"date":"2021-06-18T10:44:09","date_gmt":"2021-06-18T10:44:09","guid":{"rendered":"https:\/\/elparlante.es\/educomunicacio\/?page_id=1593"},"modified":"2025-07-08T15:46:37","modified_gmt":"2025-07-08T15:46:37","slug":"libro","status":"publish","type":"page","link":"https:\/\/elparlante.es\/educomunicacio\/es\/libro\/","title":{"rendered":"Libro"},"content":{"rendered":"<p>[et_pb_section fb_built=\u00bb1&#8243; prev_background_color=\u00bb#000000&#8243; _builder_version=\u00bb4.16&#8243; min_height=\u00bb672px\u00bb custom_padding=\u00bb||1px|||\u00bb top_divider_style=\u00bbarrow2&#8243; bottom_divider_style=\u00bbmountains\u00bb bottom_divider_color=\u00bb#222222&#8243; global_colors_info=\u00bb{}\u00bb][et_pb_row column_structure=\u00bb1_3,2_3&#8243; _builder_version=\u00bb4.16&#8243; custom_padding=\u00bb90px|||||\u00bb global_colors_info=\u00bb{}\u00bb][et_pb_column type=\u00bb1_3&#8243; _builder_version=\u00bb4.16&#8243; global_colors_info=\u00bb{}\u00bb][et_pb_image src=\u00bbhttps:\/\/elparlante.es\/educomunicacio\/wp-content\/uploads\/2022\/09\/mockup-educom.png\u00bb url=\u00bbhttps:\/\/neret.cat\/producte\/educomunicacion\/\u00bb url_new_window=\u00bbon\u00bb _builder_version=\u00bb4.16&#8243; custom_padding=\u00bb||19px|0px||\u00bb global_colors_info=\u00bb{}\u00bb][\/et_pb_image][et_pb_button button_url=\u00bbhttps:\/\/neret.cat\/producte\/educomunicacion\/\u00bb button_text=\u00bbCOMPRAR\u00bb button_alignment=\u00bbcenter\u00bb _builder_version=\u00bb4.16&#8243; global_colors_info=\u00bb{}\u00bb][\/et_pb_button][\/et_pb_column][et_pb_column type=\u00bb2_3&#8243; _builder_version=\u00bb4.16&#8243; global_colors_info=\u00bb{}\u00bb][et_pb_video src=\u00bbhttps:\/\/www.youtube.com\/watch?v=LtouPXDYZsA&#038;t=768s\u00bb _builder_version=\u00bb4.16&#8243; hover_enabled=\u00bb0&#8243; global_colors_info=\u00bb{}\u00bb sticky_enabled=\u00bb0&#8243;][\/et_pb_video][et_pb_text _builder_version=\u00bb4.16&#8243; global_colors_info=\u00bb{}\u00bb]Alfredo Cohen dialoga con Carmen Mayugo y Carolina Astudillo en la Fira Literal 2021[\/et_pb_text][\/et_pb_column][\/et_pb_row][et_pb_row _builder_version=\u00bb4.16&#8243; custom_margin=\u00bb-32px|auto|90px|auto||\u00bb custom_padding=\u00bb84px|||||\u00bb global_colors_info=\u00bb{}\u00bb][et_pb_column type=\u00bb4_4&#8243; _builder_version=\u00bb4.16&#8243; global_colors_info=\u00bb{}\u00bb][et_pb_text _builder_version=\u00bb4.27.4&#8243; text_font_size=\u00bb16px\u00bb text_line_height=\u00bb1.9em\u00bb global_colors_info=\u00bb{}\u00bb]<\/p>\n<h3 style=\"text-align: left;\"><strong>EDUCOMUNICACI\u00d3N, 20 DI\u00c1LOGOS TE\u00d3RICO-PR\u00c1CTICOS<\/strong><\/h3>\n<h5 style=\"text-align: left;\"><em><strong>Alfredo Cohen Montoya<\/strong><\/em><\/h5>\n<p style=\"text-align: left;\">Este libro est\u00e1 compuesto por 20 di\u00e1logos para so\u00f1ar y aprender, para compartir experiencias, tradiciones y emociones; para la construcci\u00f3n de sentido y comunidad. Un<span>\u00a0<\/span><em>metadi\u00e1logo<\/em><span>\u00a0<\/span>que busca generar conocimiento aplicado a multitud de escenarios distintos tanto en el Norte como en el Sur global. Di\u00e1logos desde la academia y desde el terreno.<\/p>\n<p style=\"text-align: left;\">En la primera parte del libro hablamos con expertos y expertas sobre comunicaci\u00f3n medi\u00e1tica y educaci\u00f3n dial\u00f3gica, sobre los or\u00edgenes y la evoluci\u00f3n de la<span>\u00a0<\/span><em>educomunicaci\u00f3n<\/em>. Se trat\u00f3 de comprender que toda acci\u00f3n educativa es tambi\u00e9n comunicativa, al tiempo que vinculamos estas ideas con la perspectiva interseccional y la participaci\u00f3n comunitaria.<\/p>\n<p style=\"text-align: left;\">En la segunda parte intentamos conectar las definiciones conceptuales con las pr\u00e1cticas, profundizando sobre los proyectos, compartiendo sus dificultades, explicando las transformaciones sucedidas y las metodolog\u00edas implementadas con las comunidades beneficiarias. Experiencias muy diversas, desde libros colaborativos escritos por personas migradas, hasta proyectos comunitarios realizados en la selva, pasando por programas de televisi\u00f3n sobre diversidad sexual. Propuestas basadas en el cine, la radio o el teatro para trabajar con j\u00f3venes, con personas mayores o comunidades de minor\u00edas espec\u00edficas. Iniciativas que tienen en cuenta lo te\u00f3rico, pero que sobre todo, construyen teor\u00eda desde el hacer cotidiano.<\/p>\n<p style=\"text-align: left;\">Esta serie de conversaciones constituyen una nueva oportunidad para entender la educaci\u00f3n como un instrumento permanente de transformaci\u00f3n social: creativo, emocional, participativo y popular, centrado en la persona y el proceso. As\u00ed como para acercarnos a acciones comunicativas revolucionarias: \u00e9ticas, responsables, solidarias, optimistas y comprometidas con el empoderamiento.<\/p>\n<p style=\"text-align: left;\">20 di\u00e1logos para proponer una educaci\u00f3n que es comunicaci\u00f3n y viceversa: una<span>\u00a0<\/span><em>educomunicaci\u00f3n<\/em><span>\u00a0<\/span>que es ciudadan\u00eda activa, encuentro y libertad.<\/p>\n<p>[\/et_pb_text][\/et_pb_column][\/et_pb_row][\/et_pb_section]<\/p>\n","protected":false},"excerpt":{"rendered":"<p>Libro en educomunicaci\u00f3n compuesto por 20 di\u00e1logos para so\u00f1ar y aprender, para compartir experiencias, tradiciones y emociones.<\/p>\n","protected":false},"author":1,"featured_media":2172,"parent":0,"menu_order":0,"comment_status":"closed","ping_status":"closed","template":"","meta":{"_et_pb_use_builder":"on","_et_pb_old_content":"","_et_gb_content_width":"","footnotes":""},"class_list":["post-1593","page","type-page","status-publish","has-post-thumbnail","hentry"],"yoast_head":"<!-- This site is optimized with the Yoast SEO plugin v27.1.1 - https:\/\/yoast.com\/product\/yoast-seo-wordpress\/ -->\n<title>Libro - elParlante - Educomunicaci\u00f3n<\/title>\n<meta name=\"description\" content=\"Espacio formativo y de intercambio para profesionales en \u00e1reas de educaci\u00f3n, comunicaci\u00f3n, arte comunitario y transformaci\u00f3n social.\" \/>\n<meta name=\"robots\" content=\"index, follow, max-snippet:-1, max-image-preview:large, max-video-preview:-1\" \/>\n<link rel=\"canonical\" href=\"https:\/\/elparlante.es\/educomunicacio\/es\/libro\/\" \/>\n<meta property=\"og:locale\" content=\"es_ES\" \/>\n<meta property=\"og:type\" content=\"article\" \/>\n<meta property=\"og:title\" content=\"Libro - elParlante - Educomunicaci\u00f3n\" \/>\n<meta property=\"og:description\" content=\"Espacio formativo y de intercambio para profesionales en \u00e1reas de educaci\u00f3n, comunicaci\u00f3n, arte comunitario y transformaci\u00f3n social.\" \/>\n<meta property=\"og:url\" content=\"https:\/\/elparlante.es\/educomunicacio\/es\/libro\/\" \/>\n<meta property=\"og:site_name\" content=\"Educomunicaci\u00f3 Glocal\" \/>\n<meta property=\"article:modified_time\" content=\"2025-07-08T15:46:37+00:00\" \/>\n<meta property=\"og:image\" content=\"https:\/\/elparlante.es\/educomunicacio\/wp-content\/uploads\/2022\/09\/mockup-educom-e1662556434101.png\" \/>\n\t<meta property=\"og:image:width\" content=\"600\" \/>\n\t<meta property=\"og:image:height\" content=\"569\" \/>\n\t<meta property=\"og:image:type\" content=\"image\/png\" \/>\n<meta name=\"twitter:card\" content=\"summary_large_image\" \/>\n<meta name=\"twitter:label1\" content=\"Tiempo de lectura\" \/>\n\t<meta name=\"twitter:data1\" content=\"2 minutos\" \/>\n<script type=\"application\/ld+json\" class=\"yoast-schema-graph\">{\"@context\":\"https:\/\/schema.org\",\"@graph\":[{\"@type\":\"WebPage\",\"@id\":\"https:\/\/elparlante.es\/educomunicacio\/es\/libro\/\",\"url\":\"https:\/\/elparlante.es\/educomunicacio\/es\/libro\/\",\"name\":\"Libro - elParlante - Educomunicaci\u00f3n\",\"isPartOf\":{\"@id\":\"https:\/\/elparlante.es\/educomunicacio\/#website\"},\"primaryImageOfPage\":{\"@id\":\"https:\/\/elparlante.es\/educomunicacio\/es\/libro\/#primaryimage\"},\"image\":{\"@id\":\"https:\/\/elparlante.es\/educomunicacio\/es\/libro\/#primaryimage\"},\"thumbnailUrl\":\"https:\/\/elparlante.es\/educomunicacio\/wp-content\/uploads\/2022\/09\/mockup-educom-e1662556434101.png\",\"datePublished\":\"2021-06-18T10:44:09+00:00\",\"dateModified\":\"2025-07-08T15:46:37+00:00\",\"description\":\"Espacio formativo y de intercambio para profesionales en \u00e1reas de educaci\u00f3n, comunicaci\u00f3n, arte comunitario y transformaci\u00f3n social.\",\"breadcrumb\":{\"@id\":\"https:\/\/elparlante.es\/educomunicacio\/es\/libro\/#breadcrumb\"},\"inLanguage\":\"es\",\"potentialAction\":[{\"@type\":\"ReadAction\",\"target\":[\"https:\/\/elparlante.es\/educomunicacio\/es\/libro\/\"]}]},{\"@type\":\"ImageObject\",\"inLanguage\":\"es\",\"@id\":\"https:\/\/elparlante.es\/educomunicacio\/es\/libro\/#primaryimage\",\"url\":\"https:\/\/elparlante.es\/educomunicacio\/wp-content\/uploads\/2022\/09\/mockup-educom-e1662556434101.png\",\"contentUrl\":\"https:\/\/elparlante.es\/educomunicacio\/wp-content\/uploads\/2022\/09\/mockup-educom-e1662556434101.png\",\"width\":600,\"height\":569},{\"@type\":\"BreadcrumbList\",\"@id\":\"https:\/\/elparlante.es\/educomunicacio\/es\/libro\/#breadcrumb\",\"itemListElement\":[{\"@type\":\"ListItem\",\"position\":1,\"name\":\"Portada\",\"item\":\"https:\/\/elparlante.es\/educomunicacio\/es\/inicio\/\"},{\"@type\":\"ListItem\",\"position\":2,\"name\":\"Libro\"}]},{\"@type\":\"WebSite\",\"@id\":\"https:\/\/elparlante.es\/educomunicacio\/#website\",\"url\":\"https:\/\/elparlante.es\/educomunicacio\/\",\"name\":\"Educomunicaci\u00f3 Glocal\",\"description\":\"Formaci\u00f3n en EDUCOMUNICACI\u00d3N PARA LA CIUDADAN\u00cdA ACTIVA\",\"potentialAction\":[{\"@type\":\"SearchAction\",\"target\":{\"@type\":\"EntryPoint\",\"urlTemplate\":\"https:\/\/elparlante.es\/educomunicacio\/?s={search_term_string}\"},\"query-input\":{\"@type\":\"PropertyValueSpecification\",\"valueRequired\":true,\"valueName\":\"search_term_string\"}}],\"inLanguage\":\"es\"}]}<\/script>\n<!-- \/ Yoast SEO plugin. -->","yoast_head_json":{"title":"Libro - elParlante - Educomunicaci\u00f3n","description":"Espacio formativo y de intercambio para profesionales en \u00e1reas de educaci\u00f3n, comunicaci\u00f3n, arte comunitario y transformaci\u00f3n social.","robots":{"index":"index","follow":"follow","max-snippet":"max-snippet:-1","max-image-preview":"max-image-preview:large","max-video-preview":"max-video-preview:-1"},"canonical":"https:\/\/elparlante.es\/educomunicacio\/es\/libro\/","og_locale":"es_ES","og_type":"article","og_title":"Libro - elParlante - Educomunicaci\u00f3n","og_description":"Espacio formativo y de intercambio para profesionales en \u00e1reas de educaci\u00f3n, comunicaci\u00f3n, arte comunitario y transformaci\u00f3n social.","og_url":"https:\/\/elparlante.es\/educomunicacio\/es\/libro\/","og_site_name":"Educomunicaci\u00f3 Glocal","article_modified_time":"2025-07-08T15:46:37+00:00","og_image":[{"width":600,"height":569,"url":"https:\/\/elparlante.es\/educomunicacio\/wp-content\/uploads\/2022\/09\/mockup-educom-e1662556434101.png","type":"image\/png"}],"twitter_card":"summary_large_image","twitter_misc":{"Tiempo de lectura":"2 minutos"},"schema":{"@context":"https:\/\/schema.org","@graph":[{"@type":"WebPage","@id":"https:\/\/elparlante.es\/educomunicacio\/es\/libro\/","url":"https:\/\/elparlante.es\/educomunicacio\/es\/libro\/","name":"Libro - elParlante - Educomunicaci\u00f3n","isPartOf":{"@id":"https:\/\/elparlante.es\/educomunicacio\/#website"},"primaryImageOfPage":{"@id":"https:\/\/elparlante.es\/educomunicacio\/es\/libro\/#primaryimage"},"image":{"@id":"https:\/\/elparlante.es\/educomunicacio\/es\/libro\/#primaryimage"},"thumbnailUrl":"https:\/\/elparlante.es\/educomunicacio\/wp-content\/uploads\/2022\/09\/mockup-educom-e1662556434101.png","datePublished":"2021-06-18T10:44:09+00:00","dateModified":"2025-07-08T15:46:37+00:00","description":"Espacio formativo y de intercambio para profesionales en \u00e1reas de educaci\u00f3n, comunicaci\u00f3n, arte comunitario y transformaci\u00f3n social.","breadcrumb":{"@id":"https:\/\/elparlante.es\/educomunicacio\/es\/libro\/#breadcrumb"},"inLanguage":"es","potentialAction":[{"@type":"ReadAction","target":["https:\/\/elparlante.es\/educomunicacio\/es\/libro\/"]}]},{"@type":"ImageObject","inLanguage":"es","@id":"https:\/\/elparlante.es\/educomunicacio\/es\/libro\/#primaryimage","url":"https:\/\/elparlante.es\/educomunicacio\/wp-content\/uploads\/2022\/09\/mockup-educom-e1662556434101.png","contentUrl":"https:\/\/elparlante.es\/educomunicacio\/wp-content\/uploads\/2022\/09\/mockup-educom-e1662556434101.png","width":600,"height":569},{"@type":"BreadcrumbList","@id":"https:\/\/elparlante.es\/educomunicacio\/es\/libro\/#breadcrumb","itemListElement":[{"@type":"ListItem","position":1,"name":"Portada","item":"https:\/\/elparlante.es\/educomunicacio\/es\/inicio\/"},{"@type":"ListItem","position":2,"name":"Libro"}]},{"@type":"WebSite","@id":"https:\/\/elparlante.es\/educomunicacio\/#website","url":"https:\/\/elparlante.es\/educomunicacio\/","name":"Educomunicaci\u00f3 Glocal","description":"Formaci\u00f3n en EDUCOMUNICACI\u00d3N PARA LA CIUDADAN\u00cdA ACTIVA","potentialAction":[{"@type":"SearchAction","target":{"@type":"EntryPoint","urlTemplate":"https:\/\/elparlante.es\/educomunicacio\/?s={search_term_string}"},"query-input":{"@type":"PropertyValueSpecification","valueRequired":true,"valueName":"search_term_string"}}],"inLanguage":"es"}]}},"_links":{"self":[{"href":"https:\/\/elparlante.es\/educomunicacio\/wp-json\/wp\/v2\/pages\/1593","targetHints":{"allow":["GET"]}}],"collection":[{"href":"https:\/\/elparlante.es\/educomunicacio\/wp-json\/wp\/v2\/pages"}],"about":[{"href":"https:\/\/elparlante.es\/educomunicacio\/wp-json\/wp\/v2\/types\/page"}],"author":[{"embeddable":true,"href":"https:\/\/elparlante.es\/educomunicacio\/wp-json\/wp\/v2\/users\/1"}],"replies":[{"embeddable":true,"href":"https:\/\/elparlante.es\/educomunicacio\/wp-json\/wp\/v2\/comments?post=1593"}],"version-history":[{"count":19,"href":"https:\/\/elparlante.es\/educomunicacio\/wp-json\/wp\/v2\/pages\/1593\/revisions"}],"predecessor-version":[{"id":2807,"href":"https:\/\/elparlante.es\/educomunicacio\/wp-json\/wp\/v2\/pages\/1593\/revisions\/2807"}],"wp:featuredmedia":[{"embeddable":true,"href":"https:\/\/elparlante.es\/educomunicacio\/wp-json\/wp\/v2\/media\/2172"}],"wp:attachment":[{"href":"https:\/\/elparlante.es\/educomunicacio\/wp-json\/wp\/v2\/media?parent=1593"}],"curies":[{"name":"wp","href":"https:\/\/api.w.org\/{rel}","templated":true}]}}