{"id":865,"date":"2020-08-24T01:16:28","date_gmt":"2020-08-24T01:16:28","guid":{"rendered":"https:\/\/elparlante.es\/educomunicacio\/?page_id=865"},"modified":"2024-08-02T00:26:00","modified_gmt":"2024-08-02T00:26:00","slug":"contacto","status":"publish","type":"page","link":"https:\/\/elparlante.es\/educomunicacio\/es\/contacto\/","title":{"rendered":"Contacto"},"content":{"rendered":"<p>[et_pb_section fb_built=\u00bb1&#8243; next_background_color=\u00bb#ffffff\u00bb module_id=\u00bbobjetivo\u00bb _builder_version=\u00bb4.16&#8243; background_color=\u00bb#000000&#8243; background_image=\u00bbhttps:\/\/elparlante.es\/educomunicacio\/wp-content\/uploads\/2022\/09\/contact-scaled.jpg\u00bb module_alignment=\u00bbcenter\u00bb custom_margin=\u00bb||||false|false\u00bb custom_padding=\u00bb||200px||false|false\u00bb bottom_divider_style=\u00bbasymmetric\u00bb bottom_divider_flip=\u00bbhorizontal\u00bb global_colors_info=\u00bb{}\u00bb][\/et_pb_section][et_pb_section fb_built=\u00bb1&#8243; _builder_version=\u00bb4.16&#8243; global_colors_info=\u00bb{}\u00bb][et_pb_row column_structure=\u00bb1_3,2_3&#8243; _builder_version=\u00bb4.16&#8243; global_colors_info=\u00bb{}\u00bb][et_pb_column type=\u00bb1_3&#8243; _builder_version=\u00bb4.16&#8243; global_colors_info=\u00bb{}\u00bb][et_pb_text _builder_version=\u00bb4.16&#8243; header_text_align=\u00bbcenter\u00bb header_font_size=\u00bb36px\u00bb global_colors_info=\u00bb{}\u00bb]<\/p>\n<h1>CONTACTO<\/h1>\n<p>[\/et_pb_text][et_pb_text _builder_version=\u00bb4.27.0&#8243; text_line_height=\u00bb2.5em\u00bb hover_enabled=\u00bb0&#8243; global_colors_info=\u00bb{}\u00bb sticky_enabled=\u00bb0&#8243;]Para cualquier consulta: comunicacion@elparlante.es[\/et_pb_text][\/et_pb_column][et_pb_column type=\u00bb2_3&#8243; _builder_version=\u00bb4.16&#8243; global_colors_info=\u00bb{}\u00bb][\/et_pb_column][\/et_pb_row][\/et_pb_section]<\/p>\n","protected":false},"excerpt":{"rendered":"<p>Formaci\u00f3n en educomunicaci\u00f3n. Contacta con nosotros.<\/p>\n","protected":false},"author":1,"featured_media":2222,"parent":0,"menu_order":0,"comment_status":"closed","ping_status":"closed","template":"","meta":{"_et_pb_use_builder":"on","_et_pb_old_content":"","_et_gb_content_width":"","footnotes":""},"class_list":["post-865","page","type-page","status-publish","has-post-thumbnail","hentry"],"yoast_head":"<!-- This site is optimized with the Yoast SEO plugin v27.1.1 - https:\/\/yoast.com\/product\/yoast-seo-wordpress\/ -->\n<title>Contacto - elParlante - Educomunicaci\u00f3n<\/title>\n<meta name=\"description\" content=\"Formaci\u00f3n en educomunicaci\u00f3n. Educaci\u00f3n y comunicaci\u00f3n para la ciudadan\u00eda activa. Formaci\u00f3n online y presencial en Barcelona.\" \/>\n<meta name=\"robots\" content=\"index, follow, max-snippet:-1, max-image-preview:large, max-video-preview:-1\" \/>\n<link rel=\"canonical\" href=\"https:\/\/elparlante.es\/educomunicacio\/es\/contacto\/\" \/>\n<meta property=\"og:locale\" content=\"es_ES\" \/>\n<meta property=\"og:type\" content=\"article\" \/>\n<meta property=\"og:title\" content=\"Contacto - elParlante - Educomunicaci\u00f3n\" \/>\n<meta property=\"og:description\" content=\"Formaci\u00f3n en educomunicaci\u00f3n. Educaci\u00f3n y comunicaci\u00f3n para la ciudadan\u00eda activa. Formaci\u00f3n online y presencial en Barcelona.\" \/>\n<meta property=\"og:url\" content=\"https:\/\/elparlante.es\/educomunicacio\/es\/contacto\/\" \/>\n<meta property=\"og:site_name\" content=\"Educomunicaci\u00f3 Glocal\" \/>\n<meta property=\"article:modified_time\" content=\"2024-08-02T00:26:00+00:00\" \/>\n<meta property=\"og:image\" content=\"https:\/\/elparlante.es\/educomunicacio\/wp-content\/uploads\/2022\/09\/contact-scaled-e1662556364664.jpg\" \/>\n\t<meta property=\"og:image:width\" content=\"1000\" \/>\n\t<meta property=\"og:image:height\" content=\"667\" \/>\n\t<meta property=\"og:image:type\" content=\"image\/jpeg\" \/>\n<meta name=\"twitter:card\" content=\"summary_large_image\" \/>\n<meta name=\"twitter:label1\" content=\"Tiempo de lectura\" \/>\n\t<meta name=\"twitter:data1\" content=\"1 minuto\" \/>\n<script type=\"application\/ld+json\" class=\"yoast-schema-graph\">{\"@context\":\"https:\/\/schema.org\",\"@graph\":[{\"@type\":\"WebPage\",\"@id\":\"https:\/\/elparlante.es\/educomunicacio\/es\/contacto\/\",\"url\":\"https:\/\/elparlante.es\/educomunicacio\/es\/contacto\/\",\"name\":\"Contacto - elParlante - Educomunicaci\u00f3n\",\"isPartOf\":{\"@id\":\"https:\/\/elparlante.es\/educomunicacio\/#website\"},\"primaryImageOfPage\":{\"@id\":\"https:\/\/elparlante.es\/educomunicacio\/es\/contacto\/#primaryimage\"},\"image\":{\"@id\":\"https:\/\/elparlante.es\/educomunicacio\/es\/contacto\/#primaryimage\"},\"thumbnailUrl\":\"https:\/\/elparlante.es\/educomunicacio\/wp-content\/uploads\/2022\/09\/contact-scaled-e1662556364664.jpg\",\"datePublished\":\"2020-08-24T01:16:28+00:00\",\"dateModified\":\"2024-08-02T00:26:00+00:00\",\"description\":\"Formaci\u00f3n en educomunicaci\u00f3n. Educaci\u00f3n y comunicaci\u00f3n para la ciudadan\u00eda activa. Formaci\u00f3n online y presencial en Barcelona.\",\"breadcrumb\":{\"@id\":\"https:\/\/elparlante.es\/educomunicacio\/es\/contacto\/#breadcrumb\"},\"inLanguage\":\"es\",\"potentialAction\":[{\"@type\":\"ReadAction\",\"target\":[\"https:\/\/elparlante.es\/educomunicacio\/es\/contacto\/\"]}]},{\"@type\":\"ImageObject\",\"inLanguage\":\"es\",\"@id\":\"https:\/\/elparlante.es\/educomunicacio\/es\/contacto\/#primaryimage\",\"url\":\"https:\/\/elparlante.es\/educomunicacio\/wp-content\/uploads\/2022\/09\/contact-scaled-e1662556364664.jpg\",\"contentUrl\":\"https:\/\/elparlante.es\/educomunicacio\/wp-content\/uploads\/2022\/09\/contact-scaled-e1662556364664.jpg\",\"width\":1000,\"height\":667},{\"@type\":\"BreadcrumbList\",\"@id\":\"https:\/\/elparlante.es\/educomunicacio\/es\/contacto\/#breadcrumb\",\"itemListElement\":[{\"@type\":\"ListItem\",\"position\":1,\"name\":\"Portada\",\"item\":\"https:\/\/elparlante.es\/educomunicacio\/es\/inicio\/\"},{\"@type\":\"ListItem\",\"position\":2,\"name\":\"Contacto\"}]},{\"@type\":\"WebSite\",\"@id\":\"https:\/\/elparlante.es\/educomunicacio\/#website\",\"url\":\"https:\/\/elparlante.es\/educomunicacio\/\",\"name\":\"Educomunicaci\u00f3 Glocal\",\"description\":\"Formaci\u00f3n en EDUCOMUNICACI\u00d3N PARA LA CIUDADAN\u00cdA ACTIVA\",\"potentialAction\":[{\"@type\":\"SearchAction\",\"target\":{\"@type\":\"EntryPoint\",\"urlTemplate\":\"https:\/\/elparlante.es\/educomunicacio\/?s={search_term_string}\"},\"query-input\":{\"@type\":\"PropertyValueSpecification\",\"valueRequired\":true,\"valueName\":\"search_term_string\"}}],\"inLanguage\":\"es\"}]}<\/script>\n<!-- \/ Yoast SEO plugin. -->","yoast_head_json":{"title":"Contacto - elParlante - Educomunicaci\u00f3n","description":"Formaci\u00f3n en educomunicaci\u00f3n. Educaci\u00f3n y comunicaci\u00f3n para la ciudadan\u00eda activa. Formaci\u00f3n online y presencial en Barcelona.","robots":{"index":"index","follow":"follow","max-snippet":"max-snippet:-1","max-image-preview":"max-image-preview:large","max-video-preview":"max-video-preview:-1"},"canonical":"https:\/\/elparlante.es\/educomunicacio\/es\/contacto\/","og_locale":"es_ES","og_type":"article","og_title":"Contacto - elParlante - Educomunicaci\u00f3n","og_description":"Formaci\u00f3n en educomunicaci\u00f3n. Educaci\u00f3n y comunicaci\u00f3n para la ciudadan\u00eda activa. Formaci\u00f3n online y presencial en Barcelona.","og_url":"https:\/\/elparlante.es\/educomunicacio\/es\/contacto\/","og_site_name":"Educomunicaci\u00f3 Glocal","article_modified_time":"2024-08-02T00:26:00+00:00","og_image":[{"width":1000,"height":667,"url":"https:\/\/elparlante.es\/educomunicacio\/wp-content\/uploads\/2022\/09\/contact-scaled-e1662556364664.jpg","type":"image\/jpeg"}],"twitter_card":"summary_large_image","twitter_misc":{"Tiempo de lectura":"1 minuto"},"schema":{"@context":"https:\/\/schema.org","@graph":[{"@type":"WebPage","@id":"https:\/\/elparlante.es\/educomunicacio\/es\/contacto\/","url":"https:\/\/elparlante.es\/educomunicacio\/es\/contacto\/","name":"Contacto - elParlante - Educomunicaci\u00f3n","isPartOf":{"@id":"https:\/\/elparlante.es\/educomunicacio\/#website"},"primaryImageOfPage":{"@id":"https:\/\/elparlante.es\/educomunicacio\/es\/contacto\/#primaryimage"},"image":{"@id":"https:\/\/elparlante.es\/educomunicacio\/es\/contacto\/#primaryimage"},"thumbnailUrl":"https:\/\/elparlante.es\/educomunicacio\/wp-content\/uploads\/2022\/09\/contact-scaled-e1662556364664.jpg","datePublished":"2020-08-24T01:16:28+00:00","dateModified":"2024-08-02T00:26:00+00:00","description":"Formaci\u00f3n en educomunicaci\u00f3n. Educaci\u00f3n y comunicaci\u00f3n para la ciudadan\u00eda activa. Formaci\u00f3n online y presencial en Barcelona.","breadcrumb":{"@id":"https:\/\/elparlante.es\/educomunicacio\/es\/contacto\/#breadcrumb"},"inLanguage":"es","potentialAction":[{"@type":"ReadAction","target":["https:\/\/elparlante.es\/educomunicacio\/es\/contacto\/"]}]},{"@type":"ImageObject","inLanguage":"es","@id":"https:\/\/elparlante.es\/educomunicacio\/es\/contacto\/#primaryimage","url":"https:\/\/elparlante.es\/educomunicacio\/wp-content\/uploads\/2022\/09\/contact-scaled-e1662556364664.jpg","contentUrl":"https:\/\/elparlante.es\/educomunicacio\/wp-content\/uploads\/2022\/09\/contact-scaled-e1662556364664.jpg","width":1000,"height":667},{"@type":"BreadcrumbList","@id":"https:\/\/elparlante.es\/educomunicacio\/es\/contacto\/#breadcrumb","itemListElement":[{"@type":"ListItem","position":1,"name":"Portada","item":"https:\/\/elparlante.es\/educomunicacio\/es\/inicio\/"},{"@type":"ListItem","position":2,"name":"Contacto"}]},{"@type":"WebSite","@id":"https:\/\/elparlante.es\/educomunicacio\/#website","url":"https:\/\/elparlante.es\/educomunicacio\/","name":"Educomunicaci\u00f3 Glocal","description":"Formaci\u00f3n en EDUCOMUNICACI\u00d3N PARA LA CIUDADAN\u00cdA ACTIVA","potentialAction":[{"@type":"SearchAction","target":{"@type":"EntryPoint","urlTemplate":"https:\/\/elparlante.es\/educomunicacio\/?s={search_term_string}"},"query-input":{"@type":"PropertyValueSpecification","valueRequired":true,"valueName":"search_term_string"}}],"inLanguage":"es"}]}},"_links":{"self":[{"href":"https:\/\/elparlante.es\/educomunicacio\/wp-json\/wp\/v2\/pages\/865","targetHints":{"allow":["GET"]}}],"collection":[{"href":"https:\/\/elparlante.es\/educomunicacio\/wp-json\/wp\/v2\/pages"}],"about":[{"href":"https:\/\/elparlante.es\/educomunicacio\/wp-json\/wp\/v2\/types\/page"}],"author":[{"embeddable":true,"href":"https:\/\/elparlante.es\/educomunicacio\/wp-json\/wp\/v2\/users\/1"}],"replies":[{"embeddable":true,"href":"https:\/\/elparlante.es\/educomunicacio\/wp-json\/wp\/v2\/comments?post=865"}],"version-history":[{"count":18,"href":"https:\/\/elparlante.es\/educomunicacio\/wp-json\/wp\/v2\/pages\/865\/revisions"}],"predecessor-version":[{"id":2711,"href":"https:\/\/elparlante.es\/educomunicacio\/wp-json\/wp\/v2\/pages\/865\/revisions\/2711"}],"wp:featuredmedia":[{"embeddable":true,"href":"https:\/\/elparlante.es\/educomunicacio\/wp-json\/wp\/v2\/media\/2222"}],"wp:attachment":[{"href":"https:\/\/elparlante.es\/educomunicacio\/wp-json\/wp\/v2\/media?parent=865"}],"curies":[{"name":"wp","href":"https:\/\/api.w.org\/{rel}","templated":true}]}}