{"id":6927,"date":"2022-12-26T20:43:45","date_gmt":"2022-12-26T19:43:45","guid":{"rendered":"https:\/\/elparlante.es\/web\/blog\/"},"modified":"2023-10-15T21:00:42","modified_gmt":"2023-10-15T19:00:42","slug":"blog","status":"publish","type":"page","link":"https:\/\/elparlante.es\/en\/blog\/","title":{"rendered":"Blog"},"content":{"rendered":"<p>[et_pb_section fb_built=&#8221;1&#8243; fullwidth=&#8221;on&#8221; prev_background_color=&#8221;#ffffff&#8221; _builder_version=&#8221;4.4.2&#8243; background_color=&#8221;rgba(0,0,0,0.32)&#8221; background_image=&#8221;https:\/\/elparlante.es\/web\/wp-content\/uploads\/2023\/09\/banner_blog.jpg&#8221; background_blend=&#8221;multiply&#8221; custom_padding=&#8221;0px||200px|||&#8221; top_divider_style=&#8221;none&#8221; hover_enabled=&#8221;0&#8243;][et_pb_fullwidth_post_title meta=&#8221;off&#8221; featured_image=&#8221;off&#8221; text_color=&#8221;light&#8221; _builder_version=&#8221;4.4.2&#8243; title_font_size=&#8221;60px&#8221; hover_enabled=&#8221;0&#8243;][\/et_pb_fullwidth_post_title][\/et_pb_section][et_pb_section fb_built=&#8221;1&#8243; _builder_version=&#8221;4.4.2&#8243;][et_pb_row _builder_version=&#8221;4.4.2&#8243;][et_pb_column type=&#8221;4_4&#8243; _builder_version=&#8221;4.4.2&#8243;][et_pb_blog fullwidth=&#8221;off&#8221; posts_number=&#8221;100&#8243; include_categories=&#8221;10&#8243; use_manual_excerpt=&#8221;off&#8221; excerpt_length=&#8221;200&#8243; _builder_version=&#8221;4.4.2&#8243; hover_enabled=&#8221;0&#8243; show_author=&#8221;off&#8221; show_categories=&#8221;off&#8221;][\/et_pb_blog][\/et_pb_column][\/et_pb_row][\/et_pb_section][et_pb_section fb_built=&#8221;1&#8243; _builder_version=&#8221;4.4.2&#8243; background_color=&#8221;#33a6a6&#8243;][\/et_pb_section]<\/p>\n","protected":false},"excerpt":{"rendered":"","protected":false},"author":1,"featured_media":6687,"parent":0,"menu_order":0,"comment_status":"closed","ping_status":"closed","template":"","meta":{"_et_pb_use_builder":"on","_et_pb_old_content":"","_et_gb_content_width":"","_monsterinsights_skip_tracking":false,"_monsterinsights_sitenote_active":false,"_monsterinsights_sitenote_note":"","_monsterinsights_sitenote_category":0,"footnotes":""},"class_list":["post-6927","page","type-page","status-publish","has-post-thumbnail","hentry"],"yoast_head":"<!-- This site is optimized with the Yoast SEO plugin v27.2 - https:\/\/yoast.com\/product\/yoast-seo-wordpress\/ -->\n<title>Blog | elParlante<\/title>\n<meta name=\"description\" content=\"In elParlante we are dedicated to the design, implementation and evaluation of communication strategies. Read the blog posts.\" \/>\n<meta name=\"robots\" content=\"index, follow, max-snippet:-1, max-image-preview:large, max-video-preview:-1\" \/>\n<link rel=\"canonical\" href=\"https:\/\/elparlante.es\/en\/blog\/\" \/>\n<meta property=\"og:locale\" content=\"en_US\" \/>\n<meta property=\"og:type\" content=\"article\" \/>\n<meta property=\"og:title\" content=\"Blog | elParlante\" \/>\n<meta property=\"og:description\" content=\"In elParlante we are dedicated to the design, implementation and evaluation of communication strategies. Read the blog posts.\" \/>\n<meta property=\"og:url\" content=\"https:\/\/elparlante.es\/en\/blog\/\" \/>\n<meta property=\"og:site_name\" content=\"elParlante\" \/>\n<meta property=\"article:publisher\" content=\"https:\/\/www.facebook.com\/elParlante.es\" \/>\n<meta property=\"article:modified_time\" content=\"2023-10-15T19:00:42+00:00\" \/>\n<meta property=\"og:image\" content=\"https:\/\/elparlante.es\/wp-content\/uploads\/2023\/02\/Cocreacio-scaled.jpg\" \/>\n\t<meta property=\"og:image:width\" content=\"2560\" \/>\n\t<meta property=\"og:image:height\" content=\"1707\" \/>\n\t<meta property=\"og:image:type\" content=\"image\/jpeg\" \/>\n<meta name=\"twitter:card\" content=\"summary_large_image\" \/>\n<meta name=\"twitter:site\" content=\"@elParlanteBCN\" \/>\n<meta name=\"twitter:label1\" content=\"Est. reading time\" \/>\n\t<meta name=\"twitter:data1\" content=\"1 minute\" \/>\n<script type=\"application\/ld+json\" class=\"yoast-schema-graph\">{\"@context\":\"https:\/\/schema.org\",\"@graph\":[{\"@type\":\"WebPage\",\"@id\":\"https:\/\/elparlante.es\/en\/blog\/\",\"url\":\"https:\/\/elparlante.es\/en\/blog\/\",\"name\":\"Blog | elParlante\",\"isPartOf\":{\"@id\":\"https:\/\/elparlante.es\/en\/#website\"},\"primaryImageOfPage\":{\"@id\":\"https:\/\/elparlante.es\/en\/blog\/#primaryimage\"},\"image\":{\"@id\":\"https:\/\/elparlante.es\/en\/blog\/#primaryimage\"},\"thumbnailUrl\":\"https:\/\/elparlante.es\/wp-content\/uploads\/2023\/02\/Cocreacio-scaled.jpg\",\"datePublished\":\"2022-12-26T19:43:45+00:00\",\"dateModified\":\"2023-10-15T19:00:42+00:00\",\"description\":\"In elParlante we are dedicated to the design, implementation and evaluation of communication strategies. Read the blog posts.\",\"breadcrumb\":{\"@id\":\"https:\/\/elparlante.es\/en\/blog\/#breadcrumb\"},\"inLanguage\":\"en-US\",\"potentialAction\":[{\"@type\":\"ReadAction\",\"target\":[\"https:\/\/elparlante.es\/en\/blog\/\"]}]},{\"@type\":\"ImageObject\",\"inLanguage\":\"en-US\",\"@id\":\"https:\/\/elparlante.es\/en\/blog\/#primaryimage\",\"url\":\"https:\/\/elparlante.es\/wp-content\/uploads\/2023\/02\/Cocreacio-scaled.jpg\",\"contentUrl\":\"https:\/\/elparlante.es\/wp-content\/uploads\/2023\/02\/Cocreacio-scaled.jpg\",\"width\":2560,\"height\":1707},{\"@type\":\"BreadcrumbList\",\"@id\":\"https:\/\/elparlante.es\/en\/blog\/#breadcrumb\",\"itemListElement\":[{\"@type\":\"ListItem\",\"position\":1,\"name\":\"Portada\",\"item\":\"https:\/\/elparlante.es\/en\/\"},{\"@type\":\"ListItem\",\"position\":2,\"name\":\"Blog\"}]},{\"@type\":\"WebSite\",\"@id\":\"https:\/\/elparlante.es\/en\/#website\",\"url\":\"https:\/\/elparlante.es\/en\/\",\"name\":\"elParlante\",\"description\":\"ElParlante es una entidad de car\u00e1cter cultural, social y educativo, fundada en 2009. Entendemos la comunicaci\u00f3n como un proceso de di\u00e1logo constante, y utilizamos las tecnolog\u00edas audiovisuales como instrumentos de transformaci\u00f3n y cambio. Dise\u00f1amos, implementamos y evaluamos estrategias que vinculan la Educaci\u00f3n y la Comunicaci\u00f3n para la promoci\u00f3n de una ciudadan\u00eda m\u00e1s activa.\",\"alternateName\":\"elParlante\",\"potentialAction\":[{\"@type\":\"SearchAction\",\"target\":{\"@type\":\"EntryPoint\",\"urlTemplate\":\"https:\/\/elparlante.es\/en\/?s={search_term_string}\"},\"query-input\":{\"@type\":\"PropertyValueSpecification\",\"valueRequired\":true,\"valueName\":\"search_term_string\"}}],\"inLanguage\":\"en-US\"}]}<\/script>\n<!-- \/ Yoast SEO plugin. -->","yoast_head_json":{"title":"Blog | elParlante","description":"In elParlante we are dedicated to the design, implementation and evaluation of communication strategies. Read the blog posts.","robots":{"index":"index","follow":"follow","max-snippet":"max-snippet:-1","max-image-preview":"max-image-preview:large","max-video-preview":"max-video-preview:-1"},"canonical":"https:\/\/elparlante.es\/en\/blog\/","og_locale":"en_US","og_type":"article","og_title":"Blog | elParlante","og_description":"In elParlante we are dedicated to the design, implementation and evaluation of communication strategies. Read the blog posts.","og_url":"https:\/\/elparlante.es\/en\/blog\/","og_site_name":"elParlante","article_publisher":"https:\/\/www.facebook.com\/elParlante.es","article_modified_time":"2023-10-15T19:00:42+00:00","og_image":[{"width":2560,"height":1707,"url":"https:\/\/elparlante.es\/wp-content\/uploads\/2023\/02\/Cocreacio-scaled.jpg","type":"image\/jpeg"}],"twitter_card":"summary_large_image","twitter_site":"@elParlanteBCN","twitter_misc":{"Est. reading time":"1 minute"},"schema":{"@context":"https:\/\/schema.org","@graph":[{"@type":"WebPage","@id":"https:\/\/elparlante.es\/en\/blog\/","url":"https:\/\/elparlante.es\/en\/blog\/","name":"Blog | elParlante","isPartOf":{"@id":"https:\/\/elparlante.es\/en\/#website"},"primaryImageOfPage":{"@id":"https:\/\/elparlante.es\/en\/blog\/#primaryimage"},"image":{"@id":"https:\/\/elparlante.es\/en\/blog\/#primaryimage"},"thumbnailUrl":"https:\/\/elparlante.es\/wp-content\/uploads\/2023\/02\/Cocreacio-scaled.jpg","datePublished":"2022-12-26T19:43:45+00:00","dateModified":"2023-10-15T19:00:42+00:00","description":"In elParlante we are dedicated to the design, implementation and evaluation of communication strategies. Read the blog posts.","breadcrumb":{"@id":"https:\/\/elparlante.es\/en\/blog\/#breadcrumb"},"inLanguage":"en-US","potentialAction":[{"@type":"ReadAction","target":["https:\/\/elparlante.es\/en\/blog\/"]}]},{"@type":"ImageObject","inLanguage":"en-US","@id":"https:\/\/elparlante.es\/en\/blog\/#primaryimage","url":"https:\/\/elparlante.es\/wp-content\/uploads\/2023\/02\/Cocreacio-scaled.jpg","contentUrl":"https:\/\/elparlante.es\/wp-content\/uploads\/2023\/02\/Cocreacio-scaled.jpg","width":2560,"height":1707},{"@type":"BreadcrumbList","@id":"https:\/\/elparlante.es\/en\/blog\/#breadcrumb","itemListElement":[{"@type":"ListItem","position":1,"name":"Portada","item":"https:\/\/elparlante.es\/en\/"},{"@type":"ListItem","position":2,"name":"Blog"}]},{"@type":"WebSite","@id":"https:\/\/elparlante.es\/en\/#website","url":"https:\/\/elparlante.es\/en\/","name":"elParlante","description":"ElParlante es una entidad de car\u00e1cter cultural, social y educativo, fundada en 2009. Entendemos la comunicaci\u00f3n como un proceso de di\u00e1logo constante, y utilizamos las tecnolog\u00edas audiovisuales como instrumentos de transformaci\u00f3n y cambio. Dise\u00f1amos, implementamos y evaluamos estrategias que vinculan la Educaci\u00f3n y la Comunicaci\u00f3n para la promoci\u00f3n de una ciudadan\u00eda m\u00e1s activa.","alternateName":"elParlante","potentialAction":[{"@type":"SearchAction","target":{"@type":"EntryPoint","urlTemplate":"https:\/\/elparlante.es\/en\/?s={search_term_string}"},"query-input":{"@type":"PropertyValueSpecification","valueRequired":true,"valueName":"search_term_string"}}],"inLanguage":"en-US"}]}},"_links":{"self":[{"href":"https:\/\/elparlante.es\/en\/wp-json\/wp\/v2\/pages\/6927","targetHints":{"allow":["GET"]}}],"collection":[{"href":"https:\/\/elparlante.es\/en\/wp-json\/wp\/v2\/pages"}],"about":[{"href":"https:\/\/elparlante.es\/en\/wp-json\/wp\/v2\/types\/page"}],"author":[{"embeddable":true,"href":"https:\/\/elparlante.es\/en\/wp-json\/wp\/v2\/users\/1"}],"replies":[{"embeddable":true,"href":"https:\/\/elparlante.es\/en\/wp-json\/wp\/v2\/comments?post=6927"}],"version-history":[{"count":1,"href":"https:\/\/elparlante.es\/en\/wp-json\/wp\/v2\/pages\/6927\/revisions"}],"predecessor-version":[{"id":6930,"href":"https:\/\/elparlante.es\/en\/wp-json\/wp\/v2\/pages\/6927\/revisions\/6930"}],"wp:featuredmedia":[{"embeddable":true,"href":"https:\/\/elparlante.es\/en\/wp-json\/wp\/v2\/media\/6687"}],"wp:attachment":[{"href":"https:\/\/elparlante.es\/en\/wp-json\/wp\/v2\/media?parent=6927"}],"curies":[{"name":"wp","href":"https:\/\/api.w.org\/{rel}","templated":true}]}}