{"id":6956,"date":"2023-09-08T16:17:49","date_gmt":"2023-09-08T14:17:49","guid":{"rendered":"https:\/\/elparlante.es\/web\/resources\/"},"modified":"2023-10-15T21:01:13","modified_gmt":"2023-10-15T19:01:13","slug":"resources","status":"publish","type":"page","link":"https:\/\/elparlante.es\/en\/resources\/","title":{"rendered":"Resources"},"content":{"rendered":"<p>[et_pb_section fb_built=&#8221;1&#8243; fullwidth=&#8221;on&#8221; _builder_version=&#8221;4.4.2&#8243; background_color=&#8221;rgba(0,0,0,0.37)&#8221; background_image=&#8221;https:\/\/elparlante.es\/web\/wp-content\/uploads\/2023\/09\/banner_recursos.jpg&#8221; background_blend=&#8221;multiply&#8221; background_enable_video_mp4=&#8221;off&#8221; background_enable_video_webm=&#8221;off&#8221; custom_padding=&#8221;0px||200px|||&#8221; top_divider_style=&#8221;none&#8221; top_divider_color=&#8221;#f25041&#8243;][et_pb_fullwidth_post_title meta=&#8221;off&#8221; featured_image=&#8221;off&#8221; text_color=&#8221;light&#8221; _builder_version=&#8221;4.4.2&#8243; title_font_size=&#8221;60px&#8221;][\/et_pb_fullwidth_post_title][\/et_pb_section][et_pb_section fb_built=&#8221;1&#8243; module_id=&#8221;methodology&#8221; _builder_version=&#8221;4.4.2&#8243;][et_pb_row column_structure=&#8221;1_2,1_2&#8243; _builder_version=&#8221;4.4.2&#8243; custom_padding=&#8221;50px||12px|||&#8221;][et_pb_column type=&#8221;1_2&#8243; _builder_version=&#8221;4.4.2&#8243;][et_pb_text _builder_version=&#8221;4.4.2&#8243; header_font_size=&#8221;55px&#8221; custom_margin=&#8221;|-38px||||&#8221; custom_padding=&#8221;|0px||0px||&#8221;]<\/p>\n<h2>Our methodology<\/h2>\n<p>[\/et_pb_text][et_pb_text _builder_version=&#8221;4.4.2&#8243;]<\/p>\n<blockquote><p>This presentation explains the methodology on which our interventions are based and the way in which our strategic lines of work are complemented.<\/p>\n<p>&nbsp;<\/p>\n<p><a href=\"https:\/\/elparlante.es\/web\/wp-content\/uploads\/2023\/09\/Metodologia_elParlante.pdf\" target=\"_blank\" rel=\"noopener noreferrer\"><img loading=\"lazy\" decoding=\"async\" src=\"https:\/\/foradequadre.org\/wp-content\/uploads\/2021\/07\/pdf.svg\" alt=\"\" width=\"22\" height=\"25\">  Download PDF<\/a><\/p><\/blockquote>\n<p>[\/et_pb_text][\/et_pb_column][et_pb_column type=&#8221;1_2&#8243; _builder_version=&#8221;4.4.2&#8243;][et_pb_code _builder_version=&#8221;4.4.2&#8243; custom_margin=&#8221;||-17px|||&#8221;]<iframe loading=\"lazy\" src=\"https:\/\/elparlante.es\/web\/wp-content\/uploads\/2023\/09\/Metodologia_elParlante.pdf\" height=\"350px\" width=\"100%\"><!-- [et_pb_line_break_holder] -->  <!-- [et_pb_line_break_holder] --><\/iframe>[\/et_pb_code][\/et_pb_column][\/et_pb_row][\/et_pb_section][et_pb_section fb_built=&#8221;1&#8243; prev_background_color=&#8221;#ffffff&#8221; module_id=&#8221;Theses&#8221; _builder_version=&#8221;4.4.2&#8243; background_color=&#8221;rgba(214,214,214,0.52)&#8221; custom_padding=&#8221;75px||30px|||&#8221; top_divider_style=&#8221;arrow2&#8243;][et_pb_row column_structure=&#8221;1_2,1_2&#8243; _builder_version=&#8221;4.4.2&#8243; custom_padding=&#8221;50px|||||&#8221; locked=&#8221;off&#8221;][et_pb_column type=&#8221;1_2&#8243; _builder_version=&#8221;4.4.2&#8243;][et_pb_text _builder_version=&#8221;4.4.2&#8243; header_font_size=&#8221;55px&#8221; custom_margin=&#8221;|-38px||||&#8221; custom_padding=&#8221;|0px||0px||&#8221;]<\/p>\n<h2>Where do we come from?<\/h2>\n<p>[\/et_pb_text][et_pb_text _builder_version=&#8221;4.4.2&#8243;]<\/p>\n<blockquote><p><span>This presentation explains the results of the doctoral thesis that allowed to systematize the work of elParlante for several years to generate its own model of research &#8211; action &#8211; evaluation.<\/span><\/p>\n<p>&nbsp;<\/p>\n<p><a href=\"https:\/\/elparlante.es\/web\/wp-content\/uploads\/2023\/09\/Tesis_elParlante.pdf\" target=\"_blank\" rel=\"noopener noreferrer\"><img loading=\"lazy\" decoding=\"async\" src=\"https:\/\/foradequadre.org\/wp-content\/uploads\/2021\/07\/pdf.svg\" alt=\"\" width=\"22\" height=\"25\">  Download PDF<\/a><\/p><\/blockquote>\n<p>[\/et_pb_text][\/et_pb_column][et_pb_column type=&#8221;1_2&#8243; _builder_version=&#8221;4.4.2&#8243;][et_pb_code _builder_version=&#8221;4.4.2&#8243; custom_padding=&#8221;||0px|||&#8221;]<iframe loading=\"lazy\" src=\"https:\/\/elparlante.es\/web\/wp-content\/uploads\/2023\/09\/Tesis_elParlante.pdf\" height=\"350px\" width=\"100%\"><!-- [et_pb_line_break_holder] -->  <!-- [et_pb_line_break_holder] --><\/iframe>[\/et_pb_code][\/et_pb_column][\/et_pb_row][\/et_pb_section][et_pb_section fb_built=&#8221;1&#8243; module_id=&#8221;Formations&#8221; _builder_version=&#8221;4.4.2&#8243; background_color=&#8221;#323673&#8243; background_enable_image=&#8221;off&#8221; parallax=&#8221;on&#8221;][et_pb_row column_structure=&#8221;1_2,1_2&#8243; _builder_version=&#8221;4.4.2&#8243;][et_pb_column type=&#8221;1_2&#8243; _builder_version=&#8221;4.4.2&#8243;][et_pb_image src=&#8221;https:\/\/elparlante.es\/web\/wp-content\/uploads\/2023\/09\/Formacio-Educom.jpg&#8221; url=&#8221;https:\/\/elparlante.es\/educomunicacio\/&#8221; url_new_window=&#8221;on&#8221; _builder_version=&#8221;4.4.2&#8243;][\/et_pb_image][et_pb_text _builder_version=&#8221;4.4.2&#8243; text_text_color=&#8221;#ffffff&#8221;]<strong>TRAINING IN EDUCOMMUNICATION &#8211; ART, CULTURE AND COMMUNITY ACTION<\/strong><\/p>\n<p>A training and exchange space for professionals interested in the areas of education, communication, community art and social transformation.<\/p>\n<p>It is a theoretical-practical training promoted by the Cultural Association elParlante in collaboration with Pompeu Fabra University, based on<span> <\/span><span><strong>29 dialogues<\/strong><\/span><span> <\/span>With experts who work on educommunication from academia and practices in the field.[\/et_pb_text][et_pb_button button_url=&#8221;https:\/\/elparlante.es\/educomunicacio\/&#8221; button_text=&#8221;SIGN UP&#8221; button_alignment=&#8221;center&#8221; _builder_version=&#8221;4.4.2&#8243; custom_button=&#8221;on&#8221; button_text_color=&#8221;#ffffff&#8221;][\/et_pb_button][\/et_pb_column][et_pb_column type=&#8221;1_2&#8243; _builder_version=&#8221;4.4.2&#8243;][et_pb_image src=&#8221;https:\/\/elparlante.es\/web\/wp-content\/uploads\/2023\/09\/llibre_educom.jpg&#8221; url=&#8221;https:\/\/neret.cat\/producte\/educomunicacion\/&#8221; url_new_window=&#8221;on&#8221; _builder_version=&#8221;4.4.2&#8243;][\/et_pb_image][et_pb_text _builder_version=&#8221;4.4.2&#8243; text_text_color=&#8221;#ffffff&#8221;]<strong>BOOK &#8220;EDUCOMUNICACI\u00d3N, 20 DI\u00c1LOGOS TE\u00d3RICO-PR\u00c1CTICOS&#8221;. From:  <\/strong><em><strong>Alfredo Cohen Montoya<\/strong><\/em><\/p>\n<p><span>This book is composed of 20 dialogues to dream and learn, to share experiences, traditions and emotions; for building meaning and community. One  <\/span><em>metadialogue<\/em><span>  which seeks to generate knowledge applied to a multitude of different scenarios both in the global North and South. Dialogues from academia and from the field.<\/span>[\/et_pb_text][et_pb_button button_url=&#8221;https:\/\/neret.cat\/producte\/educomunicacion\/&#8221; button_text=&#8221;BUY&#8221; button_alignment=&#8221;center&#8221; _builder_version=&#8221;4.4.2&#8243; custom_button=&#8221;on&#8221; button_text_color=&#8221;#ffffff&#8221;][\/et_pb_button][\/et_pb_column][\/et_pb_row][\/et_pb_section]<\/p>\n","protected":false},"excerpt":{"rendered":"<p>elParlante offers you resources and training on our strategy and methodology using educommunication.<\/p>\n","protected":false},"author":1,"featured_media":6687,"parent":0,"menu_order":0,"comment_status":"closed","ping_status":"closed","template":"","meta":{"_et_pb_use_builder":"on","_et_pb_old_content":"","_et_gb_content_width":"","_monsterinsights_skip_tracking":false,"_monsterinsights_sitenote_active":false,"_monsterinsights_sitenote_note":"","_monsterinsights_sitenote_category":0,"footnotes":""},"class_list":["post-6956","page","type-page","status-publish","has-post-thumbnail","hentry"],"yoast_head":"<!-- This site is optimized with the Yoast SEO plugin v27.2 - https:\/\/yoast.com\/product\/yoast-seo-wordpress\/ -->\n<title>Resources | elParlante<\/title>\n<meta name=\"description\" content=\"elParlante offers you resources and training on our strategy and methodology using educommunication.\" \/>\n<meta name=\"robots\" content=\"index, follow, max-snippet:-1, max-image-preview:large, max-video-preview:-1\" \/>\n<link rel=\"canonical\" href=\"https:\/\/elparlante.es\/en\/resources\/\" \/>\n<meta property=\"og:locale\" content=\"en_US\" \/>\n<meta property=\"og:type\" content=\"article\" \/>\n<meta property=\"og:title\" content=\"Resources | elParlante\" \/>\n<meta property=\"og:description\" content=\"elParlante offers you resources and training on our strategy and methodology using educommunication.\" \/>\n<meta property=\"og:url\" content=\"https:\/\/elparlante.es\/en\/resources\/\" \/>\n<meta property=\"og:site_name\" content=\"elParlante\" \/>\n<meta property=\"article:publisher\" content=\"https:\/\/www.facebook.com\/elParlante.es\" \/>\n<meta property=\"article:modified_time\" content=\"2023-10-15T19:01:13+00:00\" \/>\n<meta property=\"og:image\" content=\"https:\/\/elparlante.es\/wp-content\/uploads\/2023\/02\/Cocreacio-scaled.jpg\" \/>\n\t<meta property=\"og:image:width\" content=\"2560\" \/>\n\t<meta property=\"og:image:height\" content=\"1707\" \/>\n\t<meta property=\"og:image:type\" content=\"image\/jpeg\" \/>\n<meta name=\"twitter:card\" content=\"summary_large_image\" \/>\n<meta name=\"twitter:site\" content=\"@elParlanteBCN\" \/>\n<meta name=\"twitter:label1\" content=\"Est. reading time\" \/>\n\t<meta name=\"twitter:data1\" content=\"3 minutes\" \/>\n<script type=\"application\/ld+json\" class=\"yoast-schema-graph\">{\"@context\":\"https:\/\/schema.org\",\"@graph\":[{\"@type\":\"WebPage\",\"@id\":\"https:\/\/elparlante.es\/en\/resources\/\",\"url\":\"https:\/\/elparlante.es\/en\/resources\/\",\"name\":\"Resources | elParlante\",\"isPartOf\":{\"@id\":\"https:\/\/elparlante.es\/en\/#website\"},\"primaryImageOfPage\":{\"@id\":\"https:\/\/elparlante.es\/en\/resources\/#primaryimage\"},\"image\":{\"@id\":\"https:\/\/elparlante.es\/en\/resources\/#primaryimage\"},\"thumbnailUrl\":\"https:\/\/elparlante.es\/wp-content\/uploads\/2023\/02\/Cocreacio-scaled.jpg\",\"datePublished\":\"2023-09-08T14:17:49+00:00\",\"dateModified\":\"2023-10-15T19:01:13+00:00\",\"description\":\"elParlante offers you resources and training on our strategy and methodology using educommunication.\",\"breadcrumb\":{\"@id\":\"https:\/\/elparlante.es\/en\/resources\/#breadcrumb\"},\"inLanguage\":\"en-US\",\"potentialAction\":[{\"@type\":\"ReadAction\",\"target\":[\"https:\/\/elparlante.es\/en\/resources\/\"]}]},{\"@type\":\"ImageObject\",\"inLanguage\":\"en-US\",\"@id\":\"https:\/\/elparlante.es\/en\/resources\/#primaryimage\",\"url\":\"https:\/\/elparlante.es\/wp-content\/uploads\/2023\/02\/Cocreacio-scaled.jpg\",\"contentUrl\":\"https:\/\/elparlante.es\/wp-content\/uploads\/2023\/02\/Cocreacio-scaled.jpg\",\"width\":2560,\"height\":1707},{\"@type\":\"BreadcrumbList\",\"@id\":\"https:\/\/elparlante.es\/en\/resources\/#breadcrumb\",\"itemListElement\":[{\"@type\":\"ListItem\",\"position\":1,\"name\":\"Portada\",\"item\":\"https:\/\/elparlante.es\/en\/\"},{\"@type\":\"ListItem\",\"position\":2,\"name\":\"Resources\"}]},{\"@type\":\"WebSite\",\"@id\":\"https:\/\/elparlante.es\/en\/#website\",\"url\":\"https:\/\/elparlante.es\/en\/\",\"name\":\"elParlante\",\"description\":\"ElParlante es una entidad de car\u00e1cter cultural, social y educativo, fundada en 2009. Entendemos la comunicaci\u00f3n como un proceso de di\u00e1logo constante, y utilizamos las tecnolog\u00edas audiovisuales como instrumentos de transformaci\u00f3n y cambio. Dise\u00f1amos, implementamos y evaluamos estrategias que vinculan la Educaci\u00f3n y la Comunicaci\u00f3n para la promoci\u00f3n de una ciudadan\u00eda m\u00e1s activa.\",\"alternateName\":\"elParlante\",\"potentialAction\":[{\"@type\":\"SearchAction\",\"target\":{\"@type\":\"EntryPoint\",\"urlTemplate\":\"https:\/\/elparlante.es\/en\/?s={search_term_string}\"},\"query-input\":{\"@type\":\"PropertyValueSpecification\",\"valueRequired\":true,\"valueName\":\"search_term_string\"}}],\"inLanguage\":\"en-US\"}]}<\/script>\n<!-- \/ Yoast SEO plugin. -->","yoast_head_json":{"title":"Resources | elParlante","description":"elParlante offers you resources and training on our strategy and methodology using educommunication.","robots":{"index":"index","follow":"follow","max-snippet":"max-snippet:-1","max-image-preview":"max-image-preview:large","max-video-preview":"max-video-preview:-1"},"canonical":"https:\/\/elparlante.es\/en\/resources\/","og_locale":"en_US","og_type":"article","og_title":"Resources | elParlante","og_description":"elParlante offers you resources and training on our strategy and methodology using educommunication.","og_url":"https:\/\/elparlante.es\/en\/resources\/","og_site_name":"elParlante","article_publisher":"https:\/\/www.facebook.com\/elParlante.es","article_modified_time":"2023-10-15T19:01:13+00:00","og_image":[{"width":2560,"height":1707,"url":"https:\/\/elparlante.es\/wp-content\/uploads\/2023\/02\/Cocreacio-scaled.jpg","type":"image\/jpeg"}],"twitter_card":"summary_large_image","twitter_site":"@elParlanteBCN","twitter_misc":{"Est. reading time":"3 minutes"},"schema":{"@context":"https:\/\/schema.org","@graph":[{"@type":"WebPage","@id":"https:\/\/elparlante.es\/en\/resources\/","url":"https:\/\/elparlante.es\/en\/resources\/","name":"Resources | elParlante","isPartOf":{"@id":"https:\/\/elparlante.es\/en\/#website"},"primaryImageOfPage":{"@id":"https:\/\/elparlante.es\/en\/resources\/#primaryimage"},"image":{"@id":"https:\/\/elparlante.es\/en\/resources\/#primaryimage"},"thumbnailUrl":"https:\/\/elparlante.es\/wp-content\/uploads\/2023\/02\/Cocreacio-scaled.jpg","datePublished":"2023-09-08T14:17:49+00:00","dateModified":"2023-10-15T19:01:13+00:00","description":"elParlante offers you resources and training on our strategy and methodology using educommunication.","breadcrumb":{"@id":"https:\/\/elparlante.es\/en\/resources\/#breadcrumb"},"inLanguage":"en-US","potentialAction":[{"@type":"ReadAction","target":["https:\/\/elparlante.es\/en\/resources\/"]}]},{"@type":"ImageObject","inLanguage":"en-US","@id":"https:\/\/elparlante.es\/en\/resources\/#primaryimage","url":"https:\/\/elparlante.es\/wp-content\/uploads\/2023\/02\/Cocreacio-scaled.jpg","contentUrl":"https:\/\/elparlante.es\/wp-content\/uploads\/2023\/02\/Cocreacio-scaled.jpg","width":2560,"height":1707},{"@type":"BreadcrumbList","@id":"https:\/\/elparlante.es\/en\/resources\/#breadcrumb","itemListElement":[{"@type":"ListItem","position":1,"name":"Portada","item":"https:\/\/elparlante.es\/en\/"},{"@type":"ListItem","position":2,"name":"Resources"}]},{"@type":"WebSite","@id":"https:\/\/elparlante.es\/en\/#website","url":"https:\/\/elparlante.es\/en\/","name":"elParlante","description":"ElParlante es una entidad de car\u00e1cter cultural, social y educativo, fundada en 2009. Entendemos la comunicaci\u00f3n como un proceso de di\u00e1logo constante, y utilizamos las tecnolog\u00edas audiovisuales como instrumentos de transformaci\u00f3n y cambio. Dise\u00f1amos, implementamos y evaluamos estrategias que vinculan la Educaci\u00f3n y la Comunicaci\u00f3n para la promoci\u00f3n de una ciudadan\u00eda m\u00e1s activa.","alternateName":"elParlante","potentialAction":[{"@type":"SearchAction","target":{"@type":"EntryPoint","urlTemplate":"https:\/\/elparlante.es\/en\/?s={search_term_string}"},"query-input":{"@type":"PropertyValueSpecification","valueRequired":true,"valueName":"search_term_string"}}],"inLanguage":"en-US"}]}},"_links":{"self":[{"href":"https:\/\/elparlante.es\/en\/wp-json\/wp\/v2\/pages\/6956","targetHints":{"allow":["GET"]}}],"collection":[{"href":"https:\/\/elparlante.es\/en\/wp-json\/wp\/v2\/pages"}],"about":[{"href":"https:\/\/elparlante.es\/en\/wp-json\/wp\/v2\/types\/page"}],"author":[{"embeddable":true,"href":"https:\/\/elparlante.es\/en\/wp-json\/wp\/v2\/users\/1"}],"replies":[{"embeddable":true,"href":"https:\/\/elparlante.es\/en\/wp-json\/wp\/v2\/comments?post=6956"}],"version-history":[{"count":5,"href":"https:\/\/elparlante.es\/en\/wp-json\/wp\/v2\/pages\/6956\/revisions"}],"predecessor-version":[{"id":6972,"href":"https:\/\/elparlante.es\/en\/wp-json\/wp\/v2\/pages\/6956\/revisions\/6972"}],"wp:featuredmedia":[{"embeddable":true,"href":"https:\/\/elparlante.es\/en\/wp-json\/wp\/v2\/media\/6687"}],"wp:attachment":[{"href":"https:\/\/elparlante.es\/en\/wp-json\/wp\/v2\/media?parent=6956"}],"curies":[{"name":"wp","href":"https:\/\/api.w.org\/{rel}","templated":true}]}}