{"id":7036,"date":"2023-02-15T16:01:57","date_gmt":"2023-02-15T15:01:57","guid":{"rendered":"https:\/\/elparlante.es\/web\/what-do-we-do\/"},"modified":"2025-02-16T22:59:20","modified_gmt":"2025-02-16T21:59:20","slug":"what-do-we-do","status":"publish","type":"page","link":"https:\/\/elparlante.es\/en\/what-do-we-do\/","title":{"rendered":"What do we do"},"content":{"rendered":"<p>[et_pb_section fb_built=&#8221;1&#8243; fullwidth=&#8221;on&#8221; prev_background_color=&#8221;#ffffff&#8221; _builder_version=&#8221;4.16&#8243; background_color=&#8221;rgba(0,0,0,0.25)&#8221; background_image=&#8221;https:\/\/elparlante.es\/wp-content\/uploads\/2023\/09\/banner_que-fem.jpg&#8221; background_position=&#8221;bottom_center&#8221; background_blend=&#8221;multiply&#8221; custom_padding=&#8221;0px||200px|||&#8221; top_divider_style=&#8221;none&#8221; locked=&#8221;off&#8221; global_colors_info=&#8221;{}&#8221;][et_pb_fullwidth_post_title meta=&#8221;off&#8221; featured_image=&#8221;off&#8221; text_color=&#8221;light&#8221; _builder_version=&#8221;4.16&#8243; title_font_size=&#8221;60px&#8221; global_colors_info=&#8221;{}&#8221;][\/et_pb_fullwidth_post_title][\/et_pb_section][et_pb_section fb_built=&#8221;1&#8243; _builder_version=&#8221;4.16&#8243; background_enable_color=&#8221;off&#8221; global_colors_info=&#8221;{}&#8221;][et_pb_row _builder_version=&#8221;4.16&#8243; custom_padding=&#8221;24px||0px|||&#8221; global_colors_info=&#8221;{}&#8221;][et_pb_column type=&#8221;4_4&#8243; _builder_version=&#8221;4.16&#8243; global_colors_info=&#8221;{}&#8221;][et_pb_text _builder_version=&#8221;4.16&#8243; text_text_color=&#8221;#000000&#8243; text_font_size=&#8221;22px&#8221; text_line_height=&#8221;1.8em&#8221; header_text_color=&#8221;#000000&#8243; header_2_text_color=&#8221;#000000&#8243; header_3_text_color=&#8221;#000000&#8243; header_4_text_color=&#8221;#000000&#8243; header_5_text_color=&#8221;#000000&#8243; header_text_shadow_style=&#8221;preset2&#8243; global_colors_info=&#8221;{}&#8221;]<\/p>\n<p style=\"text-align: center;\">In <strong>elParlante<\/strong> we work with public administrations, private organizations and third sector entities, in academic environments and media. We carry out projects from the diagnosis of a specific need to the design of the strategy, its implementation and evaluation. Likewise, we carry out specific actions within promotional campaigns and more global proposals.<\/p>\n<p>[\/et_pb_text][\/et_pb_column][\/et_pb_row][\/et_pb_section][et_pb_section fb_built=&#8221;1&#8243; prev_background_color=&#8221;#ffffff&#8221; module_id=&#8221;awareness&#8221; _builder_version=&#8221;4.16&#8243; background_color=&#8221;#8c1f66&#8243; custom_padding=&#8221;100px||0px|||&#8221; top_divider_style=&#8221;arrow2&#8243; global_colors_info=&#8221;{}&#8221;][et_pb_row column_structure=&#8221;3_5,2_5&#8243; _builder_version=&#8221;4.16&#8243; global_colors_info=&#8221;{}&#8221;][et_pb_column type=&#8221;3_5&#8243; _builder_version=&#8221;4.16&#8243; global_colors_info=&#8221;{}&#8221;][et_pb_divider color=&#8221;#ffffff&#8221; _builder_version=&#8221;4.16&#8243; custom_padding=&#8221;||0px|||&#8221; global_colors_info=&#8221;{}&#8221;][\/et_pb_divider][et_pb_toggle title=&#8221;AWARENESS&#8221; open_toggle_text_color=&#8221;#ffffff&#8221; open_toggle_background_color=&#8221;rgba(0,0,0,0)&#8221; closed_toggle_text_color=&#8221;#ffffff&#8221; closed_toggle_background_color=&#8221;rgba(0,0,0,0)&#8221; use_icon_font_size=&#8221;on&#8221; icon_font_size=&#8221;36px&#8221; open_use_icon_font_size=&#8221;on&#8221; open_icon_font_size=&#8221;36px&#8221; _builder_version=&#8221;4.16&#8243; title_text_color=&#8221;#ffffff&#8221; title_font=&#8221;|||on|||||&#8221; title_font_size=&#8221;30px&#8221; body_text_color=&#8221;#ffffff&#8221; title_font_size_tablet=&#8221;&#8221; title_font_size_phone=&#8221;29px&#8221; title_font_size_last_edited=&#8221;on|phone&#8221; border_color_all=&#8221;rgba(0,0,0,0)&#8221; global_colors_info=&#8221;{}&#8221;]<\/p>\n<p>From a Netflix series to a TikTok influencer, through a newscast, a music video, a football match or pornographic material&#8230; Everything we consume educates us in one way or another.<br \/>From the critical reading of social networks and all kinds of audiovisual material, together with groups of young people, adults and \/ or older people we review the imaginaries, stereotypes and prejudices that different media configure about reality.<br \/>Our methodologies include collective debates, content analysis and playful dynamics that allow us to always reflect from an intersectional and decolonial perspective, dealing with issues such as interculturality, classism, racism, ageism, gender violence, sexual and affective diversity, among many others.<br \/>The workshops can last between 1 and 4 hours and can be done both in <span style=\"color: #000000;\"><br \/>\n  <a href=\"https:\/\/cruilla-comu.elparlante.es\/\" style=\"color: #000000;\">schools<\/a><br \/>\n<\/span> and outside the classroom.<\/p>\n<p>[\/et_pb_toggle][\/et_pb_column][et_pb_column type=&#8221;2_5&#8243; _builder_version=&#8221;4.16&#8243; global_colors_info=&#8221;{}&#8221;][et_pb_image src=&#8221;https:\/\/elparlante.es\/wp-content\/uploads\/2023\/09\/Sensibilitzacio-scaled.jpg&#8221; _builder_version=&#8221;4.16&#8243; border_radii=&#8221;on|10px|10px|10px|10px&#8221; box_shadow_style=&#8221;preset2&#8243; global_colors_info=&#8221;{}&#8221;][\/et_pb_image][\/et_pb_column][\/et_pb_row][\/et_pb_section][et_pb_section fb_built=&#8221;1&#8243; module_id=&#8221;audiovisual-co-creation&#8221; _builder_version=&#8221;4.16&#8243; background_color=&#8221;#323673&#8243; global_colors_info=&#8221;{}&#8221;][et_pb_row column_structure=&#8221;3_5,2_5&#8243; _builder_version=&#8221;4.16&#8243; global_colors_info=&#8221;{}&#8221;][et_pb_column type=&#8221;3_5&#8243; _builder_version=&#8221;4.16&#8243; global_colors_info=&#8221;{}&#8221;][et_pb_divider color=&#8221;#ffffff&#8221; _builder_version=&#8221;4.16&#8243; custom_padding=&#8221;||0px|||&#8221; global_colors_info=&#8221;{}&#8221;][\/et_pb_divider][et_pb_toggle title=&#8221;Audiovisual co-creation&#8221; open_toggle_text_color=&#8221;#ffffff&#8221; open_toggle_background_color=&#8221;rgba(0,0,0,0)&#8221; closed_toggle_text_color=&#8221;#ffffff&#8221; closed_toggle_background_color=&#8221;rgba(0,0,0,0)&#8221; use_icon_font_size=&#8221;on&#8221; icon_font_size=&#8221;36px&#8221; open_use_icon_font_size=&#8221;on&#8221; open_icon_font_size=&#8221;36px&#8221; _builder_version=&#8221;4.16&#8243; title_text_color=&#8221;#ffffff&#8221; title_font=&#8221;|||on|||||&#8221; title_font_size=&#8221;30px&#8221; body_text_color=&#8221;#ffffff&#8221; border_color_all=&#8221;rgba(0,0,0,0)&#8221; global_colors_info=&#8221;{}&#8221;]<\/p>\n<p>In both formal and non-formal education, we generate spaces for collective audiovisual creation to develop projects that promote culture, diversity, employment and inclusion, among others.<br \/>  Our methodology incorporates the use of video, photography, radio or theater as tools to facilitate participatory processes. The workshops are designed from an intersectional perspective, taking into account diversity of origin, sex and gender, as well as the ways in which power is exercised within the group and in society. We have worked with young people, children and the elderly, as well as women victims of violence, peasants, people with Down syndrome, among many others.<br \/>  The result is an audiovisual product that is shared with the community and with digital media. When these processes of co-creation are sustained over time \u2014as in the case of <a href=\"https:\/\/ciutat-esperanca.elparlante.es\/ca\/\">City of Hope<\/a>\u2014 they allow the empowerment of participants and a greater capacity to express their emotions, to self-organize and link with the territory.<\/p>\n<p>[\/et_pb_toggle][\/et_pb_column][et_pb_column type=&#8221;2_5&#8243; _builder_version=&#8221;4.16&#8243; global_colors_info=&#8221;{}&#8221;][et_pb_image src=&#8221;https:\/\/elparlante.es\/wp-content\/uploads\/2023\/02\/Cocreacio-scaled.jpg&#8221; _builder_version=&#8221;4.16&#8243; border_radii=&#8221;on|10px|10px|10px|10px&#8221; box_shadow_style=&#8221;preset2&#8243; global_colors_info=&#8221;{}&#8221;][\/et_pb_image][\/et_pb_column][\/et_pb_row][\/et_pb_section][et_pb_section fb_built=&#8221;1&#8243; module_id=&#8221;cultural-management&#8221; _builder_version=&#8221;4.16&#8243; background_color=&#8221;#33a6a6&#8243; custom_padding=&#8221;0px||40px|||&#8221; global_colors_info=&#8221;{}&#8221;][et_pb_row column_structure=&#8221;3_5,2_5&#8243; _builder_version=&#8221;4.16&#8243; global_colors_info=&#8221;{}&#8221;][et_pb_column type=&#8221;3_5&#8243; _builder_version=&#8221;4.16&#8243; global_colors_info=&#8221;{}&#8221;][et_pb_divider color=&#8221;#ffffff&#8221; _builder_version=&#8221;4.16&#8243; custom_padding=&#8221;||0px|||&#8221; global_colors_info=&#8221;{}&#8221;][\/et_pb_divider][et_pb_toggle title=&#8221;Community Cultural Management&#8221; open_toggle_text_color=&#8221;#ffffff&#8221; open_toggle_background_color=&#8221;rgba(0,0,0,0)&#8221; closed_toggle_text_color=&#8221;#ffffff&#8221; closed_toggle_background_color=&#8221;rgba(0,0,0,0)&#8221; use_icon_font_size=&#8221;on&#8221; icon_font_size=&#8221;36px&#8221; open_use_icon_font_size=&#8221;on&#8221; open_icon_font_size=&#8221;36px&#8221; _builder_version=&#8221;4.16&#8243; title_text_color=&#8221;#ffffff&#8221; title_font=&#8221;|||on|||||&#8221; title_font_size=&#8221;30px&#8221; body_text_color=&#8221;#ffffff&#8221; border_color_all=&#8221;rgba(0,0,0,0)&#8221; global_colors_info=&#8221;{}&#8221;]<\/p>\n<p>Understanding that any cultural activity or project involves communication and education processes, we propose more participatory ways of managing culture, understanding audiences as active and critical citizens of what they consume.<br \/>In community cultural management we use art, music, popular cultures, heritage and creativity as essential elements of actions. We propose working methods based on processes of collective protagonism, encouraging democratization in the generation, circulation, consumption and horizontal access to culture. Thus, through various initiatives, we make the territories visible, fostering dialogues to build feelings of belonging, self-esteem and self-sufficiency in the community.<br \/>The  <span style=\"color: #000000;\"><a href=\"https:\/\/lagranpantallafestival.com\/\" style=\"color: #000000;\">La GRAN Pantalla Film Festival<\/a><\/span>, first of its kind, designed with and for the elderly since 2019, the Barcelona Screen cycle, which we manage for the Institute of Culture of the Barcelona City Council, with more than 120 screenings a year and the initiative  <span style=\"color: #000000;\"><a href=\"https:\/\/acciocomunicant.elparlante.es\/\" style=\"color: #000000;\">Communicating action<\/a><\/span>  Developed in two neighbourhoods with young and old people, there are three examples. We are convinced that culture communicates, educates and transforms.<\/p>\n<p>[\/et_pb_toggle][\/et_pb_column][et_pb_column type=&#8221;2_5&#8243; _builder_version=&#8221;4.16&#8243; global_colors_info=&#8221;{}&#8221;][et_pb_image src=&#8221;https:\/\/elparlante.es\/wp-content\/uploads\/2025\/01\/01.-LGP-GESTIO-CULTURAL-scaled.jpg&#8221; _builder_version=&#8221;4.27.3&#8243; hover_enabled=&#8221;0&#8243; border_radii=&#8221;on|10px|10px|10px|10px&#8221; box_shadow_style=&#8221;preset2&#8243; global_colors_info=&#8221;{}&#8221; title_text=&#8221;01. LGP GESTIO\u0301 CULTURAL&#8221; sticky_enabled=&#8221;0&#8243;][\/et_pb_image][\/et_pb_column][\/et_pb_row][\/et_pb_section][et_pb_section fb_built=&#8221;1&#8243; module_id=&#8221;training&#8221; _builder_version=&#8221;4.16&#8243; background_color=&#8221;#f29544&#8243; global_colors_info=&#8221;{}&#8221;][et_pb_row column_structure=&#8221;3_5,2_5&#8243; _builder_version=&#8221;4.16&#8243; global_colors_info=&#8221;{}&#8221;][et_pb_column type=&#8221;3_5&#8243; _builder_version=&#8221;4.16&#8243; global_colors_info=&#8221;{}&#8221;][et_pb_divider color=&#8221;#ffffff&#8221; _builder_version=&#8221;4.16&#8243; custom_padding=&#8221;||0px|||&#8221; global_colors_info=&#8221;{}&#8221;][\/et_pb_divider][et_pb_toggle title=&#8221;Training and consultancies&#8221; open_toggle_text_color=&#8221;#ffffff&#8221; open_toggle_background_color=&#8221;rgba(0,0,0,0)&#8221; closed_toggle_text_color=&#8221;#ffffff&#8221; closed_toggle_background_color=&#8221;rgba(0,0,0,0)&#8221; use_icon_font_size=&#8221;on&#8221; icon_font_size=&#8221;36px&#8221; open_use_icon_font_size=&#8221;on&#8221; open_icon_font_size=&#8221;36px&#8221; _builder_version=&#8221;4.16&#8243; title_text_color=&#8221;#ffffff&#8221; title_font=&#8221;|||on|||||&#8221; title_font_size=&#8221;30px&#8221; body_text_color=&#8221;#ffffff&#8221; border_color_all=&#8221;rgba(0,0,0,0)&#8221; global_colors_info=&#8221;{}&#8221;]<\/p>\n<p>Our training and consultancies are aimed at professionals in the educational, social, cultural and artistic sector. Also technicians and technicians of public administrations that work in the design and development of community or participatory projects.<br \/>From a TV show or communication campaign to a community health intervention. From conceptualization to budget, our extensive experience in the planning, implementation and evaluation of action programs with different audiences, allows us to accompany all kinds of sociocultural intervention projects from start to finish.<br \/>We can address different territorial areas, from initiatives at national, regional or municipal level that seek to have greater scope and coverage, to more specific actions that can be developed in a specific neighborhood or a classroom.<br \/>As well as every year we carry out the Training in  <span style=\"color: #000000;\"><a href=\"https:\/\/elparlante.es\/educomunicacio\/\" style=\"color: #000000;\">Educomunciation: art, culture and community action<\/a><\/span>, we have also designed specific training and advice for different areas of local administrations: youth, the elderly, interculturality, social services, culture and health, always putting the intersectional perspective, communication and education, at the center of the proposals.<\/p>\n<p>[\/et_pb_toggle][\/et_pb_column][et_pb_column type=&#8221;2_5&#8243; _builder_version=&#8221;4.16&#8243; global_colors_info=&#8221;{}&#8221;][et_pb_image src=&#8221;https:\/\/elparlante.es\/wp-content\/uploads\/2023\/02\/Formacions.jpg&#8221; _builder_version=&#8221;4.16&#8243; border_radii=&#8221;on|10px|10px|10px|10px&#8221; box_shadow_style=&#8221;preset2&#8243; global_colors_info=&#8221;{}&#8221;][\/et_pb_image][\/et_pb_column][\/et_pb_row][\/et_pb_section]<\/p>\n","protected":false},"excerpt":{"rendered":"<p>elParlante specialises in awareness-raising projects, participatory video, cultural management, training and advice.<\/p>\n","protected":false},"author":1,"featured_media":6687,"parent":0,"menu_order":0,"comment_status":"closed","ping_status":"closed","template":"","meta":{"_et_pb_use_builder":"on","_et_pb_old_content":"","_et_gb_content_width":"","_monsterinsights_skip_tracking":false,"_monsterinsights_sitenote_active":false,"_monsterinsights_sitenote_note":"","_monsterinsights_sitenote_category":0,"footnotes":""},"class_list":["post-7036","page","type-page","status-publish","has-post-thumbnail","hentry"],"yoast_head":"<!-- This site is optimized with the Yoast SEO plugin v27.2 - https:\/\/yoast.com\/product\/yoast-seo-wordpress\/ -->\n<title>What do we do | elParlante<\/title>\n<meta name=\"description\" content=\"elParlante specialises in awareness-raising projects, participatory video, cultural management, training and advice.\" \/>\n<meta name=\"robots\" content=\"index, follow, max-snippet:-1, max-image-preview:large, max-video-preview:-1\" \/>\n<link rel=\"canonical\" href=\"https:\/\/elparlante.es\/en\/what-do-we-do\/\" \/>\n<meta property=\"og:locale\" content=\"en_US\" \/>\n<meta property=\"og:type\" content=\"article\" \/>\n<meta property=\"og:title\" content=\"What do we do | elParlante\" \/>\n<meta property=\"og:description\" content=\"elParlante specialises in awareness-raising projects, participatory video, cultural management, training and advice.\" \/>\n<meta property=\"og:url\" content=\"https:\/\/elparlante.es\/en\/what-do-we-do\/\" \/>\n<meta property=\"og:site_name\" content=\"elParlante\" \/>\n<meta property=\"article:publisher\" content=\"https:\/\/www.facebook.com\/elParlante.es\" \/>\n<meta property=\"article:modified_time\" content=\"2025-02-16T21:59:20+00:00\" \/>\n<meta property=\"og:image\" content=\"https:\/\/elparlante.es\/wp-content\/uploads\/2023\/02\/Cocreacio-scaled.jpg\" \/>\n\t<meta property=\"og:image:width\" content=\"2560\" \/>\n\t<meta property=\"og:image:height\" content=\"1707\" \/>\n\t<meta property=\"og:image:type\" content=\"image\/jpeg\" \/>\n<meta name=\"twitter:card\" content=\"summary_large_image\" \/>\n<meta name=\"twitter:site\" content=\"@elParlanteBCN\" \/>\n<meta name=\"twitter:label1\" content=\"Est. reading time\" \/>\n\t<meta name=\"twitter:data1\" content=\"8 minutes\" \/>\n<script type=\"application\/ld+json\" class=\"yoast-schema-graph\">{\"@context\":\"https:\/\/schema.org\",\"@graph\":[{\"@type\":\"WebPage\",\"@id\":\"https:\/\/elparlante.es\/en\/what-do-we-do\/\",\"url\":\"https:\/\/elparlante.es\/en\/what-do-we-do\/\",\"name\":\"What do we do | elParlante\",\"isPartOf\":{\"@id\":\"https:\/\/elparlante.es\/en\/#website\"},\"primaryImageOfPage\":{\"@id\":\"https:\/\/elparlante.es\/en\/what-do-we-do\/#primaryimage\"},\"image\":{\"@id\":\"https:\/\/elparlante.es\/en\/what-do-we-do\/#primaryimage\"},\"thumbnailUrl\":\"https:\/\/elparlante.es\/wp-content\/uploads\/2023\/02\/Cocreacio-scaled.jpg\",\"datePublished\":\"2023-02-15T15:01:57+00:00\",\"dateModified\":\"2025-02-16T21:59:20+00:00\",\"description\":\"elParlante specialises in awareness-raising projects, participatory video, cultural management, training and advice.\",\"breadcrumb\":{\"@id\":\"https:\/\/elparlante.es\/en\/what-do-we-do\/#breadcrumb\"},\"inLanguage\":\"en-US\",\"potentialAction\":[{\"@type\":\"ReadAction\",\"target\":[\"https:\/\/elparlante.es\/en\/what-do-we-do\/\"]}]},{\"@type\":\"ImageObject\",\"inLanguage\":\"en-US\",\"@id\":\"https:\/\/elparlante.es\/en\/what-do-we-do\/#primaryimage\",\"url\":\"https:\/\/elparlante.es\/wp-content\/uploads\/2023\/02\/Cocreacio-scaled.jpg\",\"contentUrl\":\"https:\/\/elparlante.es\/wp-content\/uploads\/2023\/02\/Cocreacio-scaled.jpg\",\"width\":2560,\"height\":1707},{\"@type\":\"BreadcrumbList\",\"@id\":\"https:\/\/elparlante.es\/en\/what-do-we-do\/#breadcrumb\",\"itemListElement\":[{\"@type\":\"ListItem\",\"position\":1,\"name\":\"Portada\",\"item\":\"https:\/\/elparlante.es\/en\/\"},{\"@type\":\"ListItem\",\"position\":2,\"name\":\"What do we do\"}]},{\"@type\":\"WebSite\",\"@id\":\"https:\/\/elparlante.es\/en\/#website\",\"url\":\"https:\/\/elparlante.es\/en\/\",\"name\":\"elParlante\",\"description\":\"ElParlante es una entidad de car\u00e1cter cultural, social y educativo, fundada en 2009. Entendemos la comunicaci\u00f3n como un proceso de di\u00e1logo constante, y utilizamos las tecnolog\u00edas audiovisuales como instrumentos de transformaci\u00f3n y cambio. Dise\u00f1amos, implementamos y evaluamos estrategias que vinculan la Educaci\u00f3n y la Comunicaci\u00f3n para la promoci\u00f3n de una ciudadan\u00eda m\u00e1s activa.\",\"alternateName\":\"elParlante\",\"potentialAction\":[{\"@type\":\"SearchAction\",\"target\":{\"@type\":\"EntryPoint\",\"urlTemplate\":\"https:\/\/elparlante.es\/en\/?s={search_term_string}\"},\"query-input\":{\"@type\":\"PropertyValueSpecification\",\"valueRequired\":true,\"valueName\":\"search_term_string\"}}],\"inLanguage\":\"en-US\"}]}<\/script>\n<!-- \/ Yoast SEO plugin. -->","yoast_head_json":{"title":"What do we do | elParlante","description":"elParlante specialises in awareness-raising projects, participatory video, cultural management, training and advice.","robots":{"index":"index","follow":"follow","max-snippet":"max-snippet:-1","max-image-preview":"max-image-preview:large","max-video-preview":"max-video-preview:-1"},"canonical":"https:\/\/elparlante.es\/en\/what-do-we-do\/","og_locale":"en_US","og_type":"article","og_title":"What do we do | elParlante","og_description":"elParlante specialises in awareness-raising projects, participatory video, cultural management, training and advice.","og_url":"https:\/\/elparlante.es\/en\/what-do-we-do\/","og_site_name":"elParlante","article_publisher":"https:\/\/www.facebook.com\/elParlante.es","article_modified_time":"2025-02-16T21:59:20+00:00","og_image":[{"width":2560,"height":1707,"url":"https:\/\/elparlante.es\/wp-content\/uploads\/2023\/02\/Cocreacio-scaled.jpg","type":"image\/jpeg"}],"twitter_card":"summary_large_image","twitter_site":"@elParlanteBCN","twitter_misc":{"Est. reading time":"8 minutes"},"schema":{"@context":"https:\/\/schema.org","@graph":[{"@type":"WebPage","@id":"https:\/\/elparlante.es\/en\/what-do-we-do\/","url":"https:\/\/elparlante.es\/en\/what-do-we-do\/","name":"What do we do | elParlante","isPartOf":{"@id":"https:\/\/elparlante.es\/en\/#website"},"primaryImageOfPage":{"@id":"https:\/\/elparlante.es\/en\/what-do-we-do\/#primaryimage"},"image":{"@id":"https:\/\/elparlante.es\/en\/what-do-we-do\/#primaryimage"},"thumbnailUrl":"https:\/\/elparlante.es\/wp-content\/uploads\/2023\/02\/Cocreacio-scaled.jpg","datePublished":"2023-02-15T15:01:57+00:00","dateModified":"2025-02-16T21:59:20+00:00","description":"elParlante specialises in awareness-raising projects, participatory video, cultural management, training and advice.","breadcrumb":{"@id":"https:\/\/elparlante.es\/en\/what-do-we-do\/#breadcrumb"},"inLanguage":"en-US","potentialAction":[{"@type":"ReadAction","target":["https:\/\/elparlante.es\/en\/what-do-we-do\/"]}]},{"@type":"ImageObject","inLanguage":"en-US","@id":"https:\/\/elparlante.es\/en\/what-do-we-do\/#primaryimage","url":"https:\/\/elparlante.es\/wp-content\/uploads\/2023\/02\/Cocreacio-scaled.jpg","contentUrl":"https:\/\/elparlante.es\/wp-content\/uploads\/2023\/02\/Cocreacio-scaled.jpg","width":2560,"height":1707},{"@type":"BreadcrumbList","@id":"https:\/\/elparlante.es\/en\/what-do-we-do\/#breadcrumb","itemListElement":[{"@type":"ListItem","position":1,"name":"Portada","item":"https:\/\/elparlante.es\/en\/"},{"@type":"ListItem","position":2,"name":"What do we do"}]},{"@type":"WebSite","@id":"https:\/\/elparlante.es\/en\/#website","url":"https:\/\/elparlante.es\/en\/","name":"elParlante","description":"ElParlante es una entidad de car\u00e1cter cultural, social y educativo, fundada en 2009. Entendemos la comunicaci\u00f3n como un proceso de di\u00e1logo constante, y utilizamos las tecnolog\u00edas audiovisuales como instrumentos de transformaci\u00f3n y cambio. Dise\u00f1amos, implementamos y evaluamos estrategias que vinculan la Educaci\u00f3n y la Comunicaci\u00f3n para la promoci\u00f3n de una ciudadan\u00eda m\u00e1s activa.","alternateName":"elParlante","potentialAction":[{"@type":"SearchAction","target":{"@type":"EntryPoint","urlTemplate":"https:\/\/elparlante.es\/en\/?s={search_term_string}"},"query-input":{"@type":"PropertyValueSpecification","valueRequired":true,"valueName":"search_term_string"}}],"inLanguage":"en-US"}]}},"_links":{"self":[{"href":"https:\/\/elparlante.es\/en\/wp-json\/wp\/v2\/pages\/7036","targetHints":{"allow":["GET"]}}],"collection":[{"href":"https:\/\/elparlante.es\/en\/wp-json\/wp\/v2\/pages"}],"about":[{"href":"https:\/\/elparlante.es\/en\/wp-json\/wp\/v2\/types\/page"}],"author":[{"embeddable":true,"href":"https:\/\/elparlante.es\/en\/wp-json\/wp\/v2\/users\/1"}],"replies":[{"embeddable":true,"href":"https:\/\/elparlante.es\/en\/wp-json\/wp\/v2\/comments?post=7036"}],"version-history":[{"count":7,"href":"https:\/\/elparlante.es\/en\/wp-json\/wp\/v2\/pages\/7036\/revisions"}],"predecessor-version":[{"id":8420,"href":"https:\/\/elparlante.es\/en\/wp-json\/wp\/v2\/pages\/7036\/revisions\/8420"}],"wp:featuredmedia":[{"embeddable":true,"href":"https:\/\/elparlante.es\/en\/wp-json\/wp\/v2\/media\/6687"}],"wp:attachment":[{"href":"https:\/\/elparlante.es\/en\/wp-json\/wp\/v2\/media?parent=7036"}],"curies":[{"name":"wp","href":"https:\/\/api.w.org\/{rel}","templated":true}]}}