{"id":6933,"date":"2022-12-26T20:53:48","date_gmt":"2022-12-26T19:53:48","guid":{"rendered":"https:\/\/elparlante.es\/web\/elparlante\/"},"modified":"2024-01-24T19:34:34","modified_gmt":"2024-01-24T18:34:34","slug":"elparlante","status":"publish","type":"page","link":"https:\/\/elparlante.es\/es\/","title":{"rendered":"elParlante"},"content":{"rendered":"<p>[et_pb_section fb_built=\u00bb1&#8243; fullwidth=\u00bbon\u00bb prev_background_color=\u00bb#000000&#8243; _builder_version=\u00bb4.16&#8243; background_enable_color=\u00bboff\u00bb background_enable_video_mp4=\u00bboff\u00bb top_divider_style=\u00bbnone\u00bb global_colors_info=\u00bb{}\u00bb][et_pb_fullwidth_slider show_arrows=\u00bboff\u00bb show_pagination=\u00bboff\u00bb _builder_version=\u00bb4.24.0&#8243; background_enable_color=\u00bboff\u00bb background_video_mp4=\u00bbhttps:\/\/elparlante.es\/wp-content\/uploads\/2023\/09\/video-portada-v2.mp4&#8243; background_video_webm=\u00bbhttps:\/\/elparlante.es\/wp-content\/uploads\/2023\/09\/video-portada-v2.mp4&#8243; custom_padding=\u00bb||303px|||\u00bb global_colors_info=\u00bb{}\u00bb][et_pb_slide heading=\u00bbEducaci\u00f3n + comunicaci\u00f3n = Educomunicaci\u00f3n\u00bb image=\u00bbhttps:\/\/elparlante.es\/wp-content\/uploads\/2023\/09\/elParlante-Logo-blanc-300&#215;275.png\u00bb use_bg_overlay=\u00bboff\u00bb use_text_overlay=\u00bboff\u00bb content_tablet=\u00bb\u00bb content_phone=\u00bb\u00bb content_last_edited=\u00bbon|phone\u00bb _builder_version=\u00bb4.24.0&#8243; background_enable_color=\u00bboff\u00bb background_video_mp4=\u00bbhttps:\/\/elparlante.es\/wp-content\/uploads\/2023\/09\/video-portada-v2.mp4&#8243; background_enable_video_mp4=\u00bbon\u00bb background_video_webm=\u00bbhttps:\/\/elparlante.es\/wp-content\/uploads\/2023\/09\/video-portada-v2.mp4&#8243; background_enable_video_webm=\u00bbon\u00bb text_orientation=\u00bbleft\u00bb header_font_size_tablet=\u00bb\u00bb header_font_size_phone=\u00bb40px\u00bb header_font_size_last_edited=\u00bbon|phone\u00bb border_color_all_image=\u00bb#000000&#8243; text_shadow_style=\u00bbpreset1&#8243; global_colors_info=\u00bb{}\u00bb sticky_transition=\u00bbon\u00bb][\/et_pb_slide][\/et_pb_fullwidth_slider][\/et_pb_section][et_pb_section fb_built=\u00bb1&#8243; _builder_version=\u00bb4.16&#8243; custom_padding=\u00bb0px||39px|||\u00bb global_colors_info=\u00bb{}\u00bb][et_pb_row _builder_version=\u00bb4.16&#8243; custom_padding=\u00bb0px||0px|||\u00bb global_colors_info=\u00bb{}\u00bb][et_pb_column type=\u00bb4_4&#8243; _builder_version=\u00bb4.16&#8243; global_colors_info=\u00bb{}\u00bb][et_pb_text content_tablet=\u00bb<\/p>\n<div class=%22gt3_row-fluid%22>\n<div data-appear-top-offset=%22-100%22 class=%22gt3_col12 module_number_2 module_cont module_text_area %22>\n<div class=%22module_content%22>\n<blockquote>\n<h3 style=%22text-align: center;%22>Desde 2009, elParlante dise\u00f1a, implementa y eval\u00faa estrategias que vinculan la comunicaci\u00f3n y la educaci\u00f3n para promover la ciudadan\u00eda activa. En elParlante sabemos que la educaci\u00f3n y la comunicaci\u00f3n son dos caras de la misma moneda. Que todo proceso comunicativo es un proceso educativo y viceversa. As\u00ed, utilizamos la cr\u00edtica medi\u00e1tica, la producci\u00f3n audiovisual comunitaria y la gesti\u00f3n cultural participativa para cocrear espacios de transformaci\u00f3n social.<\/h3>\n<\/blockquote>\n<\/div>\n<\/div>\n<\/div>\n<p>\u00bb content_phone=\u00bb<\/p>\n<div class=%22gt3_row-fluid%22>\n<div data-appear-top-offset=%22-100%22 class=%22gt3_col12 module_number_2 module_cont module_text_area %22>\n<div class=%22module_content%22>\n<blockquote>\n<h3 style=%22text-align: left;%22>Desde 2009, elParlante dise\u00f1a, implementa y eval\u00faa estrategias que vinculan la comunicaci\u00f3n y la educaci\u00f3n para promover la ciudadan\u00eda activa. En elParlante sabemos que la educaci\u00f3n y la comunicaci\u00f3n son dos caras de la misma moneda. Que todo proceso comunicativo es un proceso educativo y viceversa. As\u00ed, utilizamos la cr\u00edtica medi\u00e1tica, la producci\u00f3n audiovisual comunitaria y la gesti\u00f3n cultural participativa para cocrear espacios de transformaci\u00f3n social.<\/h3>\n<\/blockquote>\n<\/div>\n<\/div>\n<\/div>\n<p>\u00bb content_last_edited=\u00bbon|phone\u00bb _builder_version=\u00bb4.24.0&#8243; custom_padding=\u00bb0px|||||\u00bb text_font_tablet=\u00bb\u00bb text_font_phone=\u00bb\u00bb text_font_last_edited=\u00bbon|phone\u00bb header_3_font_size_tablet=\u00bb\u00bb header_3_font_size_phone=\u00bb20px\u00bb header_3_font_size_last_edited=\u00bbon|phone\u00bb text_orientation_tablet=\u00bb\u00bb text_orientation_phone=\u00bbleft\u00bb text_orientation_last_edited=\u00bbon|phone\u00bb global_colors_info=\u00bb{}\u00bb]<\/p>\n<div class=\"gt3_row-fluid\">\n<div data-appear-top-offset=\"-100\" class=\"gt3_col12 module_number_2 module_cont module_text_area \">\n<div class=\"module_content\">\n<blockquote>\n<h3 style=\"text-align: center;\">Desde 2009, elParlante dise\u00f1a, implementa y eval\u00faa estrategias que vinculan la comunicaci\u00f3n y la educaci\u00f3n para promover la ciudadan\u00eda activa. En elParlante sabemos que la educaci\u00f3n y la comunicaci\u00f3n son dos caras de la misma moneda. Que todo proceso comunicativo es un proceso educativo y viceversa. As\u00ed, utilizamos la cr\u00edtica medi\u00e1tica, la producci\u00f3n audiovisual comunitaria y la gesti\u00f3n cultural participativa para cocrear espacios de transformaci\u00f3n social.<\/h3>\n<\/blockquote>\n<\/div>\n<\/div>\n<\/div>\n<p>[\/et_pb_text][\/et_pb_column][\/et_pb_row][\/et_pb_section][et_pb_section fb_built=\u00bb1&#8243; fullwidth=\u00bbon\u00bb _builder_version=\u00bb4.16&#8243; top_divider_color=\u00bb#ffffff\u00bb locked=\u00bboff\u00bb global_colors_info=\u00bb{}\u00bb][et_pb_fullwidth_slider _builder_version=\u00bb4.24.0&#8243; header_font=\u00bb||||||||\u00bb header_font_size=\u00bb40px\u00bb background_color=\u00bb#000000&#8243; background_enable_image=\u00bboff\u00bb min_height_tablet=\u00bb800px\u00bb min_height_phone=\u00bb700px\u00bb min_height_last_edited=\u00bbon|phone\u00bb height_tablet=\u00bb\u00bb height_phone=\u00bb\u00bb height_last_edited=\u00bbon|phone\u00bb custom_margin=\u00bb-37px||||false|false\u00bb custom_padding=\u00bb173px||163px|||\u00bb hover_enabled=\u00bb0&#8243; header_text_align_tablet=\u00bb\u00bb header_text_align_phone=\u00bbleft\u00bb header_text_align_last_edited=\u00bbon|phone\u00bb header_font_size_tablet=\u00bb\u00bb header_font_size_phone=\u00bb32px\u00bb header_font_size_last_edited=\u00bbon|phone\u00bb global_colors_info=\u00bb{}\u00bb sticky_enabled=\u00bb0&#8243;][et_pb_slide heading=\u00bb%22Nom\u00e9s el di\u00e1logo, que implica el pensar cr\u00edtico, es capaz de generar un espacio de creaci\u00f3n. Sin \u00e9l no hay comunicaci\u00f3n y sin ella no hay verdadera educaci\u00f3n.%22&#8243; _builder_version=\u00bb4.24.0&#8243; background_image=\u00bbhttps:\/\/elparlante.es\/educomunicacio\/wp-content\/uploads\/2020\/08\/Auditorio-Educomunicacio-elParlante.jpg\u00bb background_enable_image=\u00bbon\u00bb custom_padding=\u00bb|10px||10px|false|false\u00bb hover_enabled=\u00bb0&#8243; header_text_shadow_style=\u00bbpreset1&#8243; text_shadow_style=\u00bbpreset1&#8243; global_colors_info=\u00bb{}\u00bb sticky_transition=\u00bbon\u00bb button_text_last_edited=\u00bbon|phone\u00bb sticky_enabled=\u00bb0&#8243;]<\/p>\n<p>&#8211; Paulo Freire<\/p>\n<p>[\/et_pb_slide][et_pb_slide heading=\u00bb%22La verdadera comunicaci\u00f3n no empieza hablando sino escuchando.%22&#8243; _builder_version=\u00bb4.16&#8243; background_color=\u00bb#242424&#8243; background_enable_color=\u00bbon\u00bb background_image=\u00bbhttps:\/\/elparlante.es\/educomunicacio\/wp-content\/uploads\/2022\/10\/IMG_2155-scaled.jpg\u00bb background_enable_image=\u00bbon\u00bb background_blend=\u00bbsoft-light\u00bb custom_padding=\u00bb|20%||20%|false|false\u00bb header_text_shadow_style=\u00bbpreset1&#8243; text_shadow_style=\u00bbpreset1&#8243; global_colors_info=\u00bb{}\u00bb sticky_transition=\u00bbon\u00bb]<\/p>\n<p>&#8211; Mario Kapl\u00fan<\/p>\n<p>[\/et_pb_slide][\/et_pb_fullwidth_slider][\/et_pb_section][et_pb_section fb_built=\u00bb1&#8243; _builder_version=\u00bb4.16&#8243; global_colors_info=\u00bb{}\u00bb][et_pb_row use_custom_gutter=\u00bbon\u00bb gutter_width=\u00bb2&#8243; _builder_version=\u00bb4.16&#8243; global_colors_info=\u00bb{}\u00bb][et_pb_column type=\u00bb4_4&#8243; _builder_version=\u00bb4.16&#8243; global_colors_info=\u00bb{}\u00bb][et_pb_blog fullwidth=\u00bboff\u00bb posts_number=\u00bb3&#8243; include_categories=\u00bb10&#8243; use_manual_excerpt=\u00bboff\u00bb excerpt_length=\u00bb150&#8243; show_more=\u00bbon\u00bb show_author=\u00bboff\u00bb show_date=\u00bboff\u00bb show_categories=\u00bboff\u00bb _builder_version=\u00bb4.16&#8243; border_radii=\u00bbon|10px|10px|10px|10px\u00bb box_shadow_style=\u00bbpreset3&#8243; global_colors_info=\u00bb{}\u00bb][\/et_pb_blog][\/et_pb_column][\/et_pb_row][\/et_pb_section][et_pb_section fb_built=\u00bb1&#8243; _builder_version=\u00bb4.16&#8243; global_colors_info=\u00bb{}\u00bb][et_pb_row _builder_version=\u00bb4.16&#8243; width=\u00bb100%\u00bb max_width=\u00bb1400px\u00bb global_colors_info=\u00bb{}\u00bb][et_pb_column type=\u00bb4_4&#8243; _builder_version=\u00bb4.16&#8243; global_colors_info=\u00bb{}\u00bb][wdcl_logo_carousel slide_count=\u00bb5&#8243; slide_count_tablet=\u00bb2&#8243; slide_count_phone=\u00bb1&#8243; slide_count_last_edited=\u00bbon|desktop\u00bb _builder_version=\u00bb4.16&#8243; width_tablet=\u00bb80%\u00bb width_phone=\u00bb70%\u00bb width_last_edited=\u00bbon|tablet\u00bb module_alignment=\u00bbcenter\u00bb global_colors_info=\u00bb{}\u00bb][wdcl_logo_carousel_child admin_title=\u00bbayuntamiento de barcelona\u00bb logo=\u00bbhttps:\/\/elparlante.es\/web\/wp-content\/uploads\/2023\/09\/logo_ajuntament-barcelona.jpg\u00bb _builder_version=\u00bb4.16&#8243; link_option_url=\u00bbhttps:\/\/www.barcelona.cat\/ca\/\u00bb link_option_url_new_window=\u00bbon\u00bb global_colors_info=\u00bb{}\u00bb][\/wdcl_logo_carousel_child][wdcl_logo_carousel_child admin_title=\u00bbayuntamiento de L&apos;hospitalet\u00bb logo=\u00bbhttps:\/\/elparlante.es\/web\/wp-content\/uploads\/2023\/09\/logo_ajuntament-de-lhospitalet.jpg\u00bb _builder_version=\u00bb4.16&#8243; link_option_url=\u00bbhttps:\/\/www.l-h.cat\/\u00bb link_option_url_new_window=\u00bbon\u00bb global_colors_info=\u00bb{}\u00bb][\/wdcl_logo_carousel_child][wdcl_logo_carousel_child admin_title=\u00bbayuntamiento leccionado de arriba\u00bb logo=\u00bbhttps:\/\/elparlante.es\/web\/wp-content\/uploads\/2023\/09\/logo_ajuntament-llica-damunt.jpg\u00bb _builder_version=\u00bb4.16&#8243; link_option_url=\u00bbhttps:\/\/www.llicamunt.cat\/\u00bb link_option_url_new_window=\u00bbon\u00bb global_colors_info=\u00bb{}\u00bb][\/wdcl_logo_carousel_child][wdcl_logo_carousel_child admin_title=\u00bbgeneralidad catalunya\u00bb logo=\u00bbhttps:\/\/elparlante.es\/web\/wp-content\/uploads\/2023\/09\/logo_generalitat-catalunya.jpg\u00bb _builder_version=\u00bb4.16&#8243; link_option_url=\u00bbhttps:\/\/web.gencat.cat\/ca\/inici\u00bb link_option_url_new_window=\u00bbon\u00bb global_colors_info=\u00bb{}\u00bb][\/wdcl_logo_carousel_child][wdcl_logo_carousel_child admin_title=\u00bbdiputacio barcelona\u00bb logo=\u00bbhttps:\/\/elparlante.es\/web\/wp-content\/uploads\/2023\/09\/logo_diputacio-barcelona.jpg\u00bb _builder_version=\u00bb4.16&#8243; link_option_url=\u00bbhttps:\/\/www.diba.cat\/\u00bb link_option_url_new_window=\u00bbon\u00bb global_colors_info=\u00bb{}\u00bb][\/wdcl_logo_carousel_child][wdcl_logo_carousel_child admin_title=\u00bbicec\u00bb logo=\u00bbhttps:\/\/elparlante.es\/web\/wp-content\/uploads\/2023\/09\/logo_icec.jpg\u00bb _builder_version=\u00bb4.16&#8243; link_option_url=\u00bbhttps:\/\/icec.gencat.cat\/ca\/inici\u00bb link_option_url_new_window=\u00bbon\u00bb global_colors_info=\u00bb{}\u00bb][\/wdcl_logo_carousel_child][wdcl_logo_carousel_child admin_title=\u00bbicub\u00bb logo=\u00bbhttps:\/\/elparlante.es\/web\/wp-content\/uploads\/2023\/09\/logo_icub.jpg\u00bb _builder_version=\u00bb4.16&#8243; link_option_url=\u00bbhttps:\/\/www.barcelona.cat\/barcelonacultura\/ca\/icub\u00bb link_option_url_new_window=\u00bbon\u00bb global_colors_info=\u00bb{}\u00bb][\/wdcl_logo_carousel_child][wdcl_logo_carousel_child admin_title=\u00bbaspb\u00bb logo=\u00bbhttps:\/\/elparlante.es\/web\/wp-content\/uploads\/2023\/09\/logo_aspb.jpg\u00bb _builder_version=\u00bb4.16&#8243; link_option_url=\u00bbhttps:\/\/www.aspb.cat\/\u00bb link_option_url_new_window=\u00bbon\u00bb global_colors_info=\u00bb{}\u00bb][\/wdcl_logo_carousel_child][wdcl_logo_carousel_child admin_title=\u00bbla caja\u00bb logo=\u00bbhttps:\/\/elparlante.es\/web\/wp-content\/uploads\/2023\/09\/logo_la-caixa.jpg\u00bb _builder_version=\u00bb4.16&#8243; link_option_url=\u00bbhttps:\/\/fundacionlacaixa.org\/ca\/\u00bb link_option_url_new_window=\u00bbon\u00bb global_colors_info=\u00bb{}\u00bb][\/wdcl_logo_carousel_child][wdcl_logo_carousel_child admin_title=\u00bbupf\u00bb logo=\u00bbhttps:\/\/elparlante.es\/web\/wp-content\/uploads\/2023\/09\/logo_upf.jpg\u00bb logo_alt=\u00bbupf\u00bb _builder_version=\u00bb4.16&#8243; link_option_url=\u00bbhttps:\/\/www.upf.edu\/\u00bb link_option_url_new_window=\u00bbon\u00bb global_colors_info=\u00bb{}\u00bb][\/wdcl_logo_carousel_child][wdcl_logo_carousel_child admin_title=\u00bbqsl\u00bb logo=\u00bbhttps:\/\/elparlante.es\/web\/wp-content\/uploads\/2023\/09\/logo_qsl.jpg\u00bb _builder_version=\u00bb4.16&#8243; link_option_url=\u00bbhttps:\/\/qsl.cat\/\u00bb link_option_url_new_window=\u00bbon\u00bb global_colors_info=\u00bb{}\u00bb][\/wdcl_logo_carousel_child][wdcl_logo_carousel_child admin_title=\u00bbpdc navas\u00bb logo=\u00bbhttps:\/\/elparlante.es\/web\/wp-content\/uploads\/2023\/09\/logo_pdc-navas.jpg\u00bb _builder_version=\u00bb4.16&#8243; link_option_url_new_window=\u00bbon\u00bb global_colors_info=\u00bb{}\u00bb][\/wdcl_logo_carousel_child][wdcl_logo_carousel_child admin_title=\u00bbteleduca\u00bb logo=\u00bbhttps:\/\/elparlante.es\/web\/wp-content\/uploads\/2023\/09\/logo_teleduca.jpg\u00bb _builder_version=\u00bb4.16&#8243; link_option_url=\u00bbhttp:\/\/www.teleduca.org\/\u00bb link_option_url_new_window=\u00bbon\u00bb global_colors_info=\u00bb{}\u00bb][\/wdcl_logo_carousel_child][wdcl_logo_carousel_child admin_title=\u00bbcasa amarilla\u00bb logo=\u00bbhttps:\/\/elparlante.es\/web\/wp-content\/uploads\/2023\/09\/logo_casa-groga.jpg\u00bb _builder_version=\u00bb4.16&#8243; link_option_url=\u00bbhttps:\/\/ajuntament.barcelona.cat\/ccivics\/casagroga\u00bb link_option_url_new_window=\u00bbon\u00bb global_colors_info=\u00bb{}\u00bb][\/wdcl_logo_carousel_child][wdcl_logo_carousel_child admin_title=\u00bbla vecinal\u00bb logo=\u00bbhttps:\/\/elparlante.es\/web\/wp-content\/uploads\/2023\/09\/logo_la-veinal.jpg\u00bb _builder_version=\u00bb4.16&#8243; link_option_url=\u00bbhttps:\/\/www.laveinal.cat\/\u00bb link_option_url_new_window=\u00bbon\u00bb global_colors_info=\u00bb{}\u00bb][\/wdcl_logo_carousel_child][wdcl_logo_carousel_child admin_title=\u00bbceai\u00bb logo=\u00bbhttps:\/\/elparlante.es\/web\/wp-content\/uploads\/2023\/09\/logo_ceai.jpg\u00bb _builder_version=\u00bb4.16&#8243; link_option_url=\u00bbhttps:\/\/centredestudisafricans.org\/\u00bb link_option_url_new_window=\u00bbon\u00bb global_colors_info=\u00bb{}\u00bb][\/wdcl_logo_carousel_child][wdcl_logo_carousel_child admin_title=\u00bbceesc\u00bb logo=\u00bbhttps:\/\/elparlante.es\/web\/wp-content\/uploads\/2023\/09\/logo_ceesc.jpg\u00bb _builder_version=\u00bb4.16&#8243; link_option_url=\u00bbhttps:\/\/www.ceesc.cat\/\u00bb link_option_url_new_window=\u00bbon\u00bb global_colors_info=\u00bb{}\u00bb][\/wdcl_logo_carousel_child][wdcl_logo_carousel_child admin_title=\u00bbartibarri\u00bb logo=\u00bbhttps:\/\/elparlante.es\/web\/wp-content\/uploads\/2023\/09\/logo_artibarri.jpg\u00bb _builder_version=\u00bb4.16&#8243; link_option_url=\u00bbhttps:\/\/artibarri.cat\/\u00bb link_option_url_new_window=\u00bbon\u00bb global_colors_info=\u00bb{}\u00bb][\/wdcl_logo_carousel_child][wdcl_logo_carousel_child admin_title=\u00bbcamille zonca\u00bb logo=\u00bbhttps:\/\/elparlante.es\/web\/wp-content\/uploads\/2023\/09\/logo_camille-zonca.jpg\u00bb _builder_version=\u00bb4.16&#8243; link_option_url=\u00bbhttp:\/\/www.camillezonca.com\/\u00bb link_option_url_new_window=\u00bbon\u00bb global_colors_info=\u00bb{}\u00bb][\/wdcl_logo_carousel_child][\/wdcl_logo_carousel][\/et_pb_column][\/et_pb_row][\/et_pb_section]<\/p>\n","protected":false},"excerpt":{"rendered":"<p>La Asociaci\u00f3n Cultural elParlante est\u00e1 especializada en el dise\u00f1o, implementaci\u00f3n y evaluaci\u00f3n de estrategias de comunicaci\u00f3n y educaci\u00f3n.<\/p>\n","protected":false},"author":1,"featured_media":6688,"parent":0,"menu_order":0,"comment_status":"closed","ping_status":"closed","template":"","meta":{"_et_pb_use_builder":"on","_et_pb_old_content":"","_et_gb_content_width":"","_monsterinsights_skip_tracking":false,"_monsterinsights_sitenote_active":false,"_monsterinsights_sitenote_note":"","_monsterinsights_sitenote_category":0,"footnotes":""},"class_list":["post-6933","page","type-page","status-publish","has-post-thumbnail","hentry"],"yoast_head":"<!-- This site is optimized with the Yoast SEO plugin v27.2 - https:\/\/yoast.com\/product\/yoast-seo-wordpress\/ -->\n<title>elParlante | Educaci\u00f3n y Comunicaci\u00f3n<\/title>\n<meta name=\"description\" content=\"La Asociaci\u00f3n Cultural elParlante est\u00e1 especializada en el dise\u00f1o, implementaci\u00f3n y evaluaci\u00f3n de estrategias de comunicaci\u00f3n y educaci\u00f3n.\" \/>\n<meta name=\"robots\" content=\"index, follow, max-snippet:-1, max-image-preview:large, max-video-preview:-1\" \/>\n<link rel=\"canonical\" href=\"https:\/\/elparlante.es\/es\/\" \/>\n<meta property=\"og:locale\" content=\"es_ES\" \/>\n<meta property=\"og:type\" content=\"article\" \/>\n<meta property=\"og:title\" content=\"elParlante | Educaci\u00f3n y Comunicaci\u00f3n\" \/>\n<meta property=\"og:description\" content=\"La Asociaci\u00f3n Cultural elParlante est\u00e1 especializada en el dise\u00f1o, implementaci\u00f3n y evaluaci\u00f3n de estrategias de comunicaci\u00f3n y educaci\u00f3n.\" \/>\n<meta property=\"og:url\" content=\"https:\/\/elparlante.es\/es\/\" \/>\n<meta property=\"og:site_name\" content=\"elParlante\" \/>\n<meta property=\"article:publisher\" content=\"https:\/\/www.facebook.com\/elParlante.es\" \/>\n<meta property=\"article:modified_time\" content=\"2024-01-24T18:34:34+00:00\" \/>\n<meta property=\"og:image\" content=\"https:\/\/elparlante.es\/wp-content\/uploads\/2023\/02\/Cocreacio-scaled.jpg\" \/>\n\t<meta property=\"og:image:width\" content=\"2560\" \/>\n\t<meta property=\"og:image:height\" content=\"1707\" \/>\n\t<meta property=\"og:image:type\" content=\"image\/jpeg\" \/>\n<meta name=\"twitter:card\" content=\"summary_large_image\" \/>\n<meta name=\"twitter:site\" content=\"@elParlanteBCN\" \/>\n<meta name=\"twitter:label1\" content=\"Tiempo de lectura\" \/>\n\t<meta name=\"twitter:data1\" content=\"9 minutos\" \/>\n<script type=\"application\/ld+json\" class=\"yoast-schema-graph\">{\"@context\":\"https:\/\/schema.org\",\"@graph\":[{\"@type\":\"WebPage\",\"@id\":\"https:\/\/elparlante.es\/es\/\",\"url\":\"https:\/\/elparlante.es\/es\/\",\"name\":\"elParlante | Educaci\u00f3n y Comunicaci\u00f3n\",\"isPartOf\":{\"@id\":\"https:\/\/elparlante.es\/es\/#website\"},\"primaryImageOfPage\":{\"@id\":\"https:\/\/elparlante.es\/es\/#primaryimage\"},\"image\":{\"@id\":\"https:\/\/elparlante.es\/es\/#primaryimage\"},\"thumbnailUrl\":\"https:\/\/elparlante.es\/wp-content\/uploads\/2023\/02\/Cocreacio-scaled.jpg\",\"datePublished\":\"2022-12-26T19:53:48+00:00\",\"dateModified\":\"2024-01-24T18:34:34+00:00\",\"description\":\"La Asociaci\u00f3n Cultural elParlante est\u00e1 especializada en el dise\u00f1o, implementaci\u00f3n y evaluaci\u00f3n de estrategias de comunicaci\u00f3n y educaci\u00f3n.\",\"breadcrumb\":{\"@id\":\"https:\/\/elparlante.es\/es\/#breadcrumb\"},\"inLanguage\":\"es\",\"potentialAction\":[{\"@type\":\"ReadAction\",\"target\":[\"https:\/\/elparlante.es\/es\/\"]}]},{\"@type\":\"ImageObject\",\"inLanguage\":\"es\",\"@id\":\"https:\/\/elparlante.es\/es\/#primaryimage\",\"url\":\"https:\/\/elparlante.es\/wp-content\/uploads\/2023\/02\/Cocreacio-scaled.jpg\",\"contentUrl\":\"https:\/\/elparlante.es\/wp-content\/uploads\/2023\/02\/Cocreacio-scaled.jpg\",\"width\":2560,\"height\":1707},{\"@type\":\"BreadcrumbList\",\"@id\":\"https:\/\/elparlante.es\/es\/#breadcrumb\",\"itemListElement\":[{\"@type\":\"ListItem\",\"position\":1,\"name\":\"Portada\",\"item\":\"https:\/\/elparlante.es\/es\/\"},{\"@type\":\"ListItem\",\"position\":2,\"name\":\"elParlante\"}]},{\"@type\":\"WebSite\",\"@id\":\"https:\/\/elparlante.es\/es\/#website\",\"url\":\"https:\/\/elparlante.es\/es\/\",\"name\":\"elParlante\",\"description\":\"ElParlante es una entidad de car\u00e1cter cultural, social y educativo, fundada en 2009. Entendemos la comunicaci\u00f3n como un proceso de di\u00e1logo constante, y utilizamos las tecnolog\u00edas audiovisuales como instrumentos de transformaci\u00f3n y cambio. Dise\u00f1amos, implementamos y evaluamos estrategias que vinculan la Educaci\u00f3n y la Comunicaci\u00f3n para la promoci\u00f3n de una ciudadan\u00eda m\u00e1s activa.\",\"alternateName\":\"elParlante\",\"potentialAction\":[{\"@type\":\"SearchAction\",\"target\":{\"@type\":\"EntryPoint\",\"urlTemplate\":\"https:\/\/elparlante.es\/es\/?s={search_term_string}\"},\"query-input\":{\"@type\":\"PropertyValueSpecification\",\"valueRequired\":true,\"valueName\":\"search_term_string\"}}],\"inLanguage\":\"es\"}]}<\/script>\n<!-- \/ Yoast SEO plugin. -->","yoast_head_json":{"title":"elParlante | Educaci\u00f3n y Comunicaci\u00f3n","description":"La Asociaci\u00f3n Cultural elParlante est\u00e1 especializada en el dise\u00f1o, implementaci\u00f3n y evaluaci\u00f3n de estrategias de comunicaci\u00f3n y educaci\u00f3n.","robots":{"index":"index","follow":"follow","max-snippet":"max-snippet:-1","max-image-preview":"max-image-preview:large","max-video-preview":"max-video-preview:-1"},"canonical":"https:\/\/elparlante.es\/es\/","og_locale":"es_ES","og_type":"article","og_title":"elParlante | Educaci\u00f3n y Comunicaci\u00f3n","og_description":"La Asociaci\u00f3n Cultural elParlante est\u00e1 especializada en el dise\u00f1o, implementaci\u00f3n y evaluaci\u00f3n de estrategias de comunicaci\u00f3n y educaci\u00f3n.","og_url":"https:\/\/elparlante.es\/es\/","og_site_name":"elParlante","article_publisher":"https:\/\/www.facebook.com\/elParlante.es","article_modified_time":"2024-01-24T18:34:34+00:00","og_image":[{"width":2560,"height":1707,"url":"https:\/\/elparlante.es\/wp-content\/uploads\/2023\/02\/Cocreacio-scaled.jpg","type":"image\/jpeg"}],"twitter_card":"summary_large_image","twitter_site":"@elParlanteBCN","twitter_misc":{"Tiempo de lectura":"9 minutos"},"schema":{"@context":"https:\/\/schema.org","@graph":[{"@type":"WebPage","@id":"https:\/\/elparlante.es\/es\/","url":"https:\/\/elparlante.es\/es\/","name":"elParlante | Educaci\u00f3n y Comunicaci\u00f3n","isPartOf":{"@id":"https:\/\/elparlante.es\/es\/#website"},"primaryImageOfPage":{"@id":"https:\/\/elparlante.es\/es\/#primaryimage"},"image":{"@id":"https:\/\/elparlante.es\/es\/#primaryimage"},"thumbnailUrl":"https:\/\/elparlante.es\/wp-content\/uploads\/2023\/02\/Cocreacio-scaled.jpg","datePublished":"2022-12-26T19:53:48+00:00","dateModified":"2024-01-24T18:34:34+00:00","description":"La Asociaci\u00f3n Cultural elParlante est\u00e1 especializada en el dise\u00f1o, implementaci\u00f3n y evaluaci\u00f3n de estrategias de comunicaci\u00f3n y educaci\u00f3n.","breadcrumb":{"@id":"https:\/\/elparlante.es\/es\/#breadcrumb"},"inLanguage":"es","potentialAction":[{"@type":"ReadAction","target":["https:\/\/elparlante.es\/es\/"]}]},{"@type":"ImageObject","inLanguage":"es","@id":"https:\/\/elparlante.es\/es\/#primaryimage","url":"https:\/\/elparlante.es\/wp-content\/uploads\/2023\/02\/Cocreacio-scaled.jpg","contentUrl":"https:\/\/elparlante.es\/wp-content\/uploads\/2023\/02\/Cocreacio-scaled.jpg","width":2560,"height":1707},{"@type":"BreadcrumbList","@id":"https:\/\/elparlante.es\/es\/#breadcrumb","itemListElement":[{"@type":"ListItem","position":1,"name":"Portada","item":"https:\/\/elparlante.es\/es\/"},{"@type":"ListItem","position":2,"name":"elParlante"}]},{"@type":"WebSite","@id":"https:\/\/elparlante.es\/es\/#website","url":"https:\/\/elparlante.es\/es\/","name":"elParlante","description":"ElParlante es una entidad de car\u00e1cter cultural, social y educativo, fundada en 2009. Entendemos la comunicaci\u00f3n como un proceso de di\u00e1logo constante, y utilizamos las tecnolog\u00edas audiovisuales como instrumentos de transformaci\u00f3n y cambio. Dise\u00f1amos, implementamos y evaluamos estrategias que vinculan la Educaci\u00f3n y la Comunicaci\u00f3n para la promoci\u00f3n de una ciudadan\u00eda m\u00e1s activa.","alternateName":"elParlante","potentialAction":[{"@type":"SearchAction","target":{"@type":"EntryPoint","urlTemplate":"https:\/\/elparlante.es\/es\/?s={search_term_string}"},"query-input":{"@type":"PropertyValueSpecification","valueRequired":true,"valueName":"search_term_string"}}],"inLanguage":"es"}]}},"_links":{"self":[{"href":"https:\/\/elparlante.es\/es\/wp-json\/wp\/v2\/pages\/6933","targetHints":{"allow":["GET"]}}],"collection":[{"href":"https:\/\/elparlante.es\/es\/wp-json\/wp\/v2\/pages"}],"about":[{"href":"https:\/\/elparlante.es\/es\/wp-json\/wp\/v2\/types\/page"}],"author":[{"embeddable":true,"href":"https:\/\/elparlante.es\/es\/wp-json\/wp\/v2\/users\/1"}],"replies":[{"embeddable":true,"href":"https:\/\/elparlante.es\/es\/wp-json\/wp\/v2\/comments?post=6933"}],"version-history":[{"count":12,"href":"https:\/\/elparlante.es\/es\/wp-json\/wp\/v2\/pages\/6933\/revisions"}],"predecessor-version":[{"id":7702,"href":"https:\/\/elparlante.es\/es\/wp-json\/wp\/v2\/pages\/6933\/revisions\/7702"}],"wp:featuredmedia":[{"embeddable":true,"href":"https:\/\/elparlante.es\/es\/wp-json\/wp\/v2\/media\/6688"}],"wp:attachment":[{"href":"https:\/\/elparlante.es\/es\/wp-json\/wp\/v2\/media?parent=6933"}],"curies":[{"name":"wp","href":"https:\/\/api.w.org\/{rel}","templated":true}]}}