{"id":6945,"date":"2023-02-15T16:01:57","date_gmt":"2023-02-15T15:01:57","guid":{"rendered":"https:\/\/elparlante.es\/web\/que-hacemos\/"},"modified":"2025-02-16T22:57:16","modified_gmt":"2025-02-16T21:57:16","slug":"que-hacemos","status":"publish","type":"page","link":"https:\/\/elparlante.es\/es\/que-hacemos\/","title":{"rendered":"Qu\u00e9 hacemos"},"content":{"rendered":"<p>[et_pb_section fb_built=\u00bb1&#8243; fullwidth=\u00bbon\u00bb prev_background_color=\u00bb#ffffff\u00bb _builder_version=\u00bb4.16&#8243; background_color=\u00bbrgba(0,0,0,0.25)\u00bb background_image=\u00bbhttps:\/\/elparlante.es\/wp-content\/uploads\/2023\/09\/banner_que-fem.jpg\u00bb background_position=\u00bbbottom_center\u00bb background_blend=\u00bbmultiply\u00bb custom_padding=\u00bb0px||200px|||\u00bb top_divider_style=\u00bbnone\u00bb locked=\u00bboff\u00bb global_colors_info=\u00bb{}\u00bb][et_pb_fullwidth_post_title meta=\u00bboff\u00bb featured_image=\u00bboff\u00bb text_color=\u00bblight\u00bb _builder_version=\u00bb4.16&#8243; title_font_size=\u00bb60px\u00bb global_colors_info=\u00bb{}\u00bb][\/et_pb_fullwidth_post_title][\/et_pb_section][et_pb_section fb_built=\u00bb1&#8243; _builder_version=\u00bb4.16&#8243; background_enable_color=\u00bboff\u00bb global_colors_info=\u00bb{}\u00bb][et_pb_row _builder_version=\u00bb4.16&#8243; custom_padding=\u00bb24px||0px|||\u00bb global_colors_info=\u00bb{}\u00bb][et_pb_column type=\u00bb4_4&#8243; _builder_version=\u00bb4.16&#8243; global_colors_info=\u00bb{}\u00bb][et_pb_text _builder_version=\u00bb4.16&#8243; text_text_color=\u00bb#000000&#8243; text_font_size=\u00bb22px\u00bb text_line_height=\u00bb1.8em\u00bb header_text_color=\u00bb#000000&#8243; header_2_text_color=\u00bb#000000&#8243; header_3_text_color=\u00bb#000000&#8243; header_4_text_color=\u00bb#000000&#8243; header_5_text_color=\u00bb#000000&#8243; header_text_shadow_style=\u00bbpreset2&#8243; global_colors_info=\u00bb{}\u00bb]<\/p>\n<p style=\"text-align: center;\">En <strong>elParlante<\/strong> trabajamos con administraciones p\u00fablicas, organizaciones privadas y entidades del tercer sector, en entornos acad\u00e9micos y medios de comunicaci\u00f3n. Hacemos proyectos desde el diagn\u00f3stico de una necesidad concreta hasta el dise\u00f1o de la estrategia, su implementaci\u00f3n y evaluaci\u00f3n. Sin embargo, realizamos acciones concretas dentro de campa\u00f1as de promoci\u00f3n y propuestas m\u00e1s globales.<\/p>\n<p>[\/et_pb_text][\/et_pb_column][\/et_pb_row][\/et_pb_section][et_pb_section fb_built=\u00bb1&#8243; prev_background_color=\u00bb#ffffff\u00bb module_id=\u00bbsensibilizaci\u00f3n\u00bb _builder_version=\u00bb4.16&#8243; background_color=\u00bb#8c1f66&#8243; custom_padding=\u00bb100px||0px|||\u00bb top_divider_style=\u00bbarrow2&#8243; global_colors_info=\u00bb{}\u00bb][et_pb_row column_structure=\u00bb3_5,2_5&#8243; _builder_version=\u00bb4.16&#8243; global_colors_info=\u00bb{}\u00bb][et_pb_column type=\u00bb3_5&#8243; _builder_version=\u00bb4.16&#8243; global_colors_info=\u00bb{}\u00bb][et_pb_divider color=\u00bb#ffffff\u00bb _builder_version=\u00bb4.16&#8243; custom_padding=\u00bb||0px|||\u00bb global_colors_info=\u00bb{}\u00bb][\/et_pb_divider][et_pb_toggle title=\u00bbSensibilizaci\u00f3n\u00bb open_toggle_text_color=\u00bb#ffffff\u00bb open_toggle_background_color=\u00bbrgba(0,0,0,0)\u00bb closed_toggle_text_color=\u00bb#ffffff\u00bb closed_toggle_background_color=\u00bbrgba(0,0,0,0)\u00bb use_icon_font_size=\u00bbon\u00bb icon_font_size=\u00bb36px\u00bb open_use_icon_font_size=\u00bbon\u00bb open_icon_font_size=\u00bb36px\u00bb _builder_version=\u00bb4.16&#8243; title_text_color=\u00bb#ffffff\u00bb title_font=\u00bb|||on|||||\u00bb title_font_size=\u00bb30px\u00bb body_text_color=\u00bb#ffffff\u00bb title_font_size_tablet=\u00bb\u00bb title_font_size_phone=\u00bb29px\u00bb title_font_size_last_edited=\u00bbon|phone\u00bb border_color_all=\u00bbrgba(0,0,0,0)\u00bb global_colors_info=\u00bb{}\u00bb]<\/p>\n<p>Desde una serie de Netflix hasta un influencer de TikTok, pasando por una telenovelas, un videoclip, un partido de f\u00fatbol o un material pornogr\u00e1fico&#8230; todo aquello que consumimos nos educa en un sentido u otro.<br \/>A partir de la lectura cr\u00edtica de redes sociales y toda clase de material audiovisual, revisamos junto con grupos de j\u00f3venes, adultos y\/o personas mayores los imaginarios, estereotipos y prejuicios que diferentes medios de comunicaci\u00f3n configuran sobre la realidad.<br \/>Nuestras metodolog\u00edas incluyen debates colectivos, an\u00e1lisis de contenidos y din\u00e1micas l\u00fadicas que permiten reflexionar siempre desde una perspectiva interseccional y decolonial, tratando temas como la interculturalidad, el clasismo, el racismo, el edadismo, las violencias de g\u00e9nero, la diversidad sexual y afectiva, entre muchos otros.<br \/>Los talleres pueden durar entre 1 y 4 horas y se pueden hacer tanto en <span style=\"color: #000000;\"><br \/>\n  <a href=\"https:\/\/cruilla-comu.elparlante.es\/\" style=\"color: #000000;\">centros educativos<\/a><br \/>\n<\/span> como fuera de las aulas.<\/p>\n<p>[\/et_pb_toggle][\/et_pb_column][et_pb_column type=\u00bb2_5&#8243; _builder_version=\u00bb4.16&#8243; global_colors_info=\u00bb{}\u00bb][et_pb_image src=\u00bbhttps:\/\/elparlante.es\/wp-content\/uploads\/2023\/09\/Sensibilitzacio-scaled.jpg\u00bb _builder_version=\u00bb4.16&#8243; border_radii=\u00bbon|10px|10px|10px|10px\u00bb box_shadow_style=\u00bbpreset2&#8243; global_colors_info=\u00bb{}\u00bb][\/et_pb_image][\/et_pb_column][\/et_pb_row][\/et_pb_section][et_pb_section fb_built=\u00bb1&#8243; module_id=\u00bbcocreacioaudiovisual\u00bb _builder_version=\u00bb4.16&#8243; background_color=\u00bb#323673&#8243; global_colors_info=\u00bb{}\u00bb][et_pb_row column_structure=\u00bb3_5,2_5&#8243; _builder_version=\u00bb4.16&#8243; global_colors_info=\u00bb{}\u00bb][et_pb_column type=\u00bb3_5&#8243; _builder_version=\u00bb4.16&#8243; global_colors_info=\u00bb{}\u00bb][et_pb_divider color=\u00bb#ffffff\u00bb _builder_version=\u00bb4.16&#8243; custom_padding=\u00bb||0px|||\u00bb global_colors_info=\u00bb{}\u00bb][\/et_pb_divider][et_pb_toggle title=\u00bbCocreaci\u00f3n audiovisual\u00bb open_toggle_text_color=\u00bb#ffffff\u00bb open_toggle_background_color=\u00bbrgba(0,0,0,0)\u00bb closed_toggle_text_color=\u00bb#ffffff\u00bb closed_toggle_background_color=\u00bbrgba(0,0,0,0)\u00bb use_icon_font_size=\u00bbon\u00bb icon_font_size=\u00bb36px\u00bb open_use_icon_font_size=\u00bbon\u00bb open_icon_font_size=\u00bb36px\u00bb _builder_version=\u00bb4.16&#8243; title_text_color=\u00bb#ffffff\u00bb title_font=\u00bb|||on|||||\u00bb title_font_size=\u00bb30px\u00bb body_text_color=\u00bb#ffffff\u00bb border_color_all=\u00bbrgba(0,0,0,0)\u00bb global_colors_info=\u00bb{}\u00bb]<\/p>\n<p>Tanto en la educaci\u00f3n formal como en la no-formal, generamos espacios de creaci\u00f3n audiovisual colectiva para desarrollar proyectos que promueven la cultura, la diversidad, el empleo y la inclusi\u00f3n, entre otros.<br \/>  Nuestra metodolog\u00eda incorpora el uso del v\u00eddeo, fotograf\u00eda, radio o teatro como herramientas para facilitar los procesos participativos. Los talleres est\u00e1n dise\u00f1ados desde una perspectiva interseccional, teniendo en cuenta las diversidades de origen, sexo y g\u00e9nero, as\u00ed como las formas en que se ejerce el poder dentro del grupo y en la sociedad. Hemos trabajado con j\u00f3venes, ni\u00f1os\/as y personas mayores, as\u00ed como con mujeres v\u00edctimas de la violencia, campesinos, personas con s\u00edndrome de down, entre muchos otros.<br \/>  El resultado es un producto audiovisual que se comparte con la comunidad y con medios digitales. Cuando estos procesos de cocreaci\u00f3n se sostienen en el tiempo \u2014como en el caso de <a href=\"https:\/\/ciutat-esperanca.elparlante.es\/ca\/\">Ciudad Esperanza<\/a>\u2014 permiten el empoderamiento de los participantes y una mayor capacidad para expresar sus emociones, para autoorganizarse y vincularse con el territorio.<\/p>\n<p>[\/et_pb_toggle][\/et_pb_column][et_pb_column type=\u00bb2_5&#8243; _builder_version=\u00bb4.16&#8243; global_colors_info=\u00bb{}\u00bb][et_pb_image src=\u00bbhttps:\/\/elparlante.es\/wp-content\/uploads\/2023\/02\/Cocreacio-scaled.jpg\u00bb _builder_version=\u00bb4.16&#8243; border_radii=\u00bbon|10px|10px|10px|10px\u00bb box_shadow_style=\u00bbpreset2&#8243; global_colors_info=\u00bb{}\u00bb][\/et_pb_image][\/et_pb_column][\/et_pb_row][\/et_pb_section][et_pb_section fb_built=\u00bb1&#8243; module_id=\u00bbgestiocultural\u00bb _builder_version=\u00bb4.16&#8243; background_color=\u00bb#33a6a6&#8243; custom_padding=\u00bb0px||40px|||\u00bb global_colors_info=\u00bb{}\u00bb][et_pb_row column_structure=\u00bb3_5,2_5&#8243; _builder_version=\u00bb4.16&#8243; global_colors_info=\u00bb{}\u00bb][et_pb_column type=\u00bb3_5&#8243; _builder_version=\u00bb4.16&#8243; global_colors_info=\u00bb{}\u00bb][et_pb_divider color=\u00bb#ffffff\u00bb _builder_version=\u00bb4.16&#8243; custom_padding=\u00bb||0px|||\u00bb global_colors_info=\u00bb{}\u00bb][\/et_pb_divider][et_pb_toggle title=\u00bbGesti\u00f3n cultural Comunitaria\u00bb open_toggle_text_color=\u00bb#ffffff\u00bb open_toggle_background_color=\u00bbrgba(0,0,0,0)\u00bb closed_toggle_text_color=\u00bb#ffffff\u00bb closed_toggle_background_color=\u00bbrgba(0,0,0,0)\u00bb use_icon_font_size=\u00bbon\u00bb icon_font_size=\u00bb36px\u00bb open_use_icon_font_size=\u00bbon\u00bb open_icon_font_size=\u00bb36px\u00bb _builder_version=\u00bb4.16&#8243; title_text_color=\u00bb#ffffff\u00bb title_font=\u00bb|||on|||||\u00bb title_font_size=\u00bb30px\u00bb body_text_color=\u00bb#ffffff\u00bb border_color_all=\u00bbrgba(0,0,0,0)\u00bb global_colors_info=\u00bb{}\u00bb]<\/p>\n<p>Entendiendo que toda actividad o proyecto cultural implica procesos de comunicaci\u00f3n y educaci\u00f3n, proponemos maneras m\u00e1s participativas de gestionar la cultura, entendiendo los p\u00fablicos como ciudadanos activos y cr\u00edticos ante lo que consumen.<br \/>En la gesti\u00f3n cultural comunitaria utilizamos el arte, la m\u00fasica, las culturas populares, el patrimonio y la creatividad, como elementos esenciales de las acciones. Planteamos m\u00e9todos de trabajo a partir de procesos de protagonismo colectivo, incentivando la democratizaci\u00f3n en la generaci\u00f3n, circulaci\u00f3n, consumo y acceso horizontal a la cultura. As\u00ed, mediante diversas iniciativas, visibilizamos los territorios, propiciando di\u00e1logos para construir sentimientos de pertenencia, autoestima y autosuficiencia a la comunidad.<br \/>El  <span style=\"color: #000000;\"><a href=\"https:\/\/lagranpantallafestival.com\/\" style=\"color: #000000;\">Festival de Cine la GRAN pantalla<\/a><\/span>, primero en su g\u00e9nero, pensado con y para las personas mayores desde 2019, el ciclo Pantalla Barcelona, que gestionamos para el Instituto de Cultura del Ayuntamiento de Barcelona, con m\u00e1s de 120 proyecciones al a\u00f1o y la iniciativa  <span style=\"color: #000000;\"><a href=\"https:\/\/acciocomunicant.elparlante.es\/\" style=\"color: #000000;\">Acci\u00f3n Comunicante<\/a><\/span>  desarrollada en dos barrios con personas j\u00f3venes y mayores, son tres muestras. Estamos convencidos de que la cultura comunica, educa y transforma.<\/p>\n<p>[\/et_pb_toggle][\/et_pb_column][et_pb_column type=\u00bb2_5&#8243; _builder_version=\u00bb4.16&#8243; global_colors_info=\u00bb{}\u00bb][et_pb_image src=\u00bbhttps:\/\/elparlante.es\/wp-content\/uploads\/2025\/01\/01.-LGP-GESTIO-CULTURAL-scaled.jpg\u00bb _builder_version=\u00bb4.27.3&#8243; hover_enabled=\u00bb0&#8243; border_radii=\u00bbon|10px|10px|10px|10px\u00bb box_shadow_style=\u00bbpreset2&#8243; global_colors_info=\u00bb{}\u00bb sticky_enabled=\u00bb0&#8243; title_text=\u00bb01. LGP GESTIO\u0301 CULTURAL\u00bb][\/et_pb_image][\/et_pb_column][\/et_pb_row][\/et_pb_section][et_pb_section fb_built=\u00bb1&#8243; module_id=\u00bbformacio\u00bb _builder_version=\u00bb4.16&#8243; background_color=\u00bb#f29544&#8243; global_colors_info=\u00bb{}\u00bb][et_pb_row column_structure=\u00bb3_5,2_5&#8243; _builder_version=\u00bb4.16&#8243; global_colors_info=\u00bb{}\u00bb][et_pb_column type=\u00bb3_5&#8243; _builder_version=\u00bb4.16&#8243; global_colors_info=\u00bb{}\u00bb][et_pb_divider color=\u00bb#ffffff\u00bb _builder_version=\u00bb4.16&#8243; custom_padding=\u00bb||0px|||\u00bb global_colors_info=\u00bb{}\u00bb][\/et_pb_divider][et_pb_toggle title=\u00bbFormaci\u00f3n y asesor\u00edas\u00bb open_toggle_text_color=\u00bb#ffffff\u00bb open_toggle_background_color=\u00bbrgba(0,0,0,0)\u00bb closed_toggle_text_color=\u00bb#ffffff\u00bb closed_toggle_background_color=\u00bbrgba(0,0,0,0)\u00bb use_icon_font_size=\u00bbon\u00bb icon_font_size=\u00bb36px\u00bb open_use_icon_font_size=\u00bbon\u00bb open_icon_font_size=\u00bb36px\u00bb _builder_version=\u00bb4.16&#8243; title_text_color=\u00bb#ffffff\u00bb title_font=\u00bb|||on|||||\u00bb title_font_size=\u00bb30px\u00bb body_text_color=\u00bb#ffffff\u00bb border_color_all=\u00bbrgba(0,0,0,0)\u00bb global_colors_info=\u00bb{}\u00bb]<\/p>\n<p>Nuestras formaciones y asesor\u00edas est\u00e1n dirigidas a profesionales del sector educativo, social, cultural y art\u00edstico. Tambi\u00e9n t\u00e9cnicos y t\u00e9cnicas de las administraciones p\u00fablicas que trabajan en el dise\u00f1o y desarrollo de proyectos comunitarios o participativos.<br \/>Desde un programa de televisi\u00f3n o campa\u00f1a de comunicaci\u00f3n hasta una intervenci\u00f3n de salud comunitaria. Desde la conceptualizaci\u00f3n hasta el presupuesto, nuestra amplia trayectoria en la planificaci\u00f3n, la implementaci\u00f3n y la evaluaci\u00f3n de programas de actuaci\u00f3n con diversos p\u00fablicos, nos permite acompa\u00f1ar todo tipo de proyectos de intervenci\u00f3n sociocultural de principio a fin.<br \/>Podemos abordar diferentes \u00e1mbitos territoriales, desde iniciativas a nivel nacional, comarcal o municipal que buscan tener m\u00e1s alcance y cobertura, hasta acciones m\u00e1s concretas que se pueden desarrollar en un barrio espec\u00edfico o un aula de clases.<br \/>As\u00ed como cada a\u00f1o llevamos a cabo la Formaci\u00f3n en  <span style=\"color: #000000;\"><a href=\"https:\/\/elparlante.es\/educomunicacio\/\" style=\"color: #000000;\">Educomunciaci\u00f3n: arte, cultura y acci\u00f3n comunitaria<\/a><\/span>, tambi\u00e9n hemos dise\u00f1ado formaciones y asesor\u00edas espec\u00edficas para diferentes \u00e1reas de las administraciones locales: juventud, personas mayores, interculturalidad, servicios sociales, cultura y salud, siempre poniendo la perspectiva interseccional, la comunicaci\u00f3n y la educaci\u00f3n, en el centro de las propuestas.<\/p>\n<p>[\/et_pb_toggle][\/et_pb_column][et_pb_column type=\u00bb2_5&#8243; _builder_version=\u00bb4.16&#8243; global_colors_info=\u00bb{}\u00bb][et_pb_image src=\u00bbhttps:\/\/elparlante.es\/wp-content\/uploads\/2023\/02\/Formacions.jpg\u00bb _builder_version=\u00bb4.16&#8243; border_radii=\u00bbon|10px|10px|10px|10px\u00bb box_shadow_style=\u00bbpreset2&#8243; global_colors_info=\u00bb{}\u00bb][\/et_pb_image][\/et_pb_column][\/et_pb_row][\/et_pb_section]<\/p>\n","protected":false},"excerpt":{"rendered":"<p>elParlante est\u00e1 especializado en proyectos de sensibilizaci\u00f3n, v\u00eddeo participativo, gesti\u00f3n cultural, formaciones y asesoramiento.<\/p>\n","protected":false},"author":1,"featured_media":6688,"parent":0,"menu_order":0,"comment_status":"closed","ping_status":"closed","template":"","meta":{"_et_pb_use_builder":"on","_et_pb_old_content":"","_et_gb_content_width":"","_monsterinsights_skip_tracking":false,"_monsterinsights_sitenote_active":false,"_monsterinsights_sitenote_note":"","_monsterinsights_sitenote_category":0,"footnotes":""},"class_list":["post-6945","page","type-page","status-publish","has-post-thumbnail","hentry"],"yoast_head":"<!-- This site is optimized with the Yoast SEO plugin v27.2 - https:\/\/yoast.com\/product\/yoast-seo-wordpress\/ -->\n<title>Qu\u00e9 hacemos | elParlante<\/title>\n<meta name=\"description\" content=\"elParlante est\u00e1 especializado en proyectos de sensibilizaci\u00f3n, v\u00eddeo participativo, gesti\u00f3n cultural, formaciones y asesoramiento.\" \/>\n<meta name=\"robots\" content=\"index, follow, max-snippet:-1, max-image-preview:large, max-video-preview:-1\" \/>\n<link rel=\"canonical\" href=\"https:\/\/elparlante.es\/es\/que-hacemos\/\" \/>\n<meta property=\"og:locale\" content=\"es_ES\" \/>\n<meta property=\"og:type\" content=\"article\" \/>\n<meta property=\"og:title\" content=\"Qu\u00e9 hacemos | elParlante\" \/>\n<meta property=\"og:description\" content=\"elParlante est\u00e1 especializado en proyectos de sensibilizaci\u00f3n, v\u00eddeo participativo, gesti\u00f3n cultural, formaciones y asesoramiento.\" \/>\n<meta property=\"og:url\" content=\"https:\/\/elparlante.es\/es\/que-hacemos\/\" \/>\n<meta property=\"og:site_name\" content=\"elParlante\" \/>\n<meta property=\"article:publisher\" content=\"https:\/\/www.facebook.com\/elParlante.es\" \/>\n<meta property=\"article:modified_time\" content=\"2025-02-16T21:57:16+00:00\" \/>\n<meta property=\"og:image\" content=\"https:\/\/elparlante.es\/wp-content\/uploads\/2023\/02\/Cocreacio-scaled.jpg\" \/>\n\t<meta property=\"og:image:width\" content=\"2560\" \/>\n\t<meta property=\"og:image:height\" content=\"1707\" \/>\n\t<meta property=\"og:image:type\" content=\"image\/jpeg\" \/>\n<meta name=\"twitter:card\" content=\"summary_large_image\" \/>\n<meta name=\"twitter:site\" content=\"@elParlanteBCN\" \/>\n<meta name=\"twitter:label1\" content=\"Tiempo de lectura\" \/>\n\t<meta name=\"twitter:data1\" content=\"9 minutos\" \/>\n<script type=\"application\/ld+json\" class=\"yoast-schema-graph\">{\"@context\":\"https:\/\/schema.org\",\"@graph\":[{\"@type\":\"WebPage\",\"@id\":\"https:\/\/elparlante.es\/es\/que-hacemos\/\",\"url\":\"https:\/\/elparlante.es\/es\/que-hacemos\/\",\"name\":\"Qu\u00e9 hacemos | elParlante\",\"isPartOf\":{\"@id\":\"https:\/\/elparlante.es\/es\/#website\"},\"primaryImageOfPage\":{\"@id\":\"https:\/\/elparlante.es\/es\/que-hacemos\/#primaryimage\"},\"image\":{\"@id\":\"https:\/\/elparlante.es\/es\/que-hacemos\/#primaryimage\"},\"thumbnailUrl\":\"https:\/\/elparlante.es\/wp-content\/uploads\/2023\/02\/Cocreacio-scaled.jpg\",\"datePublished\":\"2023-02-15T15:01:57+00:00\",\"dateModified\":\"2025-02-16T21:57:16+00:00\",\"description\":\"elParlante est\u00e1 especializado en proyectos de sensibilizaci\u00f3n, v\u00eddeo participativo, gesti\u00f3n cultural, formaciones y asesoramiento.\",\"breadcrumb\":{\"@id\":\"https:\/\/elparlante.es\/es\/que-hacemos\/#breadcrumb\"},\"inLanguage\":\"es\",\"potentialAction\":[{\"@type\":\"ReadAction\",\"target\":[\"https:\/\/elparlante.es\/es\/que-hacemos\/\"]}]},{\"@type\":\"ImageObject\",\"inLanguage\":\"es\",\"@id\":\"https:\/\/elparlante.es\/es\/que-hacemos\/#primaryimage\",\"url\":\"https:\/\/elparlante.es\/wp-content\/uploads\/2023\/02\/Cocreacio-scaled.jpg\",\"contentUrl\":\"https:\/\/elparlante.es\/wp-content\/uploads\/2023\/02\/Cocreacio-scaled.jpg\",\"width\":2560,\"height\":1707},{\"@type\":\"BreadcrumbList\",\"@id\":\"https:\/\/elparlante.es\/es\/que-hacemos\/#breadcrumb\",\"itemListElement\":[{\"@type\":\"ListItem\",\"position\":1,\"name\":\"Portada\",\"item\":\"https:\/\/elparlante.es\/es\/\"},{\"@type\":\"ListItem\",\"position\":2,\"name\":\"Qu\u00e9 hacemos\"}]},{\"@type\":\"WebSite\",\"@id\":\"https:\/\/elparlante.es\/es\/#website\",\"url\":\"https:\/\/elparlante.es\/es\/\",\"name\":\"elParlante\",\"description\":\"ElParlante es una entidad de car\u00e1cter cultural, social y educativo, fundada en 2009. Entendemos la comunicaci\u00f3n como un proceso de di\u00e1logo constante, y utilizamos las tecnolog\u00edas audiovisuales como instrumentos de transformaci\u00f3n y cambio. Dise\u00f1amos, implementamos y evaluamos estrategias que vinculan la Educaci\u00f3n y la Comunicaci\u00f3n para la promoci\u00f3n de una ciudadan\u00eda m\u00e1s activa.\",\"alternateName\":\"elParlante\",\"potentialAction\":[{\"@type\":\"SearchAction\",\"target\":{\"@type\":\"EntryPoint\",\"urlTemplate\":\"https:\/\/elparlante.es\/es\/?s={search_term_string}\"},\"query-input\":{\"@type\":\"PropertyValueSpecification\",\"valueRequired\":true,\"valueName\":\"search_term_string\"}}],\"inLanguage\":\"es\"}]}<\/script>\n<!-- \/ Yoast SEO plugin. -->","yoast_head_json":{"title":"Qu\u00e9 hacemos | elParlante","description":"elParlante est\u00e1 especializado en proyectos de sensibilizaci\u00f3n, v\u00eddeo participativo, gesti\u00f3n cultural, formaciones y asesoramiento.","robots":{"index":"index","follow":"follow","max-snippet":"max-snippet:-1","max-image-preview":"max-image-preview:large","max-video-preview":"max-video-preview:-1"},"canonical":"https:\/\/elparlante.es\/es\/que-hacemos\/","og_locale":"es_ES","og_type":"article","og_title":"Qu\u00e9 hacemos | elParlante","og_description":"elParlante est\u00e1 especializado en proyectos de sensibilizaci\u00f3n, v\u00eddeo participativo, gesti\u00f3n cultural, formaciones y asesoramiento.","og_url":"https:\/\/elparlante.es\/es\/que-hacemos\/","og_site_name":"elParlante","article_publisher":"https:\/\/www.facebook.com\/elParlante.es","article_modified_time":"2025-02-16T21:57:16+00:00","og_image":[{"width":2560,"height":1707,"url":"https:\/\/elparlante.es\/wp-content\/uploads\/2023\/02\/Cocreacio-scaled.jpg","type":"image\/jpeg"}],"twitter_card":"summary_large_image","twitter_site":"@elParlanteBCN","twitter_misc":{"Tiempo de lectura":"9 minutos"},"schema":{"@context":"https:\/\/schema.org","@graph":[{"@type":"WebPage","@id":"https:\/\/elparlante.es\/es\/que-hacemos\/","url":"https:\/\/elparlante.es\/es\/que-hacemos\/","name":"Qu\u00e9 hacemos | elParlante","isPartOf":{"@id":"https:\/\/elparlante.es\/es\/#website"},"primaryImageOfPage":{"@id":"https:\/\/elparlante.es\/es\/que-hacemos\/#primaryimage"},"image":{"@id":"https:\/\/elparlante.es\/es\/que-hacemos\/#primaryimage"},"thumbnailUrl":"https:\/\/elparlante.es\/wp-content\/uploads\/2023\/02\/Cocreacio-scaled.jpg","datePublished":"2023-02-15T15:01:57+00:00","dateModified":"2025-02-16T21:57:16+00:00","description":"elParlante est\u00e1 especializado en proyectos de sensibilizaci\u00f3n, v\u00eddeo participativo, gesti\u00f3n cultural, formaciones y asesoramiento.","breadcrumb":{"@id":"https:\/\/elparlante.es\/es\/que-hacemos\/#breadcrumb"},"inLanguage":"es","potentialAction":[{"@type":"ReadAction","target":["https:\/\/elparlante.es\/es\/que-hacemos\/"]}]},{"@type":"ImageObject","inLanguage":"es","@id":"https:\/\/elparlante.es\/es\/que-hacemos\/#primaryimage","url":"https:\/\/elparlante.es\/wp-content\/uploads\/2023\/02\/Cocreacio-scaled.jpg","contentUrl":"https:\/\/elparlante.es\/wp-content\/uploads\/2023\/02\/Cocreacio-scaled.jpg","width":2560,"height":1707},{"@type":"BreadcrumbList","@id":"https:\/\/elparlante.es\/es\/que-hacemos\/#breadcrumb","itemListElement":[{"@type":"ListItem","position":1,"name":"Portada","item":"https:\/\/elparlante.es\/es\/"},{"@type":"ListItem","position":2,"name":"Qu\u00e9 hacemos"}]},{"@type":"WebSite","@id":"https:\/\/elparlante.es\/es\/#website","url":"https:\/\/elparlante.es\/es\/","name":"elParlante","description":"ElParlante es una entidad de car\u00e1cter cultural, social y educativo, fundada en 2009. Entendemos la comunicaci\u00f3n como un proceso de di\u00e1logo constante, y utilizamos las tecnolog\u00edas audiovisuales como instrumentos de transformaci\u00f3n y cambio. Dise\u00f1amos, implementamos y evaluamos estrategias que vinculan la Educaci\u00f3n y la Comunicaci\u00f3n para la promoci\u00f3n de una ciudadan\u00eda m\u00e1s activa.","alternateName":"elParlante","potentialAction":[{"@type":"SearchAction","target":{"@type":"EntryPoint","urlTemplate":"https:\/\/elparlante.es\/es\/?s={search_term_string}"},"query-input":{"@type":"PropertyValueSpecification","valueRequired":true,"valueName":"search_term_string"}}],"inLanguage":"es"}]}},"_links":{"self":[{"href":"https:\/\/elparlante.es\/es\/wp-json\/wp\/v2\/pages\/6945","targetHints":{"allow":["GET"]}}],"collection":[{"href":"https:\/\/elparlante.es\/es\/wp-json\/wp\/v2\/pages"}],"about":[{"href":"https:\/\/elparlante.es\/es\/wp-json\/wp\/v2\/types\/page"}],"author":[{"embeddable":true,"href":"https:\/\/elparlante.es\/es\/wp-json\/wp\/v2\/users\/1"}],"replies":[{"embeddable":true,"href":"https:\/\/elparlante.es\/es\/wp-json\/wp\/v2\/comments?post=6945"}],"version-history":[{"count":15,"href":"https:\/\/elparlante.es\/es\/wp-json\/wp\/v2\/pages\/6945\/revisions"}],"predecessor-version":[{"id":8418,"href":"https:\/\/elparlante.es\/es\/wp-json\/wp\/v2\/pages\/6945\/revisions\/8418"}],"wp:featuredmedia":[{"embeddable":true,"href":"https:\/\/elparlante.es\/es\/wp-json\/wp\/v2\/media\/6688"}],"wp:attachment":[{"href":"https:\/\/elparlante.es\/es\/wp-json\/wp\/v2\/media?parent=6945"}],"curies":[{"name":"wp","href":"https:\/\/api.w.org\/{rel}","templated":true}]}}