{"id":7045,"date":"2023-03-08T16:08:36","date_gmt":"2023-03-08T15:08:36","guid":{"rendered":"https:\/\/elparlante.es\/web\/contacto\/"},"modified":"2026-02-11T16:07:04","modified_gmt":"2026-02-11T15:07:04","slug":"contacto","status":"publish","type":"page","link":"https:\/\/elparlante.es\/es\/contacto\/","title":{"rendered":"Contacto"},"content":{"rendered":"<p>[et_pb_section fb_built=\u00bb1&#8243; fullwidth=\u00bbon\u00bb prev_background_color=\u00bb#ffffff\u00bb _builder_version=\u00bb4.16&#8243; background_color=\u00bbrgba(0,0,0,0.32)\u00bb background_image=\u00bbhttps:\/\/elparlante.es\/wp-content\/uploads\/2023\/09\/banner_contacte.jpg\u00bb background_blend=\u00bbmultiply\u00bb custom_padding=\u00bb0px||200px|||\u00bb top_divider_style=\u00bbnone\u00bb global_colors_info=\u00bb{}\u00bb][et_pb_fullwidth_post_title meta=\u00bboff\u00bb featured_image=\u00bboff\u00bb text_color=\u00bblight\u00bb _builder_version=\u00bb4.16&#8243; title_font_size=\u00bb60px\u00bb global_colors_info=\u00bb{}\u00bb][\/et_pb_fullwidth_post_title][\/et_pb_section][et_pb_section fb_built=\u00bb1&#8243; _builder_version=\u00bb4.16&#8243; global_colors_info=\u00bb{}\u00bb][et_pb_row _builder_version=\u00bb4.16&#8243; global_colors_info=\u00bb{}\u00bb][et_pb_column type=\u00bb4_4&#8243; _builder_version=\u00bb4.16&#8243; global_colors_info=\u00bb{}\u00bb][et_pb_text _builder_version=\u00bb4.16&#8243; header_3_text_color=\u00bb#f25041&#8243; text_font_size_tablet=\u00bb\u00bb text_font_size_phone=\u00bb18px\u00bb text_font_size_last_edited=\u00bbon|phone\u00bb header_3_font_size_tablet=\u00bb\u00bb header_3_font_size_phone=\u00bb22px\u00bb header_3_font_size_last_edited=\u00bbon|phone\u00bb global_colors_info=\u00bb{}\u00bb]<\/p>\n<h3 style=\"text-align: center;\"><a href=\"mailto:comunicacion@elparlante.es\">comunicacion@elparlante.es<\/a><\/h3>\n<h3 style=\"text-align: center;\">(+34) <b>602 63 22 11<\/b><\/h3>\n<p>[\/et_pb_text][\/et_pb_column][\/et_pb_row][et_pb_row column_structure=\u00bb1_3,2_3&#8243; _builder_version=\u00bb4.16&#8243; global_colors_info=\u00bb{}\u00bb][et_pb_column type=\u00bb1_3&#8243; _builder_version=\u00bb4.16&#8243; global_colors_info=\u00bb{}\u00bb][et_pb_text _builder_version=\u00bb4.16&#8243; header_3_text_color=\u00bb#000000&#8243; global_colors_info=\u00bb{}\u00bb]<\/p>\n<h3 style=\"text-align: center;\">\u00a1Escr\u00edbete! Siempre contestamos \ud83d\ude09<\/h3>\n<p>[\/et_pb_text][\/et_pb_column][et_pb_column type=\u00bb2_3&#8243; _builder_version=\u00bb4.16&#8243; global_colors_info=\u00bb{}\u00bb][et_pb_contact_form captcha=\u00bboff\u00bb email=\u00bbcomunicacion@elparlante.es\u00bb success_message=\u00bb\u00a1Recibido! Gracias por ponerte en contacto con nosotros. En breve, te responderemos.\u00bb submit_button_text=\u00bbEnviar\u00bb _builder_version=\u00bb4.16&#8243; _unique_id=\u00bbab85b806-34cb-498d-86f1-437623befb79&#8243; title_font_size=\u00bb24px\u00bb global_colors_info=\u00bb{}\u00bb][et_pb_contact_field field_id=\u00bbName\u00bb field_title=\u00bbNombre\u00bb _builder_version=\u00bb4.16&#8243; global_colors_info=\u00bb{}\u00bb button_text_size__hover_enabled=\u00bboff\u00bb button_one_text_size__hover_enabled=\u00bboff\u00bb button_two_text_size__hover_enabled=\u00bboff\u00bb button_text_color__hover_enabled=\u00bboff\u00bb button_one_text_color__hover_enabled=\u00bboff\u00bb button_two_text_color__hover_enabled=\u00bboff\u00bb button_border_width__hover_enabled=\u00bboff\u00bb button_one_border_width__hover_enabled=\u00bboff\u00bb button_two_border_width__hover_enabled=\u00bboff\u00bb button_border_color__hover_enabled=\u00bboff\u00bb button_one_border_color__hover_enabled=\u00bboff\u00bb button_two_border_color__hover_enabled=\u00bboff\u00bb button_border_radius__hover_enabled=\u00bboff\u00bb button_one_border_radius__hover_enabled=\u00bboff\u00bb button_two_border_radius__hover_enabled=\u00bboff\u00bb button_letter_spacing__hover_enabled=\u00bboff\u00bb button_one_letter_spacing__hover_enabled=\u00bboff\u00bb button_two_letter_spacing__hover_enabled=\u00bboff\u00bb button_bg_color__hover_enabled=\u00bboff\u00bb button_one_bg_color__hover_enabled=\u00bboff\u00bb button_two_bg_color__hover_enabled=\u00bboff\u00bb][\/et_pb_contact_field][et_pb_contact_field field_id=\u00bbEmail\u00bb field_title=\u00bbCorreo electr\u00f3nico\u00bb field_type=\u00bbemail\u00bb _builder_version=\u00bb4.16&#8243; global_colors_info=\u00bb{}\u00bb button_text_size__hover_enabled=\u00bboff\u00bb button_one_text_size__hover_enabled=\u00bboff\u00bb button_two_text_size__hover_enabled=\u00bboff\u00bb button_text_color__hover_enabled=\u00bboff\u00bb button_one_text_color__hover_enabled=\u00bboff\u00bb button_two_text_color__hover_enabled=\u00bboff\u00bb button_border_width__hover_enabled=\u00bboff\u00bb button_one_border_width__hover_enabled=\u00bboff\u00bb button_two_border_width__hover_enabled=\u00bboff\u00bb button_border_color__hover_enabled=\u00bboff\u00bb button_one_border_color__hover_enabled=\u00bboff\u00bb button_two_border_color__hover_enabled=\u00bboff\u00bb button_border_radius__hover_enabled=\u00bboff\u00bb button_one_border_radius__hover_enabled=\u00bboff\u00bb button_two_border_radius__hover_enabled=\u00bboff\u00bb button_letter_spacing__hover_enabled=\u00bboff\u00bb button_one_letter_spacing__hover_enabled=\u00bboff\u00bb button_two_letter_spacing__hover_enabled=\u00bboff\u00bb button_bg_color__hover_enabled=\u00bboff\u00bb button_one_bg_color__hover_enabled=\u00bboff\u00bb button_two_bg_color__hover_enabled=\u00bboff\u00bb][\/et_pb_contact_field][et_pb_contact_field field_id=\u00bbMessage\u00bb field_title=\u00bbMensaje\u00bb field_type=\u00bbtext\u00bb fullwidth_field=\u00bbon\u00bb _builder_version=\u00bb4.16&#8243; global_colors_info=\u00bb{}\u00bb button_text_size__hover_enabled=\u00bboff\u00bb button_one_text_size__hover_enabled=\u00bboff\u00bb button_two_text_size__hover_enabled=\u00bboff\u00bb button_text_color__hover_enabled=\u00bboff\u00bb button_one_text_color__hover_enabled=\u00bboff\u00bb button_two_text_color__hover_enabled=\u00bboff\u00bb button_border_width__hover_enabled=\u00bboff\u00bb button_one_border_width__hover_enabled=\u00bboff\u00bb button_two_border_width__hover_enabled=\u00bboff\u00bb button_border_color__hover_enabled=\u00bboff\u00bb button_one_border_color__hover_enabled=\u00bboff\u00bb button_two_border_color__hover_enabled=\u00bboff\u00bb button_border_radius__hover_enabled=\u00bboff\u00bb button_one_border_radius__hover_enabled=\u00bboff\u00bb button_two_border_radius__hover_enabled=\u00bboff\u00bb button_letter_spacing__hover_enabled=\u00bboff\u00bb button_one_letter_spacing__hover_enabled=\u00bboff\u00bb button_two_letter_spacing__hover_enabled=\u00bboff\u00bb button_bg_color__hover_enabled=\u00bboff\u00bb button_one_bg_color__hover_enabled=\u00bboff\u00bb button_two_bg_color__hover_enabled=\u00bboff\u00bb][\/et_pb_contact_field][\/et_pb_contact_form][\/et_pb_column][\/et_pb_row][\/et_pb_section][et_pb_section fb_built=\u00bb1&#8243; _builder_version=\u00bb4.16&#8243; global_colors_info=\u00bb{}\u00bb][et_pb_row _builder_version=\u00bb4.16&#8243; locked=\u00bboff\u00bb global_colors_info=\u00bb{}\u00bb][et_pb_column type=\u00bb4_4&#8243; _builder_version=\u00bb4.16&#8243; global_colors_info=\u00bb{}\u00bb][wdcl_logo_carousel slide_count=\u00bb4&#8243; slide_count_tablet=\u00bb2&#8243; slide_count_phone=\u00bb1&#8243; slide_count_last_edited=\u00bbon|tablet\u00bb _builder_version=\u00bb4.16&#8243; module_alignment=\u00bbcenter\u00bb filter_saturate=\u00bb0%\u00bb locked=\u00bboff\u00bb global_colors_info=\u00bb{}\u00bb][wdcl_logo_carousel_child admin_title=\u00bbayuntamiento de barcelona\u00bb logo=\u00bbhttps:\/\/elparlante.es\/web\/wp-content\/uploads\/2023\/09\/logo_ajuntament-barcelona.jpg\u00bb _builder_version=\u00bb4.16&#8243; link_option_url=\u00bbhttps:\/\/www.barcelona.cat\/ca\/\u00bb link_option_url_new_window=\u00bbon\u00bb global_colors_info=\u00bb{}\u00bb][\/wdcl_logo_carousel_child][wdcl_logo_carousel_child admin_title=\u00bbayuntamiento de L&apos;hospitalet\u00bb logo=\u00bbhttps:\/\/elparlante.es\/web\/wp-content\/uploads\/2023\/09\/logo_ajuntament-de-lhospitalet.jpg\u00bb _builder_version=\u00bb4.16&#8243; link_option_url=\u00bbhttps:\/\/www.l-h.cat\/\u00bb link_option_url_new_window=\u00bbon\u00bb global_colors_info=\u00bb{}\u00bb][\/wdcl_logo_carousel_child][wdcl_logo_carousel_child admin_title=\u00bbayuntamiento leccionado de arriba\u00bb logo=\u00bbhttps:\/\/elparlante.es\/web\/wp-content\/uploads\/2023\/09\/logo_ajuntament-llica-damunt.jpg\u00bb _builder_version=\u00bb4.16&#8243; link_option_url=\u00bbhttps:\/\/www.llicamunt.cat\/\u00bb link_option_url_new_window=\u00bbon\u00bb global_colors_info=\u00bb{}\u00bb][\/wdcl_logo_carousel_child][wdcl_logo_carousel_child admin_title=\u00bbgeneralidad catalunya\u00bb logo=\u00bbhttps:\/\/elparlante.es\/web\/wp-content\/uploads\/2023\/09\/logo_generalitat-catalunya.jpg\u00bb _builder_version=\u00bb4.16&#8243; link_option_url=\u00bbhttps:\/\/web.gencat.cat\/ca\/inici\u00bb link_option_url_new_window=\u00bbon\u00bb global_colors_info=\u00bb{}\u00bb][\/wdcl_logo_carousel_child][wdcl_logo_carousel_child admin_title=\u00bbdiputacio barcelona\u00bb logo=\u00bbhttps:\/\/elparlante.es\/web\/wp-content\/uploads\/2023\/09\/logo_diputacio-barcelona.jpg\u00bb _builder_version=\u00bb4.16&#8243; link_option_url=\u00bbhttps:\/\/www.diba.cat\/\u00bb link_option_url_new_window=\u00bbon\u00bb global_colors_info=\u00bb{}\u00bb][\/wdcl_logo_carousel_child][wdcl_logo_carousel_child admin_title=\u00bbicec\u00bb logo=\u00bbhttps:\/\/elparlante.es\/web\/wp-content\/uploads\/2023\/09\/logo_icec.jpg\u00bb _builder_version=\u00bb4.16&#8243; link_option_url=\u00bbhttps:\/\/icec.gencat.cat\/ca\/inici\u00bb link_option_url_new_window=\u00bbon\u00bb global_colors_info=\u00bb{}\u00bb][\/wdcl_logo_carousel_child][wdcl_logo_carousel_child admin_title=\u00bbicub\u00bb logo=\u00bbhttps:\/\/elparlante.es\/web\/wp-content\/uploads\/2023\/09\/logo_icub.jpg\u00bb _builder_version=\u00bb4.16&#8243; link_option_url=\u00bbhttps:\/\/www.barcelona.cat\/barcelonacultura\/ca\/icub\u00bb link_option_url_new_window=\u00bbon\u00bb global_colors_info=\u00bb{}\u00bb][\/wdcl_logo_carousel_child][wdcl_logo_carousel_child admin_title=\u00bbaspb\u00bb logo=\u00bbhttps:\/\/elparlante.es\/web\/wp-content\/uploads\/2023\/09\/logo_aspb.jpg\u00bb _builder_version=\u00bb4.16&#8243; link_option_url=\u00bbhttps:\/\/www.aspb.cat\/\u00bb link_option_url_new_window=\u00bbon\u00bb global_colors_info=\u00bb{}\u00bb][\/wdcl_logo_carousel_child][wdcl_logo_carousel_child admin_title=\u00bbla caja\u00bb logo=\u00bbhttps:\/\/elparlante.es\/web\/wp-content\/uploads\/2023\/09\/logo_la-caixa.jpg\u00bb _builder_version=\u00bb4.16&#8243; link_option_url=\u00bbhttps:\/\/fundacionlacaixa.org\/ca\/\u00bb link_option_url_new_window=\u00bbon\u00bb global_colors_info=\u00bb{}\u00bb][\/wdcl_logo_carousel_child][wdcl_logo_carousel_child admin_title=\u00bbupf\u00bb logo=\u00bbhttps:\/\/elparlante.es\/web\/wp-content\/uploads\/2023\/09\/logo_upf.jpg\u00bb logo_alt=\u00bbupf\u00bb _builder_version=\u00bb4.16&#8243; link_option_url=\u00bbhttps:\/\/www.upf.edu\/\u00bb link_option_url_new_window=\u00bbon\u00bb global_colors_info=\u00bb{}\u00bb][\/wdcl_logo_carousel_child][wdcl_logo_carousel_child admin_title=\u00bbqsl\u00bb logo=\u00bbhttps:\/\/elparlante.es\/web\/wp-content\/uploads\/2023\/09\/logo_qsl.jpg\u00bb _builder_version=\u00bb4.16&#8243; link_option_url=\u00bbhttps:\/\/qsl.cat\/\u00bb link_option_url_new_window=\u00bbon\u00bb global_colors_info=\u00bb{}\u00bb][\/wdcl_logo_carousel_child][wdcl_logo_carousel_child admin_title=\u00bbpdc navas\u00bb logo=\u00bbhttps:\/\/elparlante.es\/web\/wp-content\/uploads\/2023\/09\/logo_pdc-navas.jpg\u00bb _builder_version=\u00bb4.16&#8243; link_option_url_new_window=\u00bbon\u00bb global_colors_info=\u00bb{}\u00bb][\/wdcl_logo_carousel_child][wdcl_logo_carousel_child admin_title=\u00bbteleduca\u00bb logo=\u00bbhttps:\/\/elparlante.es\/web\/wp-content\/uploads\/2023\/09\/logo_teleduca.jpg\u00bb _builder_version=\u00bb4.16&#8243; link_option_url=\u00bbhttp:\/\/www.teleduca.org\/\u00bb link_option_url_new_window=\u00bbon\u00bb global_colors_info=\u00bb{}\u00bb][\/wdcl_logo_carousel_child][wdcl_logo_carousel_child admin_title=\u00bbcasa amarilla\u00bb logo=\u00bbhttps:\/\/elparlante.es\/web\/wp-content\/uploads\/2023\/09\/logo_casa-groga.jpg\u00bb _builder_version=\u00bb4.16&#8243; link_option_url=\u00bbhttps:\/\/ajuntament.barcelona.cat\/ccivics\/casagroga\u00bb link_option_url_new_window=\u00bbon\u00bb global_colors_info=\u00bb{}\u00bb][\/wdcl_logo_carousel_child][wdcl_logo_carousel_child admin_title=\u00bbla vecinal\u00bb logo=\u00bbhttps:\/\/elparlante.es\/web\/wp-content\/uploads\/2023\/09\/logo_la-veinal.jpg\u00bb _builder_version=\u00bb4.16&#8243; link_option_url=\u00bbhttps:\/\/www.laveinal.cat\/\u00bb link_option_url_new_window=\u00bbon\u00bb global_colors_info=\u00bb{}\u00bb][\/wdcl_logo_carousel_child][wdcl_logo_carousel_child admin_title=\u00bbceai\u00bb logo=\u00bbhttps:\/\/elparlante.es\/web\/wp-content\/uploads\/2023\/09\/logo_ceai.jpg\u00bb _builder_version=\u00bb4.16&#8243; link_option_url=\u00bbhttps:\/\/centredestudisafricans.org\/\u00bb link_option_url_new_window=\u00bbon\u00bb global_colors_info=\u00bb{}\u00bb][\/wdcl_logo_carousel_child][wdcl_logo_carousel_child admin_title=\u00bbceesc\u00bb logo=\u00bbhttps:\/\/elparlante.es\/web\/wp-content\/uploads\/2023\/09\/logo_ceesc.jpg\u00bb _builder_version=\u00bb4.16&#8243; link_option_url=\u00bbhttps:\/\/www.ceesc.cat\/\u00bb link_option_url_new_window=\u00bbon\u00bb global_colors_info=\u00bb{}\u00bb][\/wdcl_logo_carousel_child][wdcl_logo_carousel_child admin_title=\u00bbartibarri\u00bb logo=\u00bbhttps:\/\/elparlante.es\/web\/wp-content\/uploads\/2023\/09\/logo_artibarri.jpg\u00bb _builder_version=\u00bb4.16&#8243; link_option_url=\u00bbhttps:\/\/artibarri.cat\/\u00bb link_option_url_new_window=\u00bbon\u00bb global_colors_info=\u00bb{}\u00bb][\/wdcl_logo_carousel_child][wdcl_logo_carousel_child admin_title=\u00bbcamille zonca\u00bb logo=\u00bbhttps:\/\/elparlante.es\/web\/wp-content\/uploads\/2023\/09\/logo_camille-zonca.jpg\u00bb _builder_version=\u00bb4.16&#8243; link_option_url=\u00bbhttp:\/\/www.camillezonca.com\/\u00bb link_option_url_new_window=\u00bbon\u00bb global_colors_info=\u00bb{}\u00bb][\/wdcl_logo_carousel_child][\/wdcl_logo_carousel][\/et_pb_column][\/et_pb_row][\/et_pb_section][et_pb_section fb_built=\u00bb1&#8243; _builder_version=\u00bb4.16&#8243; background_color=\u00bb#33a6a6&#8243; global_colors_info=\u00bb{}\u00bb][et_pb_row _builder_version=\u00bb4.16&#8243; custom_padding=\u00bb48px||52px|||\u00bb global_colors_info=\u00bb{}\u00bb][et_pb_column type=\u00bb4_4&#8243; _builder_version=\u00bb4.16&#8243; global_colors_info=\u00bb{}\u00bb][et_pb_text _builder_version=\u00bb4.16&#8243; header_4_text_color=\u00bb#ffffff\u00bb global_colors_info=\u00bb{}\u00bb]<\/p>\n<h4 style=\"text-align: center;\">Con\u00e9ctate con nosotros<\/h4>\n<p>[\/et_pb_text][et_pb_social_media_follow icon_color=\u00bb#ffffff\u00bb use_icon_font_size=\u00bbon\u00bb icon_font_size=\u00bb36px\u00bb icon_font_size_tablet=\u00bb\u00bb icon_font_size_phone=\u00bb27px\u00bb icon_font_size_last_edited=\u00bbon|desktop\u00bb _builder_version=\u00bb4.16&#8243; text_orientation=\u00bbcenter\u00bb border_radii=\u00bbon|35px|35px|35px|35px\u00bb box_shadow_style=\u00bbpreset3&#8243; locked=\u00bboff\u00bb global_colors_info=\u00bb{}\u00bb][et_pb_social_media_follow_network social_network=\u00bbinstagram\u00bb url=\u00bbhttps:\/\/www.instagram.com\/elparlantebcn\/\u00bb _builder_version=\u00bb4.16&#8243; background_color=\u00bb#ea2c59&#8243; global_colors_info=\u00bb{}\u00bb follow_button=\u00bboff\u00bb url_new_window=\u00bbon\u00bb]instagram[\/et_pb_social_media_follow_network][et_pb_social_media_follow_network social_network=\u00bbtwitter\u00bb url=\u00bbhttps:\/\/twitter.com\/elParlanteBCN\u00bb _builder_version=\u00bb4.22.2&#8243; background_color=\u00bb#000000&#8243; global_colors_info=\u00bb{}\u00bb follow_button=\u00bboff\u00bb url_new_window=\u00bbon\u00bb]twitter[\/et_pb_social_media_follow_network][et_pb_social_media_follow_network social_network=\u00bbfacebook\u00bb url=\u00bbhttps:\/\/www.facebook.com\/elParlante.es\u00bb _builder_version=\u00bb4.16&#8243; background_color=\u00bb#3b5998&#8243; global_colors_info=\u00bb{}\u00bb follow_button=\u00bboff\u00bb url_new_window=\u00bbon\u00bb]facebook[\/et_pb_social_media_follow_network][et_pb_social_media_follow_network social_network=\u00bbyoutube\u00bb url=\u00bbhttps:\/\/www.youtube.com\/@elParlanteBarcelona\u00bb _builder_version=\u00bb4.16&#8243; background_color=\u00bb#a82400&#8243; global_colors_info=\u00bb{}\u00bb follow_button=\u00bboff\u00bb url_new_window=\u00bbon\u00bb]youtube[\/et_pb_social_media_follow_network][et_pb_social_media_follow_network social_network=\u00bblinkedin\u00bb url=\u00bbhttps:\/\/www.linkedin.com\/company\/elparlante\/\u00bb icon_color=\u00bb#ffffff\u00bb _builder_version=\u00bb4.16&#8243; background_color=\u00bb#007bb6&#8243; global_colors_info=\u00bb{}\u00bb follow_button=\u00bboff\u00bb url_new_window=\u00bbon\u00bb]linkedin[\/et_pb_social_media_follow_network][\/et_pb_social_media_follow][\/et_pb_column][\/et_pb_row][\/et_pb_section]<\/p>\n","protected":false},"excerpt":{"rendered":"<p>Si quieres contactar con nosotros, puedes hacerlo llamando o WhatsApp al 665 31 64 88 o escribi\u00e9ndonos a comunicacion@elparlante.es<\/p>\n","protected":false},"author":1,"featured_media":0,"parent":0,"menu_order":0,"comment_status":"closed","ping_status":"closed","template":"","meta":{"_et_pb_use_builder":"on","_et_pb_old_content":"","_et_gb_content_width":"","_monsterinsights_skip_tracking":false,"_monsterinsights_sitenote_active":false,"_monsterinsights_sitenote_note":"","_monsterinsights_sitenote_category":0,"footnotes":""},"class_list":["post-7045","page","type-page","status-publish","hentry"],"yoast_head":"<!-- This site is optimized with the Yoast SEO plugin v27.2 - https:\/\/yoast.com\/product\/yoast-seo-wordpress\/ -->\n<title>Contacto | elParlante<\/title>\n<meta name=\"description\" content=\"Si quieres contactar con nosotros, puedes hacerlo llamando o WhatsApp al 665 31 64 88 o escribi\u00e9ndonos a comunicacion@elparlante.es\" \/>\n<meta name=\"robots\" content=\"index, follow, max-snippet:-1, max-image-preview:large, max-video-preview:-1\" \/>\n<link rel=\"canonical\" href=\"https:\/\/elparlante.es\/es\/contacto\/\" \/>\n<meta property=\"og:locale\" content=\"es_ES\" \/>\n<meta property=\"og:type\" content=\"article\" \/>\n<meta property=\"og:title\" content=\"Contacto | elParlante\" \/>\n<meta property=\"og:description\" content=\"Si quieres contactar con nosotros, puedes hacerlo llamando o WhatsApp al 665 31 64 88 o escribi\u00e9ndonos a comunicacion@elparlante.es\" \/>\n<meta property=\"og:url\" content=\"https:\/\/elparlante.es\/es\/contacto\/\" \/>\n<meta property=\"og:site_name\" content=\"elParlante\" \/>\n<meta property=\"article:publisher\" content=\"https:\/\/www.facebook.com\/elParlante.es\" \/>\n<meta property=\"article:modified_time\" content=\"2026-02-11T15:07:04+00:00\" \/>\n<meta property=\"og:image\" content=\"https:\/\/elparlante.es\/wp-content\/uploads\/2022\/12\/elparlante-header.png\" \/>\n\t<meta property=\"og:image:width\" content=\"162\" \/>\n\t<meta property=\"og:image:height\" content=\"140\" \/>\n\t<meta property=\"og:image:type\" content=\"image\/png\" \/>\n<meta name=\"twitter:card\" content=\"summary_large_image\" \/>\n<meta name=\"twitter:site\" content=\"@elParlanteBCN\" \/>\n<meta name=\"twitter:label1\" content=\"Tiempo de lectura\" \/>\n\t<meta name=\"twitter:data1\" content=\"9 minutos\" \/>\n<script type=\"application\/ld+json\" class=\"yoast-schema-graph\">{\"@context\":\"https:\/\/schema.org\",\"@graph\":[{\"@type\":\"WebPage\",\"@id\":\"https:\/\/elparlante.es\/es\/contacto\/\",\"url\":\"https:\/\/elparlante.es\/es\/contacto\/\",\"name\":\"Contacto | elParlante\",\"isPartOf\":{\"@id\":\"https:\/\/elparlante.es\/es\/#website\"},\"datePublished\":\"2023-03-08T15:08:36+00:00\",\"dateModified\":\"2026-02-11T15:07:04+00:00\",\"description\":\"Si quieres contactar con nosotros, puedes hacerlo llamando o WhatsApp al 665 31 64 88 o escribi\u00e9ndonos a comunicacion@elparlante.es\",\"breadcrumb\":{\"@id\":\"https:\/\/elparlante.es\/es\/contacto\/#breadcrumb\"},\"inLanguage\":\"es\",\"potentialAction\":[{\"@type\":\"ReadAction\",\"target\":[\"https:\/\/elparlante.es\/es\/contacto\/\"]}]},{\"@type\":\"BreadcrumbList\",\"@id\":\"https:\/\/elparlante.es\/es\/contacto\/#breadcrumb\",\"itemListElement\":[{\"@type\":\"ListItem\",\"position\":1,\"name\":\"Portada\",\"item\":\"https:\/\/elparlante.es\/es\/\"},{\"@type\":\"ListItem\",\"position\":2,\"name\":\"Contacto\"}]},{\"@type\":\"WebSite\",\"@id\":\"https:\/\/elparlante.es\/es\/#website\",\"url\":\"https:\/\/elparlante.es\/es\/\",\"name\":\"elParlante\",\"description\":\"ElParlante es una entidad de car\u00e1cter cultural, social y educativo, fundada en 2009. Entendemos la comunicaci\u00f3n como un proceso de di\u00e1logo constante, y utilizamos las tecnolog\u00edas audiovisuales como instrumentos de transformaci\u00f3n y cambio. Dise\u00f1amos, implementamos y evaluamos estrategias que vinculan la Educaci\u00f3n y la Comunicaci\u00f3n para la promoci\u00f3n de una ciudadan\u00eda m\u00e1s activa.\",\"alternateName\":\"elParlante\",\"potentialAction\":[{\"@type\":\"SearchAction\",\"target\":{\"@type\":\"EntryPoint\",\"urlTemplate\":\"https:\/\/elparlante.es\/es\/?s={search_term_string}\"},\"query-input\":{\"@type\":\"PropertyValueSpecification\",\"valueRequired\":true,\"valueName\":\"search_term_string\"}}],\"inLanguage\":\"es\"}]}<\/script>\n<!-- \/ Yoast SEO plugin. -->","yoast_head_json":{"title":"Contacto | elParlante","description":"Si quieres contactar con nosotros, puedes hacerlo llamando o WhatsApp al 665 31 64 88 o escribi\u00e9ndonos a comunicacion@elparlante.es","robots":{"index":"index","follow":"follow","max-snippet":"max-snippet:-1","max-image-preview":"max-image-preview:large","max-video-preview":"max-video-preview:-1"},"canonical":"https:\/\/elparlante.es\/es\/contacto\/","og_locale":"es_ES","og_type":"article","og_title":"Contacto | elParlante","og_description":"Si quieres contactar con nosotros, puedes hacerlo llamando o WhatsApp al 665 31 64 88 o escribi\u00e9ndonos a comunicacion@elparlante.es","og_url":"https:\/\/elparlante.es\/es\/contacto\/","og_site_name":"elParlante","article_publisher":"https:\/\/www.facebook.com\/elParlante.es","article_modified_time":"2026-02-11T15:07:04+00:00","og_image":[{"width":162,"height":140,"url":"https:\/\/elparlante.es\/wp-content\/uploads\/2022\/12\/elparlante-header.png","type":"image\/png"}],"twitter_card":"summary_large_image","twitter_site":"@elParlanteBCN","twitter_misc":{"Tiempo de lectura":"9 minutos"},"schema":{"@context":"https:\/\/schema.org","@graph":[{"@type":"WebPage","@id":"https:\/\/elparlante.es\/es\/contacto\/","url":"https:\/\/elparlante.es\/es\/contacto\/","name":"Contacto | elParlante","isPartOf":{"@id":"https:\/\/elparlante.es\/es\/#website"},"datePublished":"2023-03-08T15:08:36+00:00","dateModified":"2026-02-11T15:07:04+00:00","description":"Si quieres contactar con nosotros, puedes hacerlo llamando o WhatsApp al 665 31 64 88 o escribi\u00e9ndonos a comunicacion@elparlante.es","breadcrumb":{"@id":"https:\/\/elparlante.es\/es\/contacto\/#breadcrumb"},"inLanguage":"es","potentialAction":[{"@type":"ReadAction","target":["https:\/\/elparlante.es\/es\/contacto\/"]}]},{"@type":"BreadcrumbList","@id":"https:\/\/elparlante.es\/es\/contacto\/#breadcrumb","itemListElement":[{"@type":"ListItem","position":1,"name":"Portada","item":"https:\/\/elparlante.es\/es\/"},{"@type":"ListItem","position":2,"name":"Contacto"}]},{"@type":"WebSite","@id":"https:\/\/elparlante.es\/es\/#website","url":"https:\/\/elparlante.es\/es\/","name":"elParlante","description":"ElParlante es una entidad de car\u00e1cter cultural, social y educativo, fundada en 2009. Entendemos la comunicaci\u00f3n como un proceso de di\u00e1logo constante, y utilizamos las tecnolog\u00edas audiovisuales como instrumentos de transformaci\u00f3n y cambio. Dise\u00f1amos, implementamos y evaluamos estrategias que vinculan la Educaci\u00f3n y la Comunicaci\u00f3n para la promoci\u00f3n de una ciudadan\u00eda m\u00e1s activa.","alternateName":"elParlante","potentialAction":[{"@type":"SearchAction","target":{"@type":"EntryPoint","urlTemplate":"https:\/\/elparlante.es\/es\/?s={search_term_string}"},"query-input":{"@type":"PropertyValueSpecification","valueRequired":true,"valueName":"search_term_string"}}],"inLanguage":"es"}]}},"_links":{"self":[{"href":"https:\/\/elparlante.es\/es\/wp-json\/wp\/v2\/pages\/7045","targetHints":{"allow":["GET"]}}],"collection":[{"href":"https:\/\/elparlante.es\/es\/wp-json\/wp\/v2\/pages"}],"about":[{"href":"https:\/\/elparlante.es\/es\/wp-json\/wp\/v2\/types\/page"}],"author":[{"embeddable":true,"href":"https:\/\/elparlante.es\/es\/wp-json\/wp\/v2\/users\/1"}],"replies":[{"embeddable":true,"href":"https:\/\/elparlante.es\/es\/wp-json\/wp\/v2\/comments?post=7045"}],"version-history":[{"count":3,"href":"https:\/\/elparlante.es\/es\/wp-json\/wp\/v2\/pages\/7045\/revisions"}],"predecessor-version":[{"id":8979,"href":"https:\/\/elparlante.es\/es\/wp-json\/wp\/v2\/pages\/7045\/revisions\/8979"}],"wp:attachment":[{"href":"https:\/\/elparlante.es\/es\/wp-json\/wp\/v2\/media?parent=7045"}],"curies":[{"name":"wp","href":"https:\/\/api.w.org\/{rel}","templated":true}]}}