{"id":7494,"date":"2023-09-08T16:17:49","date_gmt":"2023-09-08T14:17:49","guid":{"rendered":"https:\/\/elparlante.es\/web\/recursos\/"},"modified":"2023-10-16T07:45:26","modified_gmt":"2023-10-16T05:45:26","slug":"recursos","status":"publish","type":"page","link":"https:\/\/elparlante.es\/es\/recursos\/","title":{"rendered":"Recursos"},"content":{"rendered":"<p>[et_pb_section fb_built=\u00bb1&#8243; fullwidth=\u00bbon\u00bb _builder_version=\u00bb4.4.2&#8243; background_color=\u00bbrgba(0,0,0,0.37)\u00bb background_image=\u00bbhttps:\/\/elparlante.es\/web\/wp-content\/uploads\/2023\/09\/banner_recursos.jpg\u00bb background_blend=\u00bbmultiply\u00bb background_enable_video_mp4=\u00bboff\u00bb background_enable_video_webm=\u00bboff\u00bb custom_padding=\u00bb0px||200px|||\u00bb top_divider_style=\u00bbnone\u00bb top_divider_color=\u00bb#f25041&#8243;][et_pb_fullwidth_post_title meta=\u00bboff\u00bb featured_image=\u00bboff\u00bb text_color=\u00bblight\u00bb _builder_version=\u00bb4.4.2&#8243; title_font_size=\u00bb60px\u00bb][\/et_pb_fullwidth_post_title][\/et_pb_section][et_pb_section fb_built=\u00bb1&#8243; module_id=\u00bbmetodolog\u00eda\u00bb _builder_version=\u00bb4.4.2&#8243;][et_pb_row column_structure=\u00bb1_2,1_2&#8243; _builder_version=\u00bb4.4.2&#8243; custom_padding=\u00bb50px||12px|||\u00bb][et_pb_column type=\u00bb1_2&#8243; _builder_version=\u00bb4.4.2&#8243;][et_pb_text _builder_version=\u00bb4.4.2&#8243; header_font_size=\u00bb55px\u00bb custom_margin=\u00bb|-38px||||\u00bb custom_padding=\u00bb|0px||0px||\u00bb]<\/p>\n<h2>Nuestra metodolog\u00eda<\/h2>\n<p>[\/et_pb_text][et_pb_text _builder_version=\u00bb4.4.2&#8243;]<\/p>\n<blockquote><p>Esta presentaci\u00f3n explica la metodolog\u00eda en la que se basan nuestras intervenciones y la forma en las que se complementan nuestras l\u00edneas estrat\u00e9gicas de trabajo.<\/p>\n<p>&nbsp;<\/p>\n<p><a href=\"https:\/\/elparlante.es\/web\/wp-content\/uploads\/2023\/09\/Metodologia_elParlante.pdf\" target=\"_blank\" rel=\"noopener noreferrer\"><img loading=\"lazy\" decoding=\"async\" src=\"https:\/\/foradequadre.org\/wp-content\/uploads\/2021\/07\/pdf.svg\" alt=\"\" width=\"22\" height=\"25\">  Descargar PDF<\/a><\/p><\/blockquote>\n<p>[\/et_pb_text][\/et_pb_column][et_pb_column type=\u00bb1_2&#8243; _builder_version=\u00bb4.4.2&#8243;][et_pb_code _builder_version=\u00bb4.4.2&#8243; custom_margin=\u00bb||-17px|||\u00bb]<iframe loading=\"lazy\" src=\"https:\/\/elparlante.es\/web\/wp-content\/uploads\/2023\/09\/Metodologia_elParlante.pdf\" height=\"350px\" width=\"100%\"><!-- [et_pb_line_break_holder] -->  <!-- [et_pb_line_break_holder] --><\/iframe>[\/et_pb_code][\/et_pb_column][\/et_pb_row][\/et_pb_section][et_pb_section fb_built=\u00bb1&#8243; prev_background_color=\u00bb#ffffff\u00bb module_id=\u00bbtesis\u00bb _builder_version=\u00bb4.4.2&#8243; background_color=\u00bbrgba(214,214,214,0.52)\u00bb custom_padding=\u00bb75px||30px|||\u00bb top_divider_style=\u00bbarrow2&#8243;][et_pb_row column_structure=\u00bb1_2,1_2&#8243; _builder_version=\u00bb4.4.2&#8243; custom_padding=\u00bb50px|||||\u00bb locked=\u00bboff\u00bb][et_pb_column type=\u00bb1_2&#8243; _builder_version=\u00bb4.4.2&#8243;][et_pb_text _builder_version=\u00bb4.4.2&#8243; header_font_size=\u00bb55px\u00bb custom_margin=\u00bb|-38px||||\u00bb custom_padding=\u00bb|0px||0px||\u00bb]<\/p>\n<h2>\u00bfDe d\u00f3nde venimos?<\/h2>\n<p>[\/et_pb_text][et_pb_text _builder_version=\u00bb4.4.2&#8243;]<\/p>\n<blockquote><p><span>Esta presentaci\u00f3n explica los resultados de la tesis doctoral que permiti\u00f3 sistematizar el trabajo delParlante durante varios a\u00f1os para generar un modelo propio de investigaci\u00f3n &#8211; acci\u00f3n &#8211; evaluaci\u00f3n.<\/span><\/p>\n<p>&nbsp;<\/p>\n<p><a href=\"https:\/\/elparlante.es\/web\/wp-content\/uploads\/2023\/09\/Tesis_elParlante.pdf\" target=\"_blank\" rel=\"noopener noreferrer\"><img loading=\"lazy\" decoding=\"async\" src=\"https:\/\/foradequadre.org\/wp-content\/uploads\/2021\/07\/pdf.svg\" alt=\"\" width=\"22\" height=\"25\">  Descargar PDF<\/a><\/p><\/blockquote>\n<p>[\/et_pb_text][\/et_pb_column][et_pb_column type=\u00bb1_2&#8243; _builder_version=\u00bb4.4.2&#8243;][et_pb_code _builder_version=\u00bb4.4.2&#8243; custom_padding=\u00bb||0px|||\u00bb]<iframe loading=\"lazy\" src=\"https:\/\/elparlante.es\/web\/wp-content\/uploads\/2023\/09\/Tesis_elParlante.pdf\" height=\"350px\" width=\"100%\"><!-- [et_pb_line_break_holder] -->  <!-- [et_pb_line_break_holder] --><\/iframe>[\/et_pb_code][\/et_pb_column][\/et_pb_row][\/et_pb_section][et_pb_section fb_built=\u00bb1&#8243; module_id=\u00bbformaciones\u00bb _builder_version=\u00bb4.4.2&#8243; background_color=\u00bb#323673&#8243; background_enable_image=\u00bboff\u00bb parallax=\u00bbon\u00bb][et_pb_row column_structure=\u00bb1_2,1_2&#8243; _builder_version=\u00bb4.4.2&#8243;][et_pb_column type=\u00bb1_2&#8243; _builder_version=\u00bb4.4.2&#8243;][et_pb_image src=\u00bbhttps:\/\/elparlante.es\/web\/wp-content\/uploads\/2023\/09\/Formacio-Educom.jpg\u00bb url=\u00bbhttps:\/\/elparlante.es\/educomunicacio\/\u00bb url_new_window=\u00bbon\u00bb _builder_version=\u00bb4.4.2&#8243;][\/et_pb_image][et_pb_text _builder_version=\u00bb4.4.2&#8243; text_text_color=\u00bb#ffffff\u00bb]<strong>FORMACI\u00d3N EN EDUCOMUNICACI\u00d3N &#8211; ARTE, CULTURA Y ACCI\u00d3N COMUNITARIA<\/strong><\/p>\n<p>Un espacio formativo y de intercambio para profesionales interesados\/as en \u00e1reas de la educaci\u00f3n, la comunicaci\u00f3n, el arte comunitario y la transformaci\u00f3n social.<\/p>\n<p>Es una formaci\u00f3n te\u00f3rico-pr\u00e1ctica impulsada por la Asociaci\u00f3n Cultural elParlante en colaboraci\u00f3n con la Universidad Pompeu Fabra, basada en<span> <\/span><span><strong>29 di\u00e1logos<\/strong><\/span><span> <\/span>con expertos\/as que trabajan la educaci\u00f3n desde la academia y las pr\u00e1cticas en el terreno.[\/et_pb_text][et_pb_button button_url=\u00bbhttps:\/\/elparlante.es\/educomunicacio\/\u00bb button_text=\u00bbINSCRIBE-TE\u00bb button_alignment=\u00bbcenter\u00bb _builder_version=\u00bb4.4.2&#8243; custom_button=\u00bbon\u00bb button_text_color=\u00bb#ffffff\u00bb][\/et_pb_button][\/et_pb_column][et_pb_column type=\u00bb1_2&#8243; _builder_version=\u00bb4.4.2&#8243;][et_pb_image src=\u00bbhttps:\/\/elparlante.es\/web\/wp-content\/uploads\/2023\/09\/llibre_educom.jpg\u00bb url=\u00bbhttps:\/\/neret.cat\/producte\/educomunicacion\/\u00bb url_new_window=\u00bbon\u00bb _builder_version=\u00bb4.4.2&#8243;][\/et_pb_image][et_pb_text _builder_version=\u00bb4.4.2&#8243; text_text_color=\u00bb#ffffff\u00bb]<strong>LIBRO \u00abEDUCOMUNICACI\u00d3N, 20 DI\u00c1LOGOS TE\u00d3RICO-PR\u00c1CTICOS\u00bb. De:  <\/strong><em><strong>Alfredo Cohen Montoya<\/strong><\/em><\/p>\n<p><span>Este libro est\u00e1 compuesto por 20 di\u00e1logos para so\u00f1ar y aprender, para compartir experiencias, tradiciones y emociones; para la construcci\u00f3n de sentido y comunidad. Uno  <\/span><em>metadi\u00e1logo<\/em><span>  que busca generar conocimiento aplicado a multitud de escenarios diferentes tanto en el Norte como en el Sur global. Di\u00e1logos desde la academia y desde el terreno.<\/span>[\/et_pb_text][et_pb_button button_url=\u00bbhttps:\/\/neret.cat\/producte\/educomunicacion\/\u00bb button_text=\u00bbCOMPRAR\u00bb button_alignment=\u00bbcenter\u00bb _builder_version=\u00bb4.4.2&#8243; custom_button=\u00bbon\u00bb button_text_color=\u00bb#ffffff\u00bb][\/et_pb_button][\/et_pb_column][\/et_pb_row][\/et_pb_section]<\/p>\n","protected":false},"excerpt":{"rendered":"<p>elParlante te ofrece recursos y formaci\u00f3n sobre nuestra estrategia y metodolog\u00eda utilizando la educaci\u00f3n.<\/p>\n","protected":false},"author":1,"featured_media":6688,"parent":0,"menu_order":0,"comment_status":"closed","ping_status":"closed","template":"","meta":{"_et_pb_use_builder":"on","_et_pb_old_content":"","_et_gb_content_width":"","_monsterinsights_skip_tracking":false,"_monsterinsights_sitenote_active":false,"_monsterinsights_sitenote_note":"","_monsterinsights_sitenote_category":0,"footnotes":""},"class_list":["post-7494","page","type-page","status-publish","has-post-thumbnail","hentry"],"yoast_head":"<!-- This site is optimized with the Yoast SEO plugin v27.2 - https:\/\/yoast.com\/product\/yoast-seo-wordpress\/ -->\n<title>Recursos | elParlante<\/title>\n<meta name=\"description\" content=\"elParlante te ofrece recursos y formaci\u00f3n sobre nuestra estrategia y metodolog\u00eda utilizando la educaci\u00f3n.\" \/>\n<meta name=\"robots\" content=\"index, follow, max-snippet:-1, max-image-preview:large, max-video-preview:-1\" \/>\n<link rel=\"canonical\" href=\"https:\/\/elparlante.es\/es\/recursos\/\" \/>\n<meta property=\"og:locale\" content=\"es_ES\" \/>\n<meta property=\"og:type\" content=\"article\" \/>\n<meta property=\"og:title\" content=\"Recursos | elParlante\" \/>\n<meta property=\"og:description\" content=\"elParlante te ofrece recursos y formaci\u00f3n sobre nuestra estrategia y metodolog\u00eda utilizando la educaci\u00f3n.\" \/>\n<meta property=\"og:url\" content=\"https:\/\/elparlante.es\/es\/recursos\/\" \/>\n<meta property=\"og:site_name\" content=\"elParlante\" \/>\n<meta property=\"article:publisher\" content=\"https:\/\/www.facebook.com\/elParlante.es\" \/>\n<meta property=\"article:modified_time\" content=\"2023-10-16T05:45:26+00:00\" \/>\n<meta property=\"og:image\" content=\"https:\/\/elparlante.es\/wp-content\/uploads\/2023\/02\/Cocreacio-scaled.jpg\" \/>\n\t<meta property=\"og:image:width\" content=\"2560\" \/>\n\t<meta property=\"og:image:height\" content=\"1707\" \/>\n\t<meta property=\"og:image:type\" content=\"image\/jpeg\" \/>\n<meta name=\"twitter:card\" content=\"summary_large_image\" \/>\n<meta name=\"twitter:site\" content=\"@elParlanteBCN\" \/>\n<meta name=\"twitter:label1\" content=\"Tiempo de lectura\" \/>\n\t<meta name=\"twitter:data1\" content=\"3 minutos\" \/>\n<script type=\"application\/ld+json\" class=\"yoast-schema-graph\">{\"@context\":\"https:\/\/schema.org\",\"@graph\":[{\"@type\":\"WebPage\",\"@id\":\"https:\/\/elparlante.es\/es\/recursos\/\",\"url\":\"https:\/\/elparlante.es\/es\/recursos\/\",\"name\":\"Recursos | elParlante\",\"isPartOf\":{\"@id\":\"https:\/\/elparlante.es\/es\/#website\"},\"primaryImageOfPage\":{\"@id\":\"https:\/\/elparlante.es\/es\/recursos\/#primaryimage\"},\"image\":{\"@id\":\"https:\/\/elparlante.es\/es\/recursos\/#primaryimage\"},\"thumbnailUrl\":\"https:\/\/elparlante.es\/wp-content\/uploads\/2023\/02\/Cocreacio-scaled.jpg\",\"datePublished\":\"2023-09-08T14:17:49+00:00\",\"dateModified\":\"2023-10-16T05:45:26+00:00\",\"description\":\"elParlante te ofrece recursos y formaci\u00f3n sobre nuestra estrategia y metodolog\u00eda utilizando la educaci\u00f3n.\",\"breadcrumb\":{\"@id\":\"https:\/\/elparlante.es\/es\/recursos\/#breadcrumb\"},\"inLanguage\":\"es\",\"potentialAction\":[{\"@type\":\"ReadAction\",\"target\":[\"https:\/\/elparlante.es\/es\/recursos\/\"]}]},{\"@type\":\"ImageObject\",\"inLanguage\":\"es\",\"@id\":\"https:\/\/elparlante.es\/es\/recursos\/#primaryimage\",\"url\":\"https:\/\/elparlante.es\/wp-content\/uploads\/2023\/02\/Cocreacio-scaled.jpg\",\"contentUrl\":\"https:\/\/elparlante.es\/wp-content\/uploads\/2023\/02\/Cocreacio-scaled.jpg\",\"width\":2560,\"height\":1707},{\"@type\":\"BreadcrumbList\",\"@id\":\"https:\/\/elparlante.es\/es\/recursos\/#breadcrumb\",\"itemListElement\":[{\"@type\":\"ListItem\",\"position\":1,\"name\":\"Portada\",\"item\":\"https:\/\/elparlante.es\/es\/\"},{\"@type\":\"ListItem\",\"position\":2,\"name\":\"Recursos\"}]},{\"@type\":\"WebSite\",\"@id\":\"https:\/\/elparlante.es\/es\/#website\",\"url\":\"https:\/\/elparlante.es\/es\/\",\"name\":\"elParlante\",\"description\":\"ElParlante es una entidad de car\u00e1cter cultural, social y educativo, fundada en 2009. Entendemos la comunicaci\u00f3n como un proceso de di\u00e1logo constante, y utilizamos las tecnolog\u00edas audiovisuales como instrumentos de transformaci\u00f3n y cambio. Dise\u00f1amos, implementamos y evaluamos estrategias que vinculan la Educaci\u00f3n y la Comunicaci\u00f3n para la promoci\u00f3n de una ciudadan\u00eda m\u00e1s activa.\",\"alternateName\":\"elParlante\",\"potentialAction\":[{\"@type\":\"SearchAction\",\"target\":{\"@type\":\"EntryPoint\",\"urlTemplate\":\"https:\/\/elparlante.es\/es\/?s={search_term_string}\"},\"query-input\":{\"@type\":\"PropertyValueSpecification\",\"valueRequired\":true,\"valueName\":\"search_term_string\"}}],\"inLanguage\":\"es\"}]}<\/script>\n<!-- \/ Yoast SEO plugin. -->","yoast_head_json":{"title":"Recursos | elParlante","description":"elParlante te ofrece recursos y formaci\u00f3n sobre nuestra estrategia y metodolog\u00eda utilizando la educaci\u00f3n.","robots":{"index":"index","follow":"follow","max-snippet":"max-snippet:-1","max-image-preview":"max-image-preview:large","max-video-preview":"max-video-preview:-1"},"canonical":"https:\/\/elparlante.es\/es\/recursos\/","og_locale":"es_ES","og_type":"article","og_title":"Recursos | elParlante","og_description":"elParlante te ofrece recursos y formaci\u00f3n sobre nuestra estrategia y metodolog\u00eda utilizando la educaci\u00f3n.","og_url":"https:\/\/elparlante.es\/es\/recursos\/","og_site_name":"elParlante","article_publisher":"https:\/\/www.facebook.com\/elParlante.es","article_modified_time":"2023-10-16T05:45:26+00:00","og_image":[{"width":2560,"height":1707,"url":"https:\/\/elparlante.es\/wp-content\/uploads\/2023\/02\/Cocreacio-scaled.jpg","type":"image\/jpeg"}],"twitter_card":"summary_large_image","twitter_site":"@elParlanteBCN","twitter_misc":{"Tiempo de lectura":"3 minutos"},"schema":{"@context":"https:\/\/schema.org","@graph":[{"@type":"WebPage","@id":"https:\/\/elparlante.es\/es\/recursos\/","url":"https:\/\/elparlante.es\/es\/recursos\/","name":"Recursos | elParlante","isPartOf":{"@id":"https:\/\/elparlante.es\/es\/#website"},"primaryImageOfPage":{"@id":"https:\/\/elparlante.es\/es\/recursos\/#primaryimage"},"image":{"@id":"https:\/\/elparlante.es\/es\/recursos\/#primaryimage"},"thumbnailUrl":"https:\/\/elparlante.es\/wp-content\/uploads\/2023\/02\/Cocreacio-scaled.jpg","datePublished":"2023-09-08T14:17:49+00:00","dateModified":"2023-10-16T05:45:26+00:00","description":"elParlante te ofrece recursos y formaci\u00f3n sobre nuestra estrategia y metodolog\u00eda utilizando la educaci\u00f3n.","breadcrumb":{"@id":"https:\/\/elparlante.es\/es\/recursos\/#breadcrumb"},"inLanguage":"es","potentialAction":[{"@type":"ReadAction","target":["https:\/\/elparlante.es\/es\/recursos\/"]}]},{"@type":"ImageObject","inLanguage":"es","@id":"https:\/\/elparlante.es\/es\/recursos\/#primaryimage","url":"https:\/\/elparlante.es\/wp-content\/uploads\/2023\/02\/Cocreacio-scaled.jpg","contentUrl":"https:\/\/elparlante.es\/wp-content\/uploads\/2023\/02\/Cocreacio-scaled.jpg","width":2560,"height":1707},{"@type":"BreadcrumbList","@id":"https:\/\/elparlante.es\/es\/recursos\/#breadcrumb","itemListElement":[{"@type":"ListItem","position":1,"name":"Portada","item":"https:\/\/elparlante.es\/es\/"},{"@type":"ListItem","position":2,"name":"Recursos"}]},{"@type":"WebSite","@id":"https:\/\/elparlante.es\/es\/#website","url":"https:\/\/elparlante.es\/es\/","name":"elParlante","description":"ElParlante es una entidad de car\u00e1cter cultural, social y educativo, fundada en 2009. Entendemos la comunicaci\u00f3n como un proceso de di\u00e1logo constante, y utilizamos las tecnolog\u00edas audiovisuales como instrumentos de transformaci\u00f3n y cambio. Dise\u00f1amos, implementamos y evaluamos estrategias que vinculan la Educaci\u00f3n y la Comunicaci\u00f3n para la promoci\u00f3n de una ciudadan\u00eda m\u00e1s activa.","alternateName":"elParlante","potentialAction":[{"@type":"SearchAction","target":{"@type":"EntryPoint","urlTemplate":"https:\/\/elparlante.es\/es\/?s={search_term_string}"},"query-input":{"@type":"PropertyValueSpecification","valueRequired":true,"valueName":"search_term_string"}}],"inLanguage":"es"}]}},"_links":{"self":[{"href":"https:\/\/elparlante.es\/es\/wp-json\/wp\/v2\/pages\/7494","targetHints":{"allow":["GET"]}}],"collection":[{"href":"https:\/\/elparlante.es\/es\/wp-json\/wp\/v2\/pages"}],"about":[{"href":"https:\/\/elparlante.es\/es\/wp-json\/wp\/v2\/types\/page"}],"author":[{"embeddable":true,"href":"https:\/\/elparlante.es\/es\/wp-json\/wp\/v2\/users\/1"}],"replies":[{"embeddable":true,"href":"https:\/\/elparlante.es\/es\/wp-json\/wp\/v2\/comments?post=7494"}],"version-history":[{"count":2,"href":"https:\/\/elparlante.es\/es\/wp-json\/wp\/v2\/pages\/7494\/revisions"}],"predecessor-version":[{"id":7501,"href":"https:\/\/elparlante.es\/es\/wp-json\/wp\/v2\/pages\/7494\/revisions\/7501"}],"wp:featuredmedia":[{"embeddable":true,"href":"https:\/\/elparlante.es\/es\/wp-json\/wp\/v2\/media\/6688"}],"wp:attachment":[{"href":"https:\/\/elparlante.es\/es\/wp-json\/wp\/v2\/media?parent=7494"}],"curies":[{"name":"wp","href":"https:\/\/api.w.org\/{rel}","templated":true}]}}